{"id":274639,"date":"2025-03-06T20:28:07","date_gmt":"2025-03-20T09:59:52","guid":{"rendered":"https:\/\/staging.nbg.eu\/product\/3m-peltor-protac-iii-slim-headset\/"},"modified":"2025-03-20T10:02:40","modified_gmt":"2025-03-20T10:02:40","slug":"3m-peltor-protac-iii-slim-kuulosuojain","status":"publish","type":"product","link":"https:\/\/staging.nbg.eu\/fi\/tuote\/3m-peltor-protac-iii-slim-kuulosuojain\/","title":{"rendered":"3M PELTOR ProTac III Slim Kuulosuojain"},"content":{"rendered":"<div class=\"product-description\">\n<h2>3M\u2122 PELTOR\u2122 ProTac III Slim -kuulonsuojain<\/h2>\n<p>ProTac III Slim -kuulonsuojain tarjoaa:<\/p>\n<ul>\n<li>23 dB:n melunvaimennusluokitus (NRR)<\/li>\n<li>Ymp\u00e4rist\u00f6mikrofonit tasosta riippuvaan kuulonsuojaukseen<\/li>\n<li>Ymp\u00e4rist\u00f6n \u00e4\u00e4nten kuuntelumahdollisuus<\/li>\n<li>\u00c4\u00e4nenvoimakkuuden rajoitus 82 dBA:han<\/li>\n<li>3,5 mm:n kuunteluliit\u00e4nt\u00e4 ulkoisille laitteille (puhelimet, radiopuhelimet, musiikkisoittimet)<\/li>\n<\/ul>\n<p>Ominaisuudet:<\/p>\n<ul>\n<li>Musta muotoilu<\/li>\n<li>P\u00e4\u00e4panta<\/li>\n<li>Langallinen yhteys<\/li>\n<\/ul>\n<p>Sopii ammattilaisille, jotka tarvitsevat viestint\u00e4mahdollisuuksia ja kuulonsuojausta.<\/p>\n<\/div>\n","protected":false},"excerpt":{"rendered":"<p>\u00c4lyk\u00e4s kuulonsuojaus ymp\u00e4rist\u00f6n \u00e4\u00e4nten kuuntelulla ja laiteyhteydell\u00e4.<\/p>\n","protected":false},"featured_media":245675,"template":"","meta":{"_acf_changed":false},"product_brand":[11010],"product_cat":[13187,13192],"product_tag":[],"class_list":{"0":"post-274639","1":"product","2":"type-product","3":"status-publish","4":"has-post-thumbnail","6":"product_brand-3m","7":"product_cat-kuulosuojaimet","8":"product_cat-varusteet","10":"first","11":"instock","12":"taxable","13":"shipping-taxable","14":"purchasable","15":"product-type-simple"},"acf":[],"_links":{"self":[{"href":"https:\/\/staging.nbg.eu\/fi\/wp-json\/wp\/v2\/product\/274639","targetHints":{"allow":["GET"]}}],"collection":[{"href":"https:\/\/staging.nbg.eu\/fi\/wp-json\/wp\/v2\/product"}],"about":[{"href":"https:\/\/staging.nbg.eu\/fi\/wp-json\/wp\/v2\/types\/product"}],"wp:featuredmedia":[{"embeddable":true,"href":"https:\/\/staging.nbg.eu\/fi\/wp-json\/wp\/v2\/media\/245675"}],"wp:attachment":[{"href":"https:\/\/staging.nbg.eu\/fi\/wp-json\/wp\/v2\/media?parent=274639"}],"wp:term":[{"taxonomy":"product_brand","embeddable":true,"href":"https:\/\/staging.nbg.eu\/fi\/wp-json\/wp\/v2\/product_brand?post=274639"},{"taxonomy":"product_cat","embeddable":true,"href":"https:\/\/staging.nbg.eu\/fi\/wp-json\/wp\/v2\/product_cat?post=274639"},{"taxonomy":"product_tag","embeddable":true,"href":"https:\/\/staging.nbg.eu\/fi\/wp-json\/wp\/v2\/product_tag?post=274639"}],"curies":[{"name":"wp","href":"https:\/\/api.w.org\/{rel}","templated":true}]}}