{"id":274515,"date":"2025-03-03T19:48:45","date_gmt":"2025-03-03T19:48:45","guid":{"rendered":"https:\/\/staging.nbg.eu\/product\/daa-dry-fire-target-set-classic-ipsc\/"},"modified":"2025-03-20T09:16:52","modified_gmt":"2025-03-20T09:16:52","slug":"daa-kuivalaukausmaalitaulu-sarja-classic-ipsc","status":"publish","type":"product","link":"https:\/\/staging.nbg.eu\/fi\/tuote\/daa-kuivalaukausmaalitaulu-sarja-classic-ipsc\/","title":{"rendered":"DAA Kuivalaukausmaalitaulu sarja (Classic-IPSC)"},"content":{"rendered":"<h2>DAA Kuivalaukaisumaalisarja (Klassinen-IPSC)<\/h2>\n<p>Kuivalaukaisumaalisarja, joka sis\u00e4lt\u00e4\u00e4 20 skaalattua IPSC-klassikkomaalia. Sopii sis\u00e4harjoitteluun. Puiset maalit on leikattu laserilla ja ne simuloivat todellisia et\u00e4isyyksi\u00e4 ja t\u00e4ht\u00e4inkuvia.<\/p>\n<ul>\n<li>3 mm paksut puulevyt<\/li>\n<li>Koot: 32% (18,5 cm), 20% (11,5 cm) ja 12% (6,8 cm) t\u00e4ysikokoisista maaleista<\/li>\n<li>Sis\u00e4lt\u00e4\u00e4 3 pient\u00e4 popperimaalia ja osittaisia maaleja<\/li>\n<li>Ripustusrei\u00e4t asennusta varten<\/li>\n<\/ul>\n<p>Harjoittele ampumistekniikkaa ilman patruunakustannuksia tai rata-aikaa. K\u00e4yt\u00e4 omia varusteitasi ja kehit\u00e4 alitajuisia taitoja. Aseta maalit 2,5-3 metrin p\u00e4\u00e4h\u00e4n simuloidaksesi 15, 20 ja 30 metrin et\u00e4isyyksi\u00e4. Harjoittele t\u00e4ht\u00e4inkuvaa ja liipaisun hallintaa kotona.<\/p>\n<p>DAA Kuivalaukaisumaalisarja kuivalaukaisuharjoitteluun.<\/p>\n","protected":false},"excerpt":{"rendered":"<p>Realistisia, skaalattuja IPSC-maalitauluja tehokkaaseen kuivaharjoitteluun kotona.<\/p>\n","protected":false},"featured_media":235923,"template":"","meta":{"_acf_changed":false},"product_brand":[11270],"product_cat":[13223,13198],"product_tag":[],"class_list":{"0":"post-274515","1":"product","2":"type-product","3":"status-publish","4":"has-post-thumbnail","6":"product_brand-doublealpha","7":"product_cat-maalit","8":"product_cat-paperikohteet","10":"first","11":"outofstock","12":"taxable","13":"shipping-taxable","14":"purchasable","15":"product-type-simple"},"acf":[],"_links":{"self":[{"href":"https:\/\/staging.nbg.eu\/fi\/wp-json\/wp\/v2\/product\/274515","targetHints":{"allow":["GET"]}}],"collection":[{"href":"https:\/\/staging.nbg.eu\/fi\/wp-json\/wp\/v2\/product"}],"about":[{"href":"https:\/\/staging.nbg.eu\/fi\/wp-json\/wp\/v2\/types\/product"}],"wp:featuredmedia":[{"embeddable":true,"href":"https:\/\/staging.nbg.eu\/fi\/wp-json\/wp\/v2\/media\/235923"}],"wp:attachment":[{"href":"https:\/\/staging.nbg.eu\/fi\/wp-json\/wp\/v2\/media?parent=274515"}],"wp:term":[{"taxonomy":"product_brand","embeddable":true,"href":"https:\/\/staging.nbg.eu\/fi\/wp-json\/wp\/v2\/product_brand?post=274515"},{"taxonomy":"product_cat","embeddable":true,"href":"https:\/\/staging.nbg.eu\/fi\/wp-json\/wp\/v2\/product_cat?post=274515"},{"taxonomy":"product_tag","embeddable":true,"href":"https:\/\/staging.nbg.eu\/fi\/wp-json\/wp\/v2\/product_tag?post=274515"}],"curies":[{"name":"wp","href":"https:\/\/api.w.org\/{rel}","templated":true}]}}