{"id":214479,"date":"2024-09-02T10:51:57","date_gmt":"2025-02-19T16:46:12","guid":{"rendered":"https:\/\/staging.nbg.eu\/product\/badger-ordnance-30mm-condition-one-accessory-ring-cap\/"},"modified":"2025-02-19T16:48:28","modified_gmt":"2025-02-19T16:48:28","slug":"badger-ordnance-30mm-condition-one-lisaevarusteenrenkaan-kansi","status":"publish","type":"product","link":"https:\/\/staging.nbg.eu\/fi\/tuote\/badger-ordnance-30mm-condition-one-lisaevarusteenrenkaan-kansi\/","title":{"rendered":"Badger Ordnance 30mm Condition One lis\u00e4varusteenrenkaan kansi"},"content":{"rendered":"<div class=\"product-description\">\n<h2>BADGER ORDNANCE 30MM CONDITION ONE LIS\u00c4VARUSTERENGAS<\/h2>\n<p>Badger Ordnance 30MM Condition One lis\u00e4varusterengas on suunniteltu integroitumaan kiikarit\u00e4ht\u00e4imen kiinnitykseen, tarjoten lis\u00e4toimintoja ja mukautusmahdollisuuksia.<\/p>\n<ul>\n<li><strong>V\u00e4ri:<\/strong> Musta<\/li>\n<li><strong>Materiaali:<\/strong> 7075 T6 Alumiini<\/li>\n<li><strong>Alusta:<\/strong> Yleismalli, ei tietylle alustalle<\/li>\n<li><strong>Paino:<\/strong> 51 grammaa<\/li>\n<\/ul>\n<p>T\u00e4m\u00e4 lis\u00e4varusterengas tarjoaa kiinnitysratkaisun erilaisille lis\u00e4varusteille. Se on suunniteltu taktisille ja kilpa-ampujille.<\/p>\n<\/div>\n","protected":false},"excerpt":{"rendered":"<p>Kevyt alumiininen rengaskiinnike 30 mm:n kiikarit\u00e4ht\u00e4imille. Kest\u00e4v\u00e4 musta pintak\u00e4sittely.<\/p>\n","protected":false},"featured_media":83046,"template":"","meta":{"_acf_changed":false},"product_brand":[11084],"product_cat":[13225,13174,13169,13201],"product_tag":[],"class_list":{"0":"post-214479","1":"product","2":"type-product","3":"status-publish","4":"has-post-thumbnail","6":"product_brand-badger-ordnance","7":"product_cat-kivaeaeri","8":"product_cat-kivaeaerin-viritys","9":"product_cat-suurennetut-optiikka","10":"product_cat-taehtaeys","12":"first","13":"instock","14":"taxable","15":"shipping-taxable","16":"purchasable","17":"product-type-simple"},"acf":[],"_links":{"self":[{"href":"https:\/\/staging.nbg.eu\/fi\/wp-json\/wp\/v2\/product\/214479","targetHints":{"allow":["GET"]}}],"collection":[{"href":"https:\/\/staging.nbg.eu\/fi\/wp-json\/wp\/v2\/product"}],"about":[{"href":"https:\/\/staging.nbg.eu\/fi\/wp-json\/wp\/v2\/types\/product"}],"wp:featuredmedia":[{"embeddable":true,"href":"https:\/\/staging.nbg.eu\/fi\/wp-json\/wp\/v2\/media\/83046"}],"wp:attachment":[{"href":"https:\/\/staging.nbg.eu\/fi\/wp-json\/wp\/v2\/media?parent=214479"}],"wp:term":[{"taxonomy":"product_brand","embeddable":true,"href":"https:\/\/staging.nbg.eu\/fi\/wp-json\/wp\/v2\/product_brand?post=214479"},{"taxonomy":"product_cat","embeddable":true,"href":"https:\/\/staging.nbg.eu\/fi\/wp-json\/wp\/v2\/product_cat?post=214479"},{"taxonomy":"product_tag","embeddable":true,"href":"https:\/\/staging.nbg.eu\/fi\/wp-json\/wp\/v2\/product_tag?post=214479"}],"curies":[{"name":"wp","href":"https:\/\/api.w.org\/{rel}","templated":true}]}}