{"id":214282,"date":"2024-01-13T11:03:57","date_gmt":"2024-01-13T11:03:57","guid":{"rendered":"https:\/\/staging.nbg.eu\/product\/surefire-m640v-pro-scout-light-pro-infrared\/"},"modified":"2025-02-19T16:45:54","modified_gmt":"2025-02-19T16:45:54","slug":"surefire-m640v-pro-scout-light-pro-infrapuna","status":"publish","type":"product","link":"https:\/\/staging.nbg.eu\/fi\/tuote\/surefire-m640v-pro-scout-light-pro-infrapuna\/","title":{"rendered":"SureFire M640V-PRO (SCOUT LIGHT PRO INFRAPUNA)"},"content":{"rendered":"<div class=\"product-description\">\n<h2>SureFire M640V-PRO SCOUT LIGHT PRO INFRAPUNA<\/h2>\n<p>M640V-PRO ominaisuudet:<\/p>\n<ul>\n<li>Yhdistelm\u00e4valokuvio pitk\u00e4n matkan tunnistamiseen ja tilannetietoisuuteen<\/li>\n<li>Uusi matalaprofiilinen kiinnitys optimaaliseen sijoittamiseen ja yhteensopivuuteen kiskokiinnitteisten lis\u00e4varusteiden kanssa<\/li>\n<li>Monipuoliset kiinnitysvaihtoehdot Picatinny- tai M-Lok-kiskoille<\/li>\n<li>Kaksitaajuusominaisuus: 350 lumenia valkoista valoa \/ 120 mW infrapunal\u00e4ht\u00f6<\/li>\n<li>Helppo spektrin valinta kehyst\u00e4 k\u00e4\u00e4nt\u00e4m\u00e4ll\u00e4<\/li>\n<li>TIR-linssi pitk\u00e4lle ulottuvaan valokeilaan ja riitt\u00e4v\u00e4\u00e4n ymp\u00e4r\u00f6iv\u00e4\u00e4n valoon<\/li>\n<li>Yksinkertainen painonappiaktivointi takaosassa<\/li>\n<li>Kest\u00e4v\u00e4 ilmailualan alumiinirakenne Mil-Spec kovanodisoinnilla<\/li>\n<li>O-rengastiivistys kaikkiin s\u00e4\u00e4olosuhteisiin<\/li>\n<\/ul>\n<p>T\u00e4m\u00e4 kest\u00e4v\u00e4 ja monipuolinen asevalo soveltuu erilaisiin taktisiin tilanteisiin.<\/p>\n<\/div>\n","protected":false},"excerpt":{"rendered":"<p>Monik\u00e4ytt\u00f6inen IR-asevalo hybridi-valokeilalla ja matalaprofiilisella kiinnityksell\u00e4.<\/p>\n","protected":false},"featured_media":214283,"template":"","meta":{"_acf_changed":false},"product_brand":[11869],"product_cat":[13225,13176,13216],"product_tag":[],"class_list":{"0":"post-214282","1":"product","2":"type-product","3":"status-publish","4":"has-post-thumbnail","6":"product_brand-surefire","7":"product_cat-kivaeaeri","8":"product_cat-kivaeaerin-valot","9":"product_cat-valot","11":"first","12":"instock","13":"taxable","14":"shipping-taxable","15":"purchasable","16":"product-type-simple"},"acf":[],"_links":{"self":[{"href":"https:\/\/staging.nbg.eu\/fi\/wp-json\/wp\/v2\/product\/214282","targetHints":{"allow":["GET"]}}],"collection":[{"href":"https:\/\/staging.nbg.eu\/fi\/wp-json\/wp\/v2\/product"}],"about":[{"href":"https:\/\/staging.nbg.eu\/fi\/wp-json\/wp\/v2\/types\/product"}],"wp:featuredmedia":[{"embeddable":true,"href":"https:\/\/staging.nbg.eu\/fi\/wp-json\/wp\/v2\/media\/214283"}],"wp:attachment":[{"href":"https:\/\/staging.nbg.eu\/fi\/wp-json\/wp\/v2\/media?parent=214282"}],"wp:term":[{"taxonomy":"product_brand","embeddable":true,"href":"https:\/\/staging.nbg.eu\/fi\/wp-json\/wp\/v2\/product_brand?post=214282"},{"taxonomy":"product_cat","embeddable":true,"href":"https:\/\/staging.nbg.eu\/fi\/wp-json\/wp\/v2\/product_cat?post=214282"},{"taxonomy":"product_tag","embeddable":true,"href":"https:\/\/staging.nbg.eu\/fi\/wp-json\/wp\/v2\/product_tag?post=214282"}],"curies":[{"name":"wp","href":"https:\/\/api.w.org\/{rel}","templated":true}]}}