{"id":213903,"date":"2024-10-31T21:14:39","date_gmt":"2025-02-19T16:23:01","guid":{"rendered":"https:\/\/staging.nbg.eu\/product\/sabre-red-spray-52cft10-mk3-crossfire-gel-1-5oz-45ml\/"},"modified":"2025-02-19T16:25:35","modified_gmt":"2025-02-19T16:25:35","slug":"sabre-red-sumute-52cft10-mk3-crossfire-gel-15oz45ml","status":"publish","type":"product","link":"https:\/\/staging.nbg.eu\/fi\/tuote\/sabre-red-sumute-52cft10-mk3-crossfire-gel-15oz45ml\/","title":{"rendered":"Sabre Red sumute 52CFT10 MK3 Crossfire GEL 1.5oz\/45ml"},"content":{"rendered":"<div class=\"product-description\">\n<h2>Sabre Red 52CFT10-G MK-3 Crossfire Stream<\/h2>\n<p>T\u00e4m\u00e4 1,5 unssin pippurisumute on lainvalvontaviranomaisten k\u00e4yt\u00f6ss\u00e4 maailmanlaajuisesti. Ominaisuudet:<\/p>\n<ul>\n<li>SABRE Crossfire\u00ae -teknologia k\u00e4ytt\u00f6\u00f6n mist\u00e4 tahansa kulmasta<\/li>\n<li>8 yhden sekunnin suihkausta, kantama 15-20 jalkaa<\/li>\n<li>1,33% MC-koostumus<\/li>\n<li>5 vuoden s\u00e4ilyvyysaika<\/li>\n<li>ISO 9001:2008 -sertifioitu<\/li>\n<li>Testattu silm\u00e4-, iho- ja hengitystievaikutusten osalta<\/li>\n<li>UV-merkint\u00e4v\u00e4ri ep\u00e4illyn tunnistamiseen<\/li>\n<li>Palamaton ja EID-yhteensopiva<\/li>\n<\/ul>\n<p>Soveltuu lainvalvontaan ja henkil\u00f6kohtaiseen suojaukseen. Valmistettu Yhdysvalloissa, valmistaja Security Equipment Corp.<\/p>\n<\/div>\n","protected":false},"excerpt":{"rendered":"<p>Tehokas poliisik\u00e4ytt\u00f6\u00f6n tarkoitettu paprikasumute. Crossfire-teknologia, 4,5-6 metrin kantama.<\/p>\n","protected":false},"featured_media":75069,"template":"","meta":{"_acf_changed":false},"product_brand":[11752],"product_cat":[13215],"product_tag":[],"class_list":{"0":"post-213903","1":"product","2":"type-product","3":"status-publish","4":"has-post-thumbnail","6":"product_brand-sabre","7":"product_cat-edc","9":"first","10":"instock","11":"taxable","12":"shipping-taxable","13":"purchasable","14":"product-type-simple"},"acf":[],"_links":{"self":[{"href":"https:\/\/staging.nbg.eu\/fi\/wp-json\/wp\/v2\/product\/213903","targetHints":{"allow":["GET"]}}],"collection":[{"href":"https:\/\/staging.nbg.eu\/fi\/wp-json\/wp\/v2\/product"}],"about":[{"href":"https:\/\/staging.nbg.eu\/fi\/wp-json\/wp\/v2\/types\/product"}],"wp:featuredmedia":[{"embeddable":true,"href":"https:\/\/staging.nbg.eu\/fi\/wp-json\/wp\/v2\/media\/75069"}],"wp:attachment":[{"href":"https:\/\/staging.nbg.eu\/fi\/wp-json\/wp\/v2\/media?parent=213903"}],"wp:term":[{"taxonomy":"product_brand","embeddable":true,"href":"https:\/\/staging.nbg.eu\/fi\/wp-json\/wp\/v2\/product_brand?post=213903"},{"taxonomy":"product_cat","embeddable":true,"href":"https:\/\/staging.nbg.eu\/fi\/wp-json\/wp\/v2\/product_cat?post=213903"},{"taxonomy":"product_tag","embeddable":true,"href":"https:\/\/staging.nbg.eu\/fi\/wp-json\/wp\/v2\/product_tag?post=213903"}],"curies":[{"name":"wp","href":"https:\/\/api.w.org\/{rel}","templated":true}]}}