{"id":212891,"date":"2024-07-22T11:51:56","date_gmt":"2024-07-22T11:51:56","guid":{"rendered":"https:\/\/staging.nbg.eu\/product\/blue-force-gear-universal-wire-loop\/"},"modified":"2025-02-19T15:16:42","modified_gmt":"2025-02-19T15:16:42","slug":"blue-force-gear-yleiskaeyttoeinen-lankkasilmukka","status":"publish","type":"product","link":"https:\/\/staging.nbg.eu\/fi\/tuote\/blue-force-gear-yleiskaeyttoeinen-lankkasilmukka\/","title":{"rendered":"Blue Force Gear yleisk\u00e4ytt\u00f6inen lankkasilmukka"},"content":{"rendered":"<h2>Blue Force Gear Universal Wire Loop<\/h2>\n<p>Universal Wire Loop (UWL\u2122) on monik\u00e4ytt\u00f6inen hihnan kiinnityspiste. Saatavilla 3,25&#8243;, 4,5&#8243; ja 6,25&#8243; pituisina. Ominaisuudet:<\/p>\n<ul>\n<li>Joustava nailonp\u00e4\u00e4llysteinen ruostumaton ter\u00e4svaijeri<\/li>\n<li>CNC-koneistettu 6061-T6 alumiinirunko heijastamattomalla pinnalla<\/li>\n<li>Kova anodisointi kest\u00e4vyyden parantamiseksi<\/li>\n<li>Lentokoneluokan kaapeli pallonivelp\u00e4ill\u00e4<\/li>\n<li>Hiljaisempi ja vahvempi kuin perinteiset koukkukiinnitykset<\/li>\n<li>Ei kulu silmukoiden l\u00e4pi<\/li>\n<\/ul>\n<p>Sopii k\u00e4ytett\u00e4v\u00e4ksi Vickers Combat Applications Slings\u2122 -hihnojen kanssa. UWL\u2122 tarjoaa useita kiinnitysvaihtoehtoja. Vaikka \u00e4\u00e4rimm\u00e4inen piipun kuumuus voi vaurioittaa ulkopintaa, ruostumaton ydin s\u00e4ilyy ehj\u00e4n\u00e4.<\/p>\n","protected":false},"excerpt":{"rendered":"<p>Monipuolinen hihnakiinnike joustavalla langalla erilaisiin kiinnitysvaihtoehtoihin.<\/p>\n","protected":false},"featured_media":50102,"template":"","meta":{"_acf_changed":false},"product_brand":[11127],"product_cat":[13188,13192],"product_tag":[],"class_list":{"0":"post-212891","1":"product","2":"type-product","3":"status-publish","4":"has-post-thumbnail","6":"product_brand-blue-force-gear","7":"product_cat-hihnat","8":"product_cat-varusteet","10":"first","11":"instock","12":"taxable","13":"shipping-taxable","14":"purchasable","15":"product-type-variable","16":"wvs-archive-product-wrapper"},"acf":[],"_links":{"self":[{"href":"https:\/\/staging.nbg.eu\/fi\/wp-json\/wp\/v2\/product\/212891","targetHints":{"allow":["GET"]}}],"collection":[{"href":"https:\/\/staging.nbg.eu\/fi\/wp-json\/wp\/v2\/product"}],"about":[{"href":"https:\/\/staging.nbg.eu\/fi\/wp-json\/wp\/v2\/types\/product"}],"wp:featuredmedia":[{"embeddable":true,"href":"https:\/\/staging.nbg.eu\/fi\/wp-json\/wp\/v2\/media\/50102"}],"wp:attachment":[{"href":"https:\/\/staging.nbg.eu\/fi\/wp-json\/wp\/v2\/media?parent=212891"}],"wp:term":[{"taxonomy":"product_brand","embeddable":true,"href":"https:\/\/staging.nbg.eu\/fi\/wp-json\/wp\/v2\/product_brand?post=212891"},{"taxonomy":"product_cat","embeddable":true,"href":"https:\/\/staging.nbg.eu\/fi\/wp-json\/wp\/v2\/product_cat?post=212891"},{"taxonomy":"product_tag","embeddable":true,"href":"https:\/\/staging.nbg.eu\/fi\/wp-json\/wp\/v2\/product_tag?post=212891"}],"curies":[{"name":"wp","href":"https:\/\/api.w.org\/{rel}","templated":true}]}}