{"id":212077,"date":"2024-07-30T18:47:47","date_gmt":"2025-02-19T14:29:14","guid":{"rendered":"https:\/\/staging.nbg.eu\/product\/surefire-xsc-weaponlight\/"},"modified":"2025-02-19T14:30:51","modified_gmt":"2025-02-19T14:30:51","slug":"surefire-xsc-asetaktiikkavalo","status":"publish","type":"product","link":"https:\/\/staging.nbg.eu\/fi\/tuote\/surefire-xsc-asetaktiikkavalo\/","title":{"rendered":"SureFire XSC asetaktiikkavalo"},"content":{"rendered":"<div class=\"product-description\">\n<h2>SureFire XSC ASEVALO<\/h2>\n<p>SureFire XSC on asevalo, joka on suunniteltu erityisesti suosituille mikro- ja alikompakteille pistooleille. T\u00e4m\u00e4 ty\u00f6kalu on hy\u00f6dyllinen h\u00e4m\u00e4riss\u00e4 olosuhteissa.<\/p>\n<h2>Ominaisuudet:<\/h2>\n<ul>\n<li>350 lumenia valkoista valoa<\/li>\n<li>Hybridi valokuvio kohteen tunnistamiseen<\/li>\n<li>Eritt\u00e4in kompakti ja kest\u00e4v\u00e4 rakenne<\/li>\n<li>Ladattava litiumpolymeeriakku nopealla vaihdolla<\/li>\n<li>Intuitiivinen, molempik\u00e4tinen kytkin<\/li>\n<li>Mil-Spec kova anodisoitu ilmailualan alumiinirunko<\/li>\n<li>IPX4-luokiteltu s\u00e4\u00e4nkest\u00e4vyys<\/li>\n<\/ul>\n<h2>Tekniset tiedot:<\/h2>\n<ul>\n<li>Teho: 350 Lumenia<\/li>\n<li>K\u00e4ytt\u00f6aika: 30 minuuttia<\/li>\n<li>Paino: 1,7 unssia (48,2 g)<\/li>\n<li>Pituus: 1,94 tuumaa (4,9 cm)<\/li>\n<li>Huippuvaloteho: 2 000 Kandelaa<\/li>\n<li>Valaistuset\u00e4isyys: 90 metri\u00e4<\/li>\n<\/ul>\n<p>Valitse oikea malli aseellesi:<\/p>\n<ul>\n<li>XSC-A kiskollisille Glock 43X &amp; 48<\/li>\n<li>XSC-P365 SIG SAUER P365 &amp; P365 XL:lle<\/li>\n<li>XSC-HELLCAT Springfield Armory Hellcatille<\/li>\n<li>XSC-B erilaisille muille alikompakteille malleille<\/li>\n<\/ul>\n<p>SureFire XSC ASEVALO on vaihtoehto tehokkaaseen valaistukseen kriittisiss\u00e4 tilanteissa.<\/p>\n<\/div>\n","protected":false},"excerpt":{"rendered":"<p>Kompakti, tehokas 350 lumenin valo piilokantoaseille.<\/p>\n","protected":false},"featured_media":212078,"template":"","meta":{"_acf_changed":false},"product_brand":[11869],"product_cat":[13182,13209,13216],"product_tag":[],"class_list":{"0":"post-212077","1":"product","2":"type-product","3":"status-publish","4":"has-post-thumbnail","6":"product_brand-surefire","7":"product_cat-pistooli","8":"product_cat-pistoolin-valot","9":"product_cat-valot","10":"pa_light-p-365-fi","11":"pa_light-xsc-a-fi","12":"pa_light-xsc-b-fi","14":"first","15":"instock","16":"taxable","17":"shipping-taxable","18":"purchasable","19":"product-type-variable","20":"wvs-archive-product-wrapper"},"acf":[],"_links":{"self":[{"href":"https:\/\/staging.nbg.eu\/fi\/wp-json\/wp\/v2\/product\/212077","targetHints":{"allow":["GET"]}}],"collection":[{"href":"https:\/\/staging.nbg.eu\/fi\/wp-json\/wp\/v2\/product"}],"about":[{"href":"https:\/\/staging.nbg.eu\/fi\/wp-json\/wp\/v2\/types\/product"}],"wp:featuredmedia":[{"embeddable":true,"href":"https:\/\/staging.nbg.eu\/fi\/wp-json\/wp\/v2\/media\/212078"}],"wp:attachment":[{"href":"https:\/\/staging.nbg.eu\/fi\/wp-json\/wp\/v2\/media?parent=212077"}],"wp:term":[{"taxonomy":"product_brand","embeddable":true,"href":"https:\/\/staging.nbg.eu\/fi\/wp-json\/wp\/v2\/product_brand?post=212077"},{"taxonomy":"product_cat","embeddable":true,"href":"https:\/\/staging.nbg.eu\/fi\/wp-json\/wp\/v2\/product_cat?post=212077"},{"taxonomy":"product_tag","embeddable":true,"href":"https:\/\/staging.nbg.eu\/fi\/wp-json\/wp\/v2\/product_tag?post=212077"}],"curies":[{"name":"wp","href":"https:\/\/api.w.org\/{rel}","templated":true}]}}