{"id":211489,"date":"2024-01-24T19:30:39","date_gmt":"2025-02-19T13:01:57","guid":{"rendered":"https:\/\/staging.nbg.eu\/product\/iosso-bolt-carrier-brush\/"},"modified":"2025-02-19T13:14:20","modified_gmt":"2025-02-19T13:14:20","slug":"iosso-lukkorungon-harja","status":"publish","type":"product","link":"https:\/\/staging.nbg.eu\/fi\/tuote\/iosso-lukkorungon-harja\/","title":{"rendered":"Iosso lukkorungon harja"},"content":{"rendered":"<p style=\"text-align: center\"><strong><span style=\"font-size: 170%\">losso Lukonkehyksen harjat<\/span><\/strong><\/p>\n<p>T\u00e4m\u00e4 sarja sis\u00e4lt\u00e4\u00e4 lukonkehyksen ja patruunapes\u00e4n harjoja. Ne on mitoitettu tarkasti tarkkaa puhdistusta varten. Ne on valmistettu sinisest\u00e4 kuidusta, joka on paksu, j\u00e4ykk\u00e4 ja s\u00e4ilytt\u00e4\u00e4 muotonsa hyvin. T\u00e4m\u00e4 mahdollistaa edestakaisen liikkeen toisin kuin perinteiset messinki- ja pronssityyppiset harjat. Niit\u00e4 voidaan k\u00e4ytt\u00e4\u00e4 useita kertoja ennen kulumista.<\/p>\n<table width=\"305\">\n<tbody>\n<tr>\n<td width=\"305\"><strong>AR-15 Lukonkehys tapilla 2 kpl<\/strong><\/td>\n<\/tr>\n<tr>\n<td><strong>AR.308 Kiv\u00e4\u00e4rin lukonkehys tapilla 2 kpl<\/strong><\/td>\n<\/tr>\n<\/tbody>\n<\/table>\n","protected":false},"excerpt":{"rendered":"<p><strong>Mitoitettu tarkasti t\u00e4sm\u00e4llist\u00e4 puhdistusta varten<\/strong><\/p>\n","protected":false},"featured_media":107705,"template":"","meta":{"_acf_changed":false},"product_brand":[11476],"product_cat":[13206,13233],"product_tag":[],"class_list":{"0":"post-211489","1":"product","2":"type-product","3":"status-publish","4":"has-post-thumbnail","6":"product_brand-iosso","7":"product_cat-aseen-puhdistus","8":"product_cat-harjat","9":"pa_model-ar-308-fi","10":"pa_model-ar-15-fi","12":"first","13":"instock","14":"taxable","15":"shipping-taxable","16":"purchasable","17":"product-type-variable","18":"wvs-archive-product-wrapper"},"acf":[],"_links":{"self":[{"href":"https:\/\/staging.nbg.eu\/fi\/wp-json\/wp\/v2\/product\/211489","targetHints":{"allow":["GET"]}}],"collection":[{"href":"https:\/\/staging.nbg.eu\/fi\/wp-json\/wp\/v2\/product"}],"about":[{"href":"https:\/\/staging.nbg.eu\/fi\/wp-json\/wp\/v2\/types\/product"}],"wp:featuredmedia":[{"embeddable":true,"href":"https:\/\/staging.nbg.eu\/fi\/wp-json\/wp\/v2\/media\/107705"}],"wp:attachment":[{"href":"https:\/\/staging.nbg.eu\/fi\/wp-json\/wp\/v2\/media?parent=211489"}],"wp:term":[{"taxonomy":"product_brand","embeddable":true,"href":"https:\/\/staging.nbg.eu\/fi\/wp-json\/wp\/v2\/product_brand?post=211489"},{"taxonomy":"product_cat","embeddable":true,"href":"https:\/\/staging.nbg.eu\/fi\/wp-json\/wp\/v2\/product_cat?post=211489"},{"taxonomy":"product_tag","embeddable":true,"href":"https:\/\/staging.nbg.eu\/fi\/wp-json\/wp\/v2\/product_tag?post=211489"}],"curies":[{"name":"wp","href":"https:\/\/api.w.org\/{rel}","templated":true}]}}