{"id":208851,"date":"2024-09-02T10:47:02","date_gmt":"2025-02-16T17:04:49","guid":{"rendered":"https:\/\/staging.nbg.eu\/product\/badger-ordnance-c1-modular-safety\/"},"modified":"2025-02-16T17:07:13","modified_gmt":"2025-02-16T17:07:13","slug":"badger-ordnance-c1-modulaarinen-varmistin","status":"publish","type":"product","link":"https:\/\/staging.nbg.eu\/fi\/tuote\/badger-ordnance-c1-modulaarinen-varmistin\/","title":{"rendered":"Badger Ordnance C1 modulaarinen varmistin"},"content":{"rendered":"<div class=\"product-description\">\n<h2>Badger Ordnance C1 Modulaarinen Varmistin<\/h2>\n<p>C1 puoliautomaattinen varmistin M16\/AR-15\/AR-10\/SR-25 -mallisiin kiv\u00e4\u00e4reihin. T\u00e4m\u00e4 modulaarinen sarja tarjoaa:<\/p>\n<ul>\n<li>Yksipuolinen tai molempik\u00e4tinen hallinta<\/li>\n<li>Vasen- tai oikeak\u00e4tinen k\u00e4ytt\u00f6<\/li>\n<li>60\u00b0 tai 90\u00b0 k\u00e4\u00e4nt\u00f6vaihtoehdot<\/li>\n<li>Punainen merkki visuaalista tarkistusta varten<\/li>\n<\/ul>\n<p>Sarja sis\u00e4lt\u00e4\u00e4:<\/p>\n<ul>\n<li>Pitk\u00e4 vipu vahvemmalle puolelle<\/li>\n<li>Lyhyt vipu heikommalle puolelle<\/li>\n<li>Heikomman puolen tilanosoittimen suojus<\/li>\n<li>Rullatapit ja varmistimen pid\u00e4tin (karkaistuna 60Rc)<\/li>\n<\/ul>\n<p>Valmistettu 4140-ter\u00e4ksest\u00e4, pintakarkaistu ja mangaanifosfaattipinnoitettu kest\u00e4vyyden vuoksi. Helppo asentaa ja pitk\u00e4ik\u00e4inen.<\/p>\n<p><strong>V\u00e4ri:<\/strong> Musta<br \/>\n |<br \/>\n<strong>Aselupa vaaditaan:<\/strong> Ei | <strong>Alustaspesifinen:<\/strong> Ei<\/p>\n<\/div>\n","protected":false},"excerpt":{"rendered":"<p>Monipuolinen AR-turvallisuus: molempik\u00e4tinen, 60\u00b0\/90\u00b0 k\u00e4\u00e4nt\u00f6, punaiset ilmaisimet<\/p>\n","protected":false},"featured_media":35383,"template":"","meta":{"_acf_changed":false},"product_brand":[11084],"product_cat":[13186,13225,13174,13230],"product_tag":[],"class_list":{"0":"post-208851","1":"product","2":"type-product","3":"status-publish","4":"has-post-thumbnail","6":"product_brand-badger-ordnance","7":"product_cat-ar-viritys","8":"product_cat-kivaeaeri","9":"product_cat-kivaeaerin-viritys","10":"product_cat-tulitilavalinnat","12":"first","13":"instock","14":"taxable","15":"shipping-taxable","16":"purchasable","17":"product-type-simple"},"acf":[],"_links":{"self":[{"href":"https:\/\/staging.nbg.eu\/fi\/wp-json\/wp\/v2\/product\/208851","targetHints":{"allow":["GET"]}}],"collection":[{"href":"https:\/\/staging.nbg.eu\/fi\/wp-json\/wp\/v2\/product"}],"about":[{"href":"https:\/\/staging.nbg.eu\/fi\/wp-json\/wp\/v2\/types\/product"}],"wp:featuredmedia":[{"embeddable":true,"href":"https:\/\/staging.nbg.eu\/fi\/wp-json\/wp\/v2\/media\/35383"}],"wp:attachment":[{"href":"https:\/\/staging.nbg.eu\/fi\/wp-json\/wp\/v2\/media?parent=208851"}],"wp:term":[{"taxonomy":"product_brand","embeddable":true,"href":"https:\/\/staging.nbg.eu\/fi\/wp-json\/wp\/v2\/product_brand?post=208851"},{"taxonomy":"product_cat","embeddable":true,"href":"https:\/\/staging.nbg.eu\/fi\/wp-json\/wp\/v2\/product_cat?post=208851"},{"taxonomy":"product_tag","embeddable":true,"href":"https:\/\/staging.nbg.eu\/fi\/wp-json\/wp\/v2\/product_tag?post=208851"}],"curies":[{"name":"wp","href":"https:\/\/api.w.org\/{rel}","templated":true}]}}