{"id":208641,"date":"2024-07-29T13:02:15","date_gmt":"2024-07-29T13:02:15","guid":{"rendered":"https:\/\/staging.nbg.eu\/product\/bore-tech-friction-guard-xp-120ml\/"},"modified":"2025-02-16T16:54:34","modified_gmt":"2025-02-16T16:54:34","slug":"bore-tech-friction-guard-xp-120ml","status":"publish","type":"product","link":"https:\/\/staging.nbg.eu\/fi\/tuote\/bore-tech-friction-guard-xp-120ml\/","title":{"rendered":"Bore Tech Friction Guard XP 120ml"},"content":{"rendered":"<h2>Bore Tech Friction Guard XP ase\u00f6ljy &#8211; 120ml<\/h2>\n<p>Bore Tech Friction Guard XP ase\u00f6ljy on synteettinen sekoitus, joka t\u00e4ytt\u00e4\u00e4 MIL-PRF-63460E vaatimukset. Se tarjoaa:<\/p>\n<ul>\n<li>Voitelua l\u00e4mp\u00f6tiloissa -73\u00b0C &#8211; 316\u00b0C<\/li>\n<li>95% v\u00e4hennys kitkassa ja kulumisessa<\/li>\n<li>Korroosiosuojaus<\/li>\n<li>Tunkeutuminen ja sitoutuminen metallipintoihin<\/li>\n<li>Kulumista ehk\u00e4isev\u00e4t ominaisuudet<\/li>\n<li>Kest\u00e4vyys \u00e4\u00e4ril\u00e4mp\u00f6tiloja vastaan<\/li>\n<li>Yli 100 tunnin suolasumusuoja<\/li>\n<li>Kosteuden poisto<\/li>\n<li>P\u00f6lyn ja lian hylkiminen<\/li>\n<\/ul>\n<p>Sopii ampujille, mets\u00e4st\u00e4jille ja harrastajille. Friction Guard XP hoitaa aseen piipun ja suojaa asetta k\u00e4yt\u00f6n ja s\u00e4ilytyksen aikana.<\/p>\n","protected":false},"excerpt":{"rendered":"<p>Tehokas synteettinen ase\u00f6ljy ensiluokkaiseen voiteluun ja suojaukseen.<\/p>\n","protected":false},"featured_media":150481,"template":"","meta":{"_acf_changed":false},"product_brand":[11151],"product_cat":[13206,13194],"product_tag":[],"class_list":{"0":"post-208641","1":"product","2":"type-product","3":"status-publish","4":"has-post-thumbnail","6":"product_brand-boretech","7":"product_cat-aseen-puhdistus","8":"product_cat-voiteluaineet","10":"first","11":"instock","12":"taxable","13":"shipping-taxable","14":"purchasable","15":"product-type-simple"},"acf":[],"_links":{"self":[{"href":"https:\/\/staging.nbg.eu\/fi\/wp-json\/wp\/v2\/product\/208641","targetHints":{"allow":["GET"]}}],"collection":[{"href":"https:\/\/staging.nbg.eu\/fi\/wp-json\/wp\/v2\/product"}],"about":[{"href":"https:\/\/staging.nbg.eu\/fi\/wp-json\/wp\/v2\/types\/product"}],"wp:featuredmedia":[{"embeddable":true,"href":"https:\/\/staging.nbg.eu\/fi\/wp-json\/wp\/v2\/media\/150481"}],"wp:attachment":[{"href":"https:\/\/staging.nbg.eu\/fi\/wp-json\/wp\/v2\/media?parent=208641"}],"wp:term":[{"taxonomy":"product_brand","embeddable":true,"href":"https:\/\/staging.nbg.eu\/fi\/wp-json\/wp\/v2\/product_brand?post=208641"},{"taxonomy":"product_cat","embeddable":true,"href":"https:\/\/staging.nbg.eu\/fi\/wp-json\/wp\/v2\/product_cat?post=208641"},{"taxonomy":"product_tag","embeddable":true,"href":"https:\/\/staging.nbg.eu\/fi\/wp-json\/wp\/v2\/product_tag?post=208641"}],"curies":[{"name":"wp","href":"https:\/\/api.w.org\/{rel}","templated":true}]}}