{"id":205250,"date":"2024-09-02T10:50:03","date_gmt":"2025-02-13T15:09:39","guid":{"rendered":"https:\/\/staging.nbg.eu\/product\/badger-ordnance-c1-12-oclock-top-optical-platform-for-trijicon-rmr\/"},"modified":"2025-02-13T15:11:48","modified_gmt":"2025-02-13T15:11:48","slug":"badger-ordnance-c1-12-kellonaikainen-ylaeoptinen-alusta-trijicon-rmrlle","status":"publish","type":"product","link":"https:\/\/staging.nbg.eu\/fi\/tuote\/badger-ordnance-c1-12-kellonaikainen-ylaeoptinen-alusta-trijicon-rmrlle\/","title":{"rendered":"Badger Ordnance C1 12 kellonaikainen yl\u00e4optinen alusta Trijicon RMR:lle"},"content":{"rendered":"<div class=\"product-description\">\n<h2>Badger Ordnance C1 12 O&#8217;clock Top Optical Platform Trijicon RMR:lle<\/h2>\n<p>Badger Ordnance C1 12TOP on kiinnitysj\u00e4rjestelm\u00e4, joka on suunniteltu Trijicon RMR:n tai yhteensopivan optiikan liitt\u00e4miseen C1 ARC -j\u00e4rjestelm\u00e4\u00e4n. T\u00e4m\u00e4 alusta tarjoaa 12 o&#8217;clock -asennetun punapistet\u00e4ht\u00e4imen, joka mahdollistaa nopean t\u00e4ht\u00e4\u00e4misen ja parantaa tilannetietoisuutta.<\/p>\n<h2>Ominaisuudet:<\/h2>\n<ul>\n<li>Valmistettu 6061 T6 alumiinista<\/li>\n<li>Tyyppi III kova anodisointi kest\u00e4vyytt\u00e4 varten<\/li>\n<li>Kevyt rakenne, paino vain 0,5 unssia<\/li>\n<li>Sis\u00e4lt\u00e4\u00e4 vestiiviin kiinnitystiivisteen<\/li>\n<li>Yhteensopiva eri optiikoiden kanssa, jotka k\u00e4ytt\u00e4v\u00e4t Trijicon RMR -kiinnityst\u00e4<\/li>\n<\/ul>\n<h2>Yhteensopivuus:<\/h2>\n<p>C1 12TOP on yhteensopiva useiden optiikoiden kanssa, mukaan lukien:<\/p>\n<ul>\n<li>Trijicon RMR ja SRO<\/li>\n<li>Holosun HS407C, HS507C ja HS508T<\/li>\n<li>Swampfox Kingslayer, Liberty RMR 1&#215;22 ja Justice RMR 1&#215;27<\/li>\n<li>NcStar VISM FlipDot Pro<\/li>\n<li>Riton X3 Tactix PRD<\/li>\n<li>Vector Optics Frenzy 1x22x26<\/li>\n<\/ul>\n<p>Badger Ordnance C1 12 O&#8217;clock Top Optical Platform parantaa tarkkuutta ja monipuolisuutta erilaisissa ampumatilanteissa.<\/p>\n<\/div>\n","protected":false},"excerpt":{"rendered":"<p>Badger C1 12TOP: Kevyt RMR-kiinnike kello 12:n optiikalle<\/p>\n","protected":false},"featured_media":35407,"template":"","meta":{"_acf_changed":false},"product_brand":[11084],"product_cat":[13202,13201],"product_tag":[],"class_list":{"0":"post-205250","1":"product","2":"type-product","3":"status-publish","4":"has-post-thumbnail","6":"product_brand-badger-ordnance","7":"product_cat-punapisteet","8":"product_cat-taehtaeys","10":"first","11":"instock","12":"taxable","13":"shipping-taxable","14":"purchasable","15":"product-type-simple"},"acf":[],"_links":{"self":[{"href":"https:\/\/staging.nbg.eu\/fi\/wp-json\/wp\/v2\/product\/205250","targetHints":{"allow":["GET"]}}],"collection":[{"href":"https:\/\/staging.nbg.eu\/fi\/wp-json\/wp\/v2\/product"}],"about":[{"href":"https:\/\/staging.nbg.eu\/fi\/wp-json\/wp\/v2\/types\/product"}],"wp:featuredmedia":[{"embeddable":true,"href":"https:\/\/staging.nbg.eu\/fi\/wp-json\/wp\/v2\/media\/35407"}],"wp:attachment":[{"href":"https:\/\/staging.nbg.eu\/fi\/wp-json\/wp\/v2\/media?parent=205250"}],"wp:term":[{"taxonomy":"product_brand","embeddable":true,"href":"https:\/\/staging.nbg.eu\/fi\/wp-json\/wp\/v2\/product_brand?post=205250"},{"taxonomy":"product_cat","embeddable":true,"href":"https:\/\/staging.nbg.eu\/fi\/wp-json\/wp\/v2\/product_cat?post=205250"},{"taxonomy":"product_tag","embeddable":true,"href":"https:\/\/staging.nbg.eu\/fi\/wp-json\/wp\/v2\/product_tag?post=205250"}],"curies":[{"name":"wp","href":"https:\/\/api.w.org\/{rel}","templated":true}]}}