{"id":199814,"date":"2024-07-29T19:03:50","date_gmt":"2025-02-11T11:21:36","guid":{"rendered":"https:\/\/staging.nbg.eu\/product\/the-shear-hammock\/"},"modified":"2025-02-11T11:23:53","modified_gmt":"2025-02-11T11:23:53","slug":"the-shear-riippumatto","status":"publish","type":"product","link":"https:\/\/staging.nbg.eu\/fi\/tuote\/the-shear-riippumatto\/","title":{"rendered":"The Shear riippumatto"},"content":{"rendered":"<div class=\"product-description\">\n<h2>Shear Hammock<\/h2>\n<p>Shear Hammock on tuote l\u00e4\u00e4kint\u00e4varusteiden kantamiseen. Se on tapa kantaa kiristyssidett\u00e4, saksia tai muita samankokoisia esineit\u00e4 olemassa olevassa vy\u00f6ss\u00e4 tai MOLLE-kiinnitteisess\u00e4 pussissa.<\/p>\n<h2>Ominaisuudet:<\/h2>\n<ul>\n<li>Kiinnitett\u00e4viss\u00e4 MOLLE- tai vy\u00f6kiinnitykseen<\/li>\n<li>Suunniteltu nopeaan k\u00e4ytt\u00f6\u00f6nottoon<\/li>\n<li>Sopii CAT-kiristyssiteelle ja muille samankokoisille esineille<\/li>\n<li>Suojaa varusteita UV-s\u00e4teilt\u00e4, s\u00e4\u00e4lt\u00e4, lialta ja roskilta<\/li>\n<li>Ei vaadi ylim\u00e4\u00e4r\u00e4ist\u00e4 kiinnitystilaa<\/li>\n<\/ul>\n<h2>Tekniset tiedot:<\/h2>\n<ul>\n<li>Paino: 19g<\/li>\n<li>Osanumero: TSP-TQ-01<\/li>\n<li>Mitat (tyhj\u00e4n\u00e4): 12,7 cm x 7,6 cm x 0,95 cm<\/li>\n<li>Mitat (t\u00e4yten\u00e4): 12,7 cm x 7,6 cm x 6,35 cm<\/li>\n<li>Materiaalit: Ultracomp, Solution Dyed CORDURA\u00ae -nauha<\/li>\n<li>Saatavilla olevat v\u00e4rit: Musta, Kojootinruskea ja Multicam<\/li>\n<\/ul>\n<p>Shear Hammock sopii k\u00e4ytett\u00e4v\u00e4ksi Micro Trauma Kit NOW!\u00ae -tuotteen kanssa. Se mahdollistaa kiristyssiteen s\u00e4ilytt\u00e4misen helposti saatavilla ilman tilan tai suojauksen vaarantamista. Se voidaan kiinnitt\u00e4\u00e4 MOLLE- tai vy\u00f6kiinnitteiseen Micro TKN:\u00e4\u00e4n tai muuhun MOLLE-pussiin, jossa on 3 sarakkeen MOLLE-kiinnitys.<\/p>\n<p>Shear Hammock on vaihtoehto l\u00e4\u00e4kint\u00e4varusteiden s\u00e4ilytt\u00e4miseen.<\/p>\n<\/div>\n","protected":false},"excerpt":{"rendered":"<p>Nopean saatavuuden riippumatto kiristyssiteille ja saksille MOLLE-varusteissa.<\/p>\n","protected":false},"featured_media":153982,"template":"","meta":{"_acf_changed":false},"product_brand":[11127],"product_cat":[13227,13183,13192],"product_tag":[],"class_list":{"0":"post-199814","1":"product","2":"type-product","3":"status-publish","4":"has-post-thumbnail","6":"product_brand-blue-force-gear","7":"product_cat-laeaekintae","8":"product_cat-pussit","9":"product_cat-varusteet","11":"first","12":"instock","13":"taxable","14":"shipping-taxable","15":"purchasable","16":"product-type-variable","17":"wvs-archive-product-wrapper"},"acf":[],"_links":{"self":[{"href":"https:\/\/staging.nbg.eu\/fi\/wp-json\/wp\/v2\/product\/199814","targetHints":{"allow":["GET"]}}],"collection":[{"href":"https:\/\/staging.nbg.eu\/fi\/wp-json\/wp\/v2\/product"}],"about":[{"href":"https:\/\/staging.nbg.eu\/fi\/wp-json\/wp\/v2\/types\/product"}],"wp:featuredmedia":[{"embeddable":true,"href":"https:\/\/staging.nbg.eu\/fi\/wp-json\/wp\/v2\/media\/153982"}],"wp:attachment":[{"href":"https:\/\/staging.nbg.eu\/fi\/wp-json\/wp\/v2\/media?parent=199814"}],"wp:term":[{"taxonomy":"product_brand","embeddable":true,"href":"https:\/\/staging.nbg.eu\/fi\/wp-json\/wp\/v2\/product_brand?post=199814"},{"taxonomy":"product_cat","embeddable":true,"href":"https:\/\/staging.nbg.eu\/fi\/wp-json\/wp\/v2\/product_cat?post=199814"},{"taxonomy":"product_tag","embeddable":true,"href":"https:\/\/staging.nbg.eu\/fi\/wp-json\/wp\/v2\/product_tag?post=199814"}],"curies":[{"name":"wp","href":"https:\/\/api.w.org\/{rel}","templated":true}]}}