{"id":199692,"date":"2024-07-29T13:09:29","date_gmt":"2025-02-11T11:06:35","guid":{"rendered":"https:\/\/staging.nbg.eu\/product\/single-pistol-belt-pouch\/"},"modified":"2025-02-11T11:08:53","modified_gmt":"2025-02-11T11:08:53","slug":"yksittaeinen-pistoolin-vyoelaukku","status":"publish","type":"product","link":"https:\/\/staging.nbg.eu\/fi\/tuote\/yksittaeinen-pistoolin-vyoelaukku\/","title":{"rendered":"Yksitt\u00e4inen pistoolin vy\u00f6laukku"},"content":{"rendered":"<div class=\"product-description\">\n<h2>Yhden pistoolin vy\u00f6kotelo<\/h2>\n<p>T\u00e4m\u00e4 Ten-Speed\u00ae -kotelo pit\u00e4\u00e4 yhden pistoolimakasiinin ja tarjoaa v\u00e4litt\u00f6m\u00e4n saatavuuden virkak\u00e4ytt\u00f6\u00f6n tai k\u00e4tkettyyn kantoon.<\/p>\n<ul>\n<li>Sopii v\u00f6ille, joiden leveys on enint\u00e4\u00e4n 5 cm<\/li>\n<li>Mukava k\u00e4ytt\u00e4\u00e4 koko p\u00e4iv\u00e4n ilman ter\u00e4vi\u00e4 reunoja<\/li>\n<li>Elastinen etuosa ja ULTRAcomp\u2122-laminaatti<\/li>\n<li>Tarranauhasulkuj\u00e4rjestelm\u00e4<\/li>\n<li>Sopii yksirivisille tai kaksirivisille lipastimille (enint\u00e4\u00e4n HK45\/USP-kokoisille)<\/li>\n<li>Sopii my\u00f6s valaisimille, monitoimity\u00f6kaluille tai vastaaville esineille<\/li>\n<li>Irrotettava vy\u00f6kiinnitys vaakasuoraa asennusta varten<\/li>\n<\/ul>\n<p>Koko: 5,7 cm x 11,4 cm | Paino: 20 grammaa<\/p>\n<\/div>\n","protected":false},"excerpt":{"rendered":"<p>Turvallinen, ohut vy\u00f6laukku pistoolin lippaalle tai ty\u00f6kalulle. Nopea k\u00e4ytt\u00f6\u00f6notto.<\/p>\n","protected":false},"featured_media":164223,"template":"","meta":{"_acf_changed":false},"product_brand":[11127],"product_cat":[13168,13183,13192],"product_tag":[],"class_list":{"0":"post-199692","1":"product","2":"type-product","3":"status-publish","4":"has-post-thumbnail","6":"product_brand-blue-force-gear","7":"product_cat-lippaanpitimet","8":"product_cat-pussit","9":"product_cat-varusteet","11":"first","12":"instock","13":"taxable","14":"shipping-taxable","15":"purchasable","16":"product-type-simple"},"acf":[],"_links":{"self":[{"href":"https:\/\/staging.nbg.eu\/fi\/wp-json\/wp\/v2\/product\/199692","targetHints":{"allow":["GET"]}}],"collection":[{"href":"https:\/\/staging.nbg.eu\/fi\/wp-json\/wp\/v2\/product"}],"about":[{"href":"https:\/\/staging.nbg.eu\/fi\/wp-json\/wp\/v2\/types\/product"}],"wp:featuredmedia":[{"embeddable":true,"href":"https:\/\/staging.nbg.eu\/fi\/wp-json\/wp\/v2\/media\/164223"}],"wp:attachment":[{"href":"https:\/\/staging.nbg.eu\/fi\/wp-json\/wp\/v2\/media?parent=199692"}],"wp:term":[{"taxonomy":"product_brand","embeddable":true,"href":"https:\/\/staging.nbg.eu\/fi\/wp-json\/wp\/v2\/product_brand?post=199692"},{"taxonomy":"product_cat","embeddable":true,"href":"https:\/\/staging.nbg.eu\/fi\/wp-json\/wp\/v2\/product_cat?post=199692"},{"taxonomy":"product_tag","embeddable":true,"href":"https:\/\/staging.nbg.eu\/fi\/wp-json\/wp\/v2\/product_tag?post=199692"}],"curies":[{"name":"wp","href":"https:\/\/api.w.org\/{rel}","templated":true}]}}