{"id":199020,"date":"2024-06-17T21:23:15","date_gmt":"2024-06-17T21:23:15","guid":{"rendered":"https:\/\/staging.nbg.eu\/product\/blue-force-gear-trauma-kit-now-medium\/"},"modified":"2025-10-01T16:20:59","modified_gmt":"2025-10-01T13:20:59","slug":"blue-force-gear-trauma-kit-now-keskikokoinen","status":"publish","type":"product","link":"https:\/\/staging.nbg.eu\/fi\/tuote\/blue-force-gear-trauma-kit-now-keskikokoinen\/","title":{"rendered":"Blue Force Gear Trauma Kit NOW! &#8211; Keskikokoinen"},"content":{"rendered":"<h2>Blue Force Gear Trauma Kit NOW! &#8211; Keskikokoinen tyhj\u00e4<\/h2>\n<p>Trauma Kit NOW! &#8211; MEDIUM on nopeasti saatavilla oleva ensiapupakkaus, joka on suunniteltu yhdell\u00e4 k\u00e4dell\u00e4 k\u00e4ytett\u00e4v\u00e4ksi. Alun perin luotu armeijan IFAK-sis\u00e4lt\u00f6\u00e4 varten, se sopeutuu erilaisiin l\u00e4\u00e4kinn\u00e4llisiin kokoonpanoihin.<\/p>\n<ul>\n<li>Kaksiosainen rakenne: MOLLE-ulkopussi Helium Whisper -kiinnitysj\u00e4rjestelm\u00e4ll\u00e4 ja irrotettava sis\u00e4osa tarvikkeille<\/li>\n<li>Kapeneva ulkopussi varmistaa pysyvyyden ja helpon irrottamisen<\/li>\n<li>Nopeasti k\u00e4ytt\u00f6\u00f6notettava sis\u00e4osa, jossa on Ball Loaded Index Point (BLIP) haastaviin olosuhteisiin<\/li>\n<li>MOLLE-kent\u00e4t kiristyssiteen ulkoiseen kiinnitt\u00e4miseen<\/li>\n<li>Monik\u00e4ytt\u00f6inen malli sopii sotilas-, lainvalvonta- ja siviilihenkil\u00f6iden k\u00e4ytt\u00f6\u00f6n<\/li>\n<\/ul>\n<p>Yksi markkinoiden nopeimmin k\u00e4ytt\u00f6\u00f6notettavista traumapakkauksista, suunniteltu kriittisiin tilanteisiin, joissa jokainen sekunti on t\u00e4rke\u00e4.<\/p>\n","protected":false},"excerpt":{"rendered":"<p>Nopeasti k\u00e4ytt\u00f6\u00f6notettava l\u00e4\u00e4kint\u00e4laukku, jossa on irrotettava sis\u00e4osa yksil\u00f6llist\u00e4 j\u00e4rjestely\u00e4 varten.<\/p>\n","protected":false},"featured_media":153797,"template":"","meta":{"_acf_changed":false},"product_brand":[11127],"product_cat":[13227,13192],"product_tag":[],"class_list":{"0":"post-199020","1":"product","2":"type-product","3":"status-publish","4":"has-post-thumbnail","6":"product_brand-blue-force-gear","7":"product_cat-laeaekintae","8":"product_cat-varusteet","10":"first","11":"instock","12":"taxable","13":"shipping-taxable","14":"purchasable","15":"product-type-variable","16":"wvs-archive-product-wrapper"},"acf":[],"_links":{"self":[{"href":"https:\/\/staging.nbg.eu\/fi\/wp-json\/wp\/v2\/product\/199020","targetHints":{"allow":["GET"]}}],"collection":[{"href":"https:\/\/staging.nbg.eu\/fi\/wp-json\/wp\/v2\/product"}],"about":[{"href":"https:\/\/staging.nbg.eu\/fi\/wp-json\/wp\/v2\/types\/product"}],"wp:featuredmedia":[{"embeddable":true,"href":"https:\/\/staging.nbg.eu\/fi\/wp-json\/wp\/v2\/media\/153797"}],"wp:attachment":[{"href":"https:\/\/staging.nbg.eu\/fi\/wp-json\/wp\/v2\/media?parent=199020"}],"wp:term":[{"taxonomy":"product_brand","embeddable":true,"href":"https:\/\/staging.nbg.eu\/fi\/wp-json\/wp\/v2\/product_brand?post=199020"},{"taxonomy":"product_cat","embeddable":true,"href":"https:\/\/staging.nbg.eu\/fi\/wp-json\/wp\/v2\/product_cat?post=199020"},{"taxonomy":"product_tag","embeddable":true,"href":"https:\/\/staging.nbg.eu\/fi\/wp-json\/wp\/v2\/product_tag?post=199020"}],"curies":[{"name":"wp","href":"https:\/\/api.w.org\/{rel}","templated":true}]}}