{"id":190444,"date":"2024-07-30T17:57:46","date_gmt":"2025-02-04T16:14:53","guid":{"rendered":"https:\/\/staging.nbg.eu\/product\/red-dot-sight-holosun-hs510c\/"},"modified":"2025-02-04T16:16:53","modified_gmt":"2025-02-04T16:16:53","slug":"punapistetaehtaein-holosun-hs510c","status":"publish","type":"product","link":"https:\/\/staging.nbg.eu\/fi\/tuote\/punapistetaehtaein-holosun-hs510c\/","title":{"rendered":"Punapistet\u00e4ht\u00e4in Holosun HS510C"},"content":{"rendered":"<div class=\"product-description\">\n<h2>Holosun HS510C Punapistet\u00e4ht\u00e4in<\/h2>\n<p>Holosun HS510C on avoin refleksit\u00e4ht\u00e4in, joka on suunniteltu k\u00e4ytett\u00e4v\u00e4ksi karbiineissa, pistoolikaliiperisissa karbiineissa ja haulikoissa. T\u00e4m\u00e4 t\u00e4ht\u00e4in yhdist\u00e4\u00e4 kest\u00e4vyyden ja teknologian tarjotakseen tarkkuutta ja luotettavuutta eri olosuhteissa.<\/p>\n<h2>T\u00e4rkeimm\u00e4t ominaisuudet:<\/h2>\n<ul>\n<li><strong>Rakenne:<\/strong> Alumiinirunko ja titaanisuojus iskunkest\u00e4vyytt\u00e4 varten<\/li>\n<li><strong>Pikalukitus:<\/strong> Sis\u00e4lt\u00e4\u00e4 QD-kiinnityksen (t\u00e4ht\u00e4imen korkeus 1.41&#8243;)<\/li>\n<li><strong>Teknologia:<\/strong>\n<ul>\n<li>Aurinkokenno varaj\u00e4rjestelm\u00e4n\u00e4<\/li>\n<li>Liikkeest\u00e4 aktivoituva<\/li>\n<li>Usean ristikon j\u00e4rjestelm\u00e4 (MRS)<\/li>\n<\/ul>\n<\/li>\n<li><strong>Akun kesto:<\/strong> Jopa 50 000 tuntia punaisella LED-valolla<\/li>\n<li><strong>Kirkkauden s\u00e4\u00e4t\u00f6:<\/strong> 10 p\u00e4iv\u00e4valoasetusta ja 2 pime\u00e4n\u00e4k\u00f6yhteensopivaa asetusta<\/li>\n<\/ul>\n<h2>Tekniset tiedot:<\/h2>\n<ul>\n<li><strong>Ristikkovaihtoehdot:<\/strong> Ympyr\u00e4 ja piste, 2 MOA piste, 65 MOA ympyr\u00e4<\/li>\n<li><strong>Ikkunan koko:<\/strong> 0.91&#8243; x 1.26&#8243;<\/li>\n<li><strong>Mitat:<\/strong> 3.3&#8243; x 1.68&#8243; x 1.78&#8243;<\/li>\n<li><strong>Paino:<\/strong> 4.94 oz<\/li>\n<li><strong>Rungon materiaali:<\/strong> Alumiini ja titaanisuojus<\/li>\n<li><strong>S\u00e4\u00e4d\u00f6n tarkkuus:<\/strong> 0.5 MOA per napsaus<\/li>\n<li><strong>S\u00e4\u00e4t\u00f6alue:<\/strong> \u00b150 MOA (tuuli ja korkeus)<\/li>\n<li><strong>Vesitiiviys:<\/strong> IP67-luokitus<\/li>\n<li><strong>K\u00e4ytt\u00f6l\u00e4mp\u00f6tila:<\/strong> -30\u00b0C &#8211; 60\u00b0C<\/li>\n<\/ul>\n<p>Holosun HS510C:n parallaksiton rakenne ja rajoittamaton silm\u00e4et\u00e4isyys mahdollistavat nopean t\u00e4ht\u00e4\u00e4misen. Akun vaihtaminen on helppoa irrotettavan akkukotelon ansiosta. T\u00e4ht\u00e4in kest\u00e4\u00e4 jopa 1000G:n t\u00e4rin\u00e4n.<\/p>\n<\/div>\n","protected":false},"excerpt":{"rendered":"<p>Monipuolinen avoin refleksit\u00e4ht\u00e4in pitkille aseille. Kest\u00e4v\u00e4, innovatiiviset ominaisuudet.<\/p>\n","protected":false},"featured_media":160618,"template":"","meta":{"_acf_changed":false},"product_brand":[11431],"product_cat":[13235,13202,13201],"product_tag":[],"class_list":{"0":"post-190444","1":"product","2":"type-product","3":"status-publish","4":"has-post-thumbnail","6":"product_brand-holosun","7":"product_cat-kivaeaerituikut","8":"product_cat-punapisteet","9":"product_cat-taehtaeys","11":"first","12":"instock","13":"taxable","14":"shipping-taxable","15":"purchasable","16":"product-type-simple"},"acf":[],"_links":{"self":[{"href":"https:\/\/staging.nbg.eu\/fi\/wp-json\/wp\/v2\/product\/190444","targetHints":{"allow":["GET"]}}],"collection":[{"href":"https:\/\/staging.nbg.eu\/fi\/wp-json\/wp\/v2\/product"}],"about":[{"href":"https:\/\/staging.nbg.eu\/fi\/wp-json\/wp\/v2\/types\/product"}],"wp:featuredmedia":[{"embeddable":true,"href":"https:\/\/staging.nbg.eu\/fi\/wp-json\/wp\/v2\/media\/160618"}],"wp:attachment":[{"href":"https:\/\/staging.nbg.eu\/fi\/wp-json\/wp\/v2\/media?parent=190444"}],"wp:term":[{"taxonomy":"product_brand","embeddable":true,"href":"https:\/\/staging.nbg.eu\/fi\/wp-json\/wp\/v2\/product_brand?post=190444"},{"taxonomy":"product_cat","embeddable":true,"href":"https:\/\/staging.nbg.eu\/fi\/wp-json\/wp\/v2\/product_cat?post=190444"},{"taxonomy":"product_tag","embeddable":true,"href":"https:\/\/staging.nbg.eu\/fi\/wp-json\/wp\/v2\/product_tag?post=190444"}],"curies":[{"name":"wp","href":"https:\/\/api.w.org\/{rel}","templated":true}]}}