{"id":181346,"date":"2024-04-19T07:15:03","date_gmt":"2025-01-30T06:22:55","guid":{"rendered":"https:\/\/staging.nbg.eu\/product\/blue-force-gear-burnsed-socket\/"},"modified":"2025-01-30T06:24:58","modified_gmt":"2025-01-30T06:24:58","slug":"blue-force-gear-burnsed-pistorasia","status":"publish","type":"product","link":"https:\/\/staging.nbg.eu\/fi\/tuote\/blue-force-gear-burnsed-pistorasia\/","title":{"rendered":"Blue Force Gear Burnsed Pistorasia"},"content":{"rendered":"<p>Here&#8217;s a translation of the product description to Finnish without colorful or marketing language:<\/p>\n<p>Burnsed-liitin<\/p>\n<p>Burnsed-liitin Blue Force Gearilta &#8211; Burnsed-liitin on erillinen osa, joka muuttaa Vickers Combat Applications -hihnan 2-1-pisteiseksi muunneltavaksi hihnaksi, kun sit\u00e4 k\u00e4ytet\u00e4\u00e4n yhdess\u00e4 painonapilla varustetun hihnakiinnikkeen tai RED-kiinnikkeen kanssa. Burnsed-liitin suunniteltiin vuonna 2005 t\u00e4rke\u00e4ksi osaksi patentoitua SOC-C-hihnaa, joka mahdollistaa 1-2-3-pisteisen muunneltavan hihnan.<\/p>\n<p>Tee hihnastasi monipuolisempi &#8211; Liu&#8217;uta Burnsed-liitin hihnan takaosaan kohti takaosaa tai tyypillist\u00e4 yhden pisteen hihnan sijaintia, irrota sitten etummainen painonapilla varustettu kiinnike aseen etuosasta ja kiinnit\u00e4 se Burnsed-liittimeen.<\/p>\n<p>***Hihna ei sis\u00e4lly. Sis\u00e4lt\u00e4\u00e4 vain 1 Burnsed-liitinosan***<\/p>\n<p>Kaksi laitteistovaihtoehtoa:<br \/>\n\u2022 Koneistettu alumiini &#8211; eritt\u00e4in kest\u00e4v\u00e4 liitos, t\u00e4m\u00e4 valettu Burnsed-liitin on kova-anodisoitu mattamustaksi.<br \/>\n\u2022 Muovattu polymeeri &#8211; kevyt, yksinkertainen hihnakiinnityspiste saatavana mustana.<\/p>\n<p>Valmistettu Yhdysvalloissa &#8211; Kuten kaikki Blue Force Gearin tuotteet, se on valmistettu erinomaisesti Yhdysvalloissa ja sill\u00e4 on rajoitettu elinik\u00e4inen takuu.<\/p>\n<p>TEKNISET TIEDOT<\/p>\n<p>Ominaisuudet: Toimii yhdess\u00e4 mink\u00e4 tahansa painonapilla varustetun hihnakiinnikkeen tai EDTM-kiinnikkeen kanssa 2-1-pisteiseksi muunneltavaksi hihnaksi (myyd\u00e4\u00e4n erikseen). Mahdollistaa aseen kantamisen koko p\u00e4iv\u00e4n 2-pistetilassa maksimaalisen hallinnan ja mukavuuden saavuttamiseksi ja muuntuu nopeasti yhden pisteen hihnaksi dynaamisia ymp\u00e4rist\u00f6j\u00e4 varten.<\/p>\n<p>Paino: 13g<\/p>\n<p>Koko: 0,75&#8243; x 1,5&#8243; x 0,5&#8243; &#8211; Sopii mille tahansa 1&#8243; tai 1,25&#8243; hihnan nauhalle (Victory Series Sling, Vickers Combat Applications Sling)<\/p>\n<p>Materiaali(t):<br \/>\n\u2022 Koneistettu alumiini<br \/>\n\u2022 Muovattu polymeeri<\/p>\n<p>Lis\u00e4tietoa: Yleiss\u00e4\u00e4nt\u00f6n\u00e4 on voidella kaikki painonapilla varustetut kiinnikkeet ja Burnsed-liittimet aina, kun is\u00e4nt\u00e4ase voidellaan.<\/p>\n","protected":false},"excerpt":{"rendered":"<p><span style=\"font-size: 110%\"><strong>Tee Slingist\u00e4si monipuolisempi<\/strong><\/span><\/p>\n","protected":false},"featured_media":163249,"template":"","meta":{"_acf_changed":false},"product_brand":[11127],"product_cat":[13188,13192],"product_tag":[],"class_list":{"0":"post-181346","1":"product","2":"type-product","3":"status-publish","4":"has-post-thumbnail","6":"product_brand-blue-force-gear","7":"product_cat-hihnat","8":"product_cat-varusteet","10":"first","11":"instock","12":"taxable","13":"shipping-taxable","14":"purchasable","15":"product-type-simple"},"acf":[],"_links":{"self":[{"href":"https:\/\/staging.nbg.eu\/fi\/wp-json\/wp\/v2\/product\/181346","targetHints":{"allow":["GET"]}}],"collection":[{"href":"https:\/\/staging.nbg.eu\/fi\/wp-json\/wp\/v2\/product"}],"about":[{"href":"https:\/\/staging.nbg.eu\/fi\/wp-json\/wp\/v2\/types\/product"}],"wp:featuredmedia":[{"embeddable":true,"href":"https:\/\/staging.nbg.eu\/fi\/wp-json\/wp\/v2\/media\/163249"}],"wp:attachment":[{"href":"https:\/\/staging.nbg.eu\/fi\/wp-json\/wp\/v2\/media?parent=181346"}],"wp:term":[{"taxonomy":"product_brand","embeddable":true,"href":"https:\/\/staging.nbg.eu\/fi\/wp-json\/wp\/v2\/product_brand?post=181346"},{"taxonomy":"product_cat","embeddable":true,"href":"https:\/\/staging.nbg.eu\/fi\/wp-json\/wp\/v2\/product_cat?post=181346"},{"taxonomy":"product_tag","embeddable":true,"href":"https:\/\/staging.nbg.eu\/fi\/wp-json\/wp\/v2\/product_tag?post=181346"}],"curies":[{"name":"wp","href":"https:\/\/api.w.org\/{rel}","templated":true}]}}