{"id":173049,"date":"2024-08-16T19:55:05","date_gmt":"2025-01-23T11:16:48","guid":{"rendered":"https:\/\/staging.nbg.eu\/product\/barwarus-bw-t4-handguards-with-m-lok\/"},"modified":"2025-01-23T11:18:12","modified_gmt":"2025-01-23T11:18:12","slug":"barwarus-bw-t4-kaesisuojat-m-loklla","status":"publish","type":"product","link":"https:\/\/staging.nbg.eu\/fi\/tuote\/barwarus-bw-t4-kaesisuojat-m-loklla\/","title":{"rendered":"Barwarus BW-T4 K\u00e4sisuojat M-Lok:lla"},"content":{"rendered":"<div class=\"product-description\">\n<h2>Barwarus BW-T4 K\u00e4sisuojat M-Lok-kiinnityksell\u00e4<\/h2>\n<p>BW-T4 k\u00e4sisuojasarja pitk\u00e4piippuisille AK-tyyppisille kiv\u00e4\u00e4reille (16&#8243;). T\u00e4m\u00e4 patentoitu j\u00e4rjestelm\u00e4 mahdollistaa M-LOK-lis\u00e4varusteiden kiinnityksen.<\/p>\n<ul>\n<li>Yhteensopiva eri AK-mallien kanssa (AKUSA 100-sarja, AK-74, Saiga, Vepr ja muut)<\/li>\n<li>Valmistettu 6082-T6-seoksesta<\/li>\n<li>Musta Cerakote-pinnoite<\/li>\n<li>M-LOK-kiinnityspaikkoja kaikilla sivuilla<\/li>\n<li>Parantaa piipun j\u00e4\u00e4hdytyst\u00e4 ja l\u00e4mm\u00f6n haihtumista<\/li>\n<li>Kevyt rakenne<\/li>\n<li>Toimii \u00e4\u00e4rimm\u00e4isiss\u00e4 l\u00e4mp\u00f6tiloissa (-50\u00b0C &#8211; +50\u00b0C)<\/li>\n<\/ul>\n<p>Barwarus BW-T4 K\u00e4sisuojat tarjoavat muokattavuutta, parempaa l\u00e4mm\u00f6nhallintaa ja kest\u00e4vyytt\u00e4.<\/p>\n<\/div>\n","protected":false},"excerpt":{"rendered":"<p>Barwarus BW-T4 -k\u00e4sisuojat: M-Lok-yhteensopivat, AK-aseen p\u00e4ivitys parantamaan j\u00e4\u00e4hdytyst\u00e4 ja lis\u00e4varusteiden kiinnitysmahdollisuuksia.<\/p>\n","protected":false},"featured_media":23614,"template":"","meta":{"_acf_changed":false},"product_brand":[11101],"product_cat":[13159,13173,13174],"product_tag":[],"class_list":{"0":"post-173049","1":"product","2":"type-product","3":"status-publish","4":"has-post-thumbnail","6":"product_brand-barwarus","7":"product_cat-ak-viritys","8":"product_cat-kiskot","9":"product_cat-kivaeaerin-viritys","11":"first","12":"instock","13":"taxable","14":"shipping-taxable","15":"product-type-variable","16":"wvs-archive-product-wrapper"},"acf":[],"_links":{"self":[{"href":"https:\/\/staging.nbg.eu\/fi\/wp-json\/wp\/v2\/product\/173049","targetHints":{"allow":["GET"]}}],"collection":[{"href":"https:\/\/staging.nbg.eu\/fi\/wp-json\/wp\/v2\/product"}],"about":[{"href":"https:\/\/staging.nbg.eu\/fi\/wp-json\/wp\/v2\/types\/product"}],"wp:featuredmedia":[{"embeddable":true,"href":"https:\/\/staging.nbg.eu\/fi\/wp-json\/wp\/v2\/media\/23614"}],"wp:attachment":[{"href":"https:\/\/staging.nbg.eu\/fi\/wp-json\/wp\/v2\/media?parent=173049"}],"wp:term":[{"taxonomy":"product_brand","embeddable":true,"href":"https:\/\/staging.nbg.eu\/fi\/wp-json\/wp\/v2\/product_brand?post=173049"},{"taxonomy":"product_cat","embeddable":true,"href":"https:\/\/staging.nbg.eu\/fi\/wp-json\/wp\/v2\/product_cat?post=173049"},{"taxonomy":"product_tag","embeddable":true,"href":"https:\/\/staging.nbg.eu\/fi\/wp-json\/wp\/v2\/product_tag?post=173049"}],"curies":[{"name":"wp","href":"https:\/\/api.w.org\/{rel}","templated":true}]}}