{"id":171470,"date":"2024-08-16T19:44:20","date_gmt":"2025-01-21T16:24:42","guid":{"rendered":"https:\/\/staging.nbg.eu\/product\/barwarus-bw-t33-picatinny-rail-cover\/"},"modified":"2025-01-21T16:26:57","modified_gmt":"2025-01-21T16:26:57","slug":"barwarus-bw-t33-picatinny-kiskon-suoja","status":"publish","type":"product","link":"https:\/\/staging.nbg.eu\/fi\/tuote\/barwarus-bw-t33-picatinny-kiskon-suoja\/","title":{"rendered":"Barwarus BW-T33 Picatinny kiskon suoja"},"content":{"rendered":"<div class=\"product-description\">\n<h2>Barwarus BW-T33 Picatinny-kiskokotelo<\/h2>\n<p>Barwarus BW-T33 p\u00f6lysuojakotelo, jossa on integroitu Picatinny-kisko. Yhteensopiva Kalashnikov-pohjaisten urheiluaseiden ja karbiinien kanssa. Mahdollistaa erilaisten t\u00e4ht\u00e4inlaitteiden kiinnityksen.<\/p>\n<ul>\n<li>Valmistettu 7075 T6 alumiiniseoksesta<\/li>\n<li>Picatinny-kiskon pituus 170mm \u00b15mm<\/li>\n<li>S\u00e4ilytt\u00e4\u00e4 nollapisteen toistuvassa avaamisessa\/sulkemisessa<\/li>\n<li>Kiinnittyy viidell\u00e4 ruuvilla<\/li>\n<li>Paino: 55 oz \u00b10,03 oz<\/li>\n<li>Mitat: 21,7&#8243; \u00b10,5&#8243;<\/li>\n<li>K\u00e4ytt\u00f6l\u00e4mp\u00f6tila: -50\u00b0C &#8211; +50\u00b0C<\/li>\n<\/ul>\n<p>Huomautus: Maksimiv\u00e4\u00e4nt\u00f6momentti 25 lbs. Voi vaatia viilausta.<\/p>\n<\/div>\n","protected":false},"excerpt":{"rendered":"<p>Kest\u00e4v\u00e4 AK Picatinny-kiskokate. Kiinnitt\u00e4\u00e4 optiikan, s\u00e4ilytt\u00e4\u00e4 nollapisteen.<\/p>\n","protected":false},"featured_media":23453,"template":"","meta":{"_acf_changed":false},"product_brand":[11101],"product_cat":[13159,13173,13174],"product_tag":[],"class_list":{"0":"post-171470","1":"product","2":"type-product","3":"status-publish","4":"has-post-thumbnail","6":"product_brand-barwarus","7":"product_cat-ak-viritys","8":"product_cat-kiskot","9":"product_cat-kivaeaerin-viritys","11":"first","12":"instock","13":"taxable","14":"shipping-taxable","15":"product-type-variable","16":"wvs-archive-product-wrapper"},"acf":[],"_links":{"self":[{"href":"https:\/\/staging.nbg.eu\/fi\/wp-json\/wp\/v2\/product\/171470","targetHints":{"allow":["GET"]}}],"collection":[{"href":"https:\/\/staging.nbg.eu\/fi\/wp-json\/wp\/v2\/product"}],"about":[{"href":"https:\/\/staging.nbg.eu\/fi\/wp-json\/wp\/v2\/types\/product"}],"wp:featuredmedia":[{"embeddable":true,"href":"https:\/\/staging.nbg.eu\/fi\/wp-json\/wp\/v2\/media\/23453"}],"wp:attachment":[{"href":"https:\/\/staging.nbg.eu\/fi\/wp-json\/wp\/v2\/media?parent=171470"}],"wp:term":[{"taxonomy":"product_brand","embeddable":true,"href":"https:\/\/staging.nbg.eu\/fi\/wp-json\/wp\/v2\/product_brand?post=171470"},{"taxonomy":"product_cat","embeddable":true,"href":"https:\/\/staging.nbg.eu\/fi\/wp-json\/wp\/v2\/product_cat?post=171470"},{"taxonomy":"product_tag","embeddable":true,"href":"https:\/\/staging.nbg.eu\/fi\/wp-json\/wp\/v2\/product_tag?post=171470"}],"curies":[{"name":"wp","href":"https:\/\/api.w.org\/{rel}","templated":true}]}}