{"id":170957,"date":"2024-08-16T20:04:24","date_gmt":"2025-01-21T10:25:40","guid":{"rendered":"https:\/\/staging.nbg.eu\/product\/barwarus-alpha-1-set-bw-t33-alpha-1\/"},"modified":"2025-01-21T10:27:58","modified_gmt":"2025-01-21T10:27:58","slug":"barwarus-alpha-1-setti-bw-t33-alpha-1","status":"publish","type":"product","link":"https:\/\/staging.nbg.eu\/fi\/tuote\/barwarus-alpha-1-setti-bw-t33-alpha-1\/","title":{"rendered":"Barwarus ALPHA-1 SETTI (BW-T33 &#038; ALPHA-1)"},"content":{"rendered":"<div class=\"product-description\">\n<h2>Barwarus ALPHA-1 SARJA (BW-T33 ja ALPHA-1)<\/h2>\n<p>Barwarus ALPHA-1 SARJA sis\u00e4lt\u00e4\u00e4 ALPHA-1 k\u00e4sisuojat ja BW-T33 p\u00f6lysuojan. Sarja sis\u00e4lt\u00e4\u00e4:<\/p>\n<ul>\n<li>ALPHA-1 Lyhyet Quad Picatinny k\u00e4sisuojat (Yl\u00e4- ja alaosa)<\/li>\n<li>BW-T33 p\u00f6lysuoja integroidulla Picatinny-kiskolla<\/li>\n<\/ul>\n<p>ALPHA-1 k\u00e4sisuojat on valmistettu 6082-T6 alumiinista ja pintak\u00e4sitelty Cerakotella. Yhteensopiva meistettyn vastaanottimen AK-mallien kanssa, mukaan lukien AK 103, 104, 105, 74S, 74M, AKM, AKMS ja Saiga.<\/p>\n<p>BW-T33 p\u00f6lysuoja on valmistettu 7075 T6 alumiiniseoksesta. Se tarjoaa alustan optiikoille h\u00e4iritsem\u00e4tt\u00e4 rautat\u00e4ht\u00e4imi\u00e4. Barwarus ALPHA-1 SARJA sopii AK-kiv\u00e4\u00e4riin.<\/p>\n<\/div>\n","protected":false},"excerpt":{"rendered":"<p>Laadukas AK-p\u00e4ivitys: Nelikiskoinen etukahva ja p\u00f6lysuoja kiskolla<\/p>\n","protected":false},"featured_media":280685,"template":"","meta":{"_acf_changed":false},"product_brand":[11101],"product_cat":[13159,13173,13174],"product_tag":[],"class_list":{"0":"post-170957","1":"product","2":"type-product","3":"status-publish","4":"has-post-thumbnail","6":"product_brand-barwarus","7":"product_cat-ak-viritys","8":"product_cat-kiskot","9":"product_cat-kivaeaerin-viritys","11":"first","12":"instock","13":"taxable","14":"shipping-taxable","15":"product-type-variable","16":"wvs-archive-product-wrapper"},"acf":[],"_links":{"self":[{"href":"https:\/\/staging.nbg.eu\/fi\/wp-json\/wp\/v2\/product\/170957","targetHints":{"allow":["GET"]}}],"collection":[{"href":"https:\/\/staging.nbg.eu\/fi\/wp-json\/wp\/v2\/product"}],"about":[{"href":"https:\/\/staging.nbg.eu\/fi\/wp-json\/wp\/v2\/types\/product"}],"wp:featuredmedia":[{"embeddable":true,"href":"https:\/\/staging.nbg.eu\/fi\/wp-json\/wp\/v2\/media\/280685"}],"wp:attachment":[{"href":"https:\/\/staging.nbg.eu\/fi\/wp-json\/wp\/v2\/media?parent=170957"}],"wp:term":[{"taxonomy":"product_brand","embeddable":true,"href":"https:\/\/staging.nbg.eu\/fi\/wp-json\/wp\/v2\/product_brand?post=170957"},{"taxonomy":"product_cat","embeddable":true,"href":"https:\/\/staging.nbg.eu\/fi\/wp-json\/wp\/v2\/product_cat?post=170957"},{"taxonomy":"product_tag","embeddable":true,"href":"https:\/\/staging.nbg.eu\/fi\/wp-json\/wp\/v2\/product_tag?post=170957"}],"curies":[{"name":"wp","href":"https:\/\/api.w.org\/{rel}","templated":true}]}}