{"id":170394,"date":"2024-11-06T20:55:17","date_gmt":"2025-01-21T09:34:37","guid":{"rendered":"https:\/\/staging.nbg.eu\/product\/throw-lever-sai-optics\/"},"modified":"2025-01-21T09:36:55","modified_gmt":"2025-01-21T09:36:55","slug":"heittovipuvipu-sai-optiikka","status":"publish","type":"product","link":"https:\/\/staging.nbg.eu\/fi\/tuote\/heittovipuvipu-sai-optiikka\/","title":{"rendered":"Heittovipuvipu SAI Optiikka"},"content":{"rendered":"<div class=\"product-description\">\n<h2>Vipukytkin SAI-optiikkaan<\/h2>\n<ul>\n<li>Nopea vaihto 1x- ja 6x-suurennoksen v\u00e4lill\u00e4<\/li>\n<li>Ergonominen muotoilu helppoa k\u00e4ytt\u00f6\u00e4 varten<\/li>\n<\/ul>\n<p>SAI 6\u2122 -vipukytkimell\u00e4 voit s\u00e4\u00e4t\u00e4\u00e4 suurennosta nopeasti menett\u00e4m\u00e4tt\u00e4 kohdetta n\u00e4k\u00f6kent\u00e4st\u00e4.<\/p>\n<\/div>\n","protected":false},"excerpt":{"rendered":"<p>Nopea 1x-6x suurennoksen vaihto.<\/p>\n","protected":false},"featured_media":78874,"template":"","meta":{"_acf_changed":false},"product_brand":[11701],"product_cat":[13169,13201],"product_tag":[],"class_list":{"0":"post-170394","1":"product","2":"type-product","3":"status-publish","4":"has-post-thumbnail","6":"product_brand-sai-optics","7":"product_cat-suurennetut-optiikka","8":"product_cat-taehtaeys","10":"first","11":"instock","12":"taxable","13":"shipping-taxable","14":"purchasable","15":"product-type-variable","16":"wvs-archive-product-wrapper"},"acf":[],"_links":{"self":[{"href":"https:\/\/staging.nbg.eu\/fi\/wp-json\/wp\/v2\/product\/170394","targetHints":{"allow":["GET"]}}],"collection":[{"href":"https:\/\/staging.nbg.eu\/fi\/wp-json\/wp\/v2\/product"}],"about":[{"href":"https:\/\/staging.nbg.eu\/fi\/wp-json\/wp\/v2\/types\/product"}],"wp:featuredmedia":[{"embeddable":true,"href":"https:\/\/staging.nbg.eu\/fi\/wp-json\/wp\/v2\/media\/78874"}],"wp:attachment":[{"href":"https:\/\/staging.nbg.eu\/fi\/wp-json\/wp\/v2\/media?parent=170394"}],"wp:term":[{"taxonomy":"product_brand","embeddable":true,"href":"https:\/\/staging.nbg.eu\/fi\/wp-json\/wp\/v2\/product_brand?post=170394"},{"taxonomy":"product_cat","embeddable":true,"href":"https:\/\/staging.nbg.eu\/fi\/wp-json\/wp\/v2\/product_cat?post=170394"},{"taxonomy":"product_tag","embeddable":true,"href":"https:\/\/staging.nbg.eu\/fi\/wp-json\/wp\/v2\/product_tag?post=170394"}],"curies":[{"name":"wp","href":"https:\/\/api.w.org\/{rel}","templated":true}]}}