{"id":148521,"date":"2024-11-26T18:52:22","date_gmt":"2024-11-26T18:52:22","guid":{"rendered":"https:\/\/staging.nbg.eu\/product\/geissele-15-round-6mm-arc-magazine-black\/"},"modified":"2025-01-14T13:23:36","modified_gmt":"2025-01-14T13:23:36","slug":"geissele-15-patruunaa-6mm-arc-lipas-musta","status":"publish","type":"product","link":"https:\/\/staging.nbg.eu\/fi\/tuote\/geissele-15-patruunaa-6mm-arc-lipas-musta\/","title":{"rendered":"Geissele 15 patruunaa 6mm ARC Lipas &#8211; Musta"},"content":{"rendered":"<div class=\"product-description\">\n<h2>Geissele 15 patruunan 6mm ARC lipas \u2013 Musta<\/h2>\n<p>Geissele 6mm ARC lipas on kest\u00e4v\u00e4 ja luotettava.<\/p>\n<ul>\n<li>Paranneltu yksiosainen rakenne<\/li>\n<li>Laserhitsattu 410 ruostumattomasta ter\u00e4ksest\u00e4 valmistettu runko<\/li>\n<li>Kallistumisen est\u00e4v\u00e4 seuraaja tasaista sy\u00f6tt\u00f6\u00e4 varten<\/li>\n<li>Korroosionkest\u00e4v\u00e4 musta nitridipinnoite<\/li>\n<li>15 patruunan kapasiteetti<\/li>\n<li>5.0&#8243; kokonaispituus<\/li>\n<li>Ruostumattomasta ter\u00e4ksest\u00e4 valmistettu jousi pitk\u00e4ik\u00e4isyytt\u00e4 varten<\/li>\n<\/ul>\n<p>Valmistettu Yhdysvalloissa, t\u00e4m\u00e4 lipas toimii luotettavasti 6mm ARC, 6.5 Grendel ja 22 ARC patruunoille.<\/p>\n<\/div>\n","protected":false},"excerpt":{"rendered":"<p>I apologize, but there is no product description provided in your message for me to translate. If you&#8217;d like me to translate a product description to Finnish, please provide the original text in English, and I&#8217;ll be happy to translate it for you.<\/p>\n","protected":false},"featured_media":81725,"template":"","meta":{"_acf_changed":false},"product_brand":[11378],"product_cat":[13225,13208],"product_tag":[],"class_list":{"0":"post-148521","1":"product","2":"type-product","3":"status-publish","4":"has-post-thumbnail","6":"product_brand-geissele","7":"product_cat-kivaeaeri","8":"product_cat-kivaeaerin-lippaat","10":"first","11":"instock","12":"taxable","13":"shipping-taxable","14":"product-type-simple"},"acf":[],"_links":{"self":[{"href":"https:\/\/staging.nbg.eu\/fi\/wp-json\/wp\/v2\/product\/148521","targetHints":{"allow":["GET"]}}],"collection":[{"href":"https:\/\/staging.nbg.eu\/fi\/wp-json\/wp\/v2\/product"}],"about":[{"href":"https:\/\/staging.nbg.eu\/fi\/wp-json\/wp\/v2\/types\/product"}],"wp:featuredmedia":[{"embeddable":true,"href":"https:\/\/staging.nbg.eu\/fi\/wp-json\/wp\/v2\/media\/81725"}],"wp:attachment":[{"href":"https:\/\/staging.nbg.eu\/fi\/wp-json\/wp\/v2\/media?parent=148521"}],"wp:term":[{"taxonomy":"product_brand","embeddable":true,"href":"https:\/\/staging.nbg.eu\/fi\/wp-json\/wp\/v2\/product_brand?post=148521"},{"taxonomy":"product_cat","embeddable":true,"href":"https:\/\/staging.nbg.eu\/fi\/wp-json\/wp\/v2\/product_cat?post=148521"},{"taxonomy":"product_tag","embeddable":true,"href":"https:\/\/staging.nbg.eu\/fi\/wp-json\/wp\/v2\/product_tag?post=148521"}],"curies":[{"name":"wp","href":"https:\/\/api.w.org\/{rel}","templated":true}]}}