{"id":141583,"date":"2025-01-01T20:56:43","date_gmt":"2025-01-10T22:54:46","guid":{"rendered":"https:\/\/staging.nbg.eu\/product\/area-419-ruger-american-short-action-scope-base\/"},"modified":"2025-01-10T22:56:37","modified_gmt":"2025-01-10T22:56:37","slug":"area-419-ruger-american-lyhyt-lukko-kiikariteline","status":"publish","type":"product","link":"https:\/\/staging.nbg.eu\/fi\/tuote\/area-419-ruger-american-lyhyt-lukko-kiikariteline\/","title":{"rendered":"Area 419 &#8211; Ruger American Lyhyt Lukko Kiikariteline"},"content":{"rendered":"<div class=\"product-description\">\n<h2>Area 419 &#8211; Ruger American lyhyen toiminnan kiikarit\u00e4ht\u00e4imen jalusta<\/h2>\n<p>Ruger American kiv\u00e4\u00e4riin sopiva kiikarit\u00e4ht\u00e4imen jalusta. Valmistettu yhdest\u00e4 T7075 alumiinikappaleesta. Jalusta on:<\/p>\n<ul>\n<li>Koneistettu tarkasti sopivaksi<\/li>\n<li>Vahva ja kest\u00e4v\u00e4<\/li>\n<li>Tyypin III musta anodisoitu<\/li>\n<li>Suunniteltu 20MOA kaltevuudella pidempi\u00e4 laukauksia varten<\/li>\n<\/ul>\n<p>Sis\u00e4lt\u00e4\u00e4 avaimen kiinnitysruuvien kirist\u00e4miseen (suositus: 15 in\/lb). Sopii pitk\u00e4n matkan ammuntaan.<\/p>\n<h3>Tekniset tiedot:<\/h3>\n<ul>\n<li>Paino: 0,09 kg<\/li>\n<li>Mitat: 21,6 \u00d7 2,5 \u00d7 2,5 cm<\/li>\n<li>Valmistaja: Area 419<\/li>\n<li>Koko: 20MOA<\/li>\n<\/ul>\n<\/div>\n","protected":false},"excerpt":{"rendered":"<p>Tarkasti koneistettu 20MOA:n kiikarinjalusta Ruger American -kiv\u00e4\u00e4reille.<\/p>\n","protected":false},"featured_media":112121,"template":"","meta":{"_acf_changed":false},"product_brand":[11033],"product_cat":[13173,13225,390],"product_tag":[],"class_list":{"0":"post-141583","1":"product","2":"type-product","3":"status-publish","4":"has-post-thumbnail","6":"product_brand-area-419","7":"product_cat-kiskot","8":"product_cat-kivaeaeri","9":"product_cat-aiming","11":"first","12":"instock","13":"taxable","14":"shipping-taxable","15":"purchasable","16":"product-type-simple"},"acf":[],"_links":{"self":[{"href":"https:\/\/staging.nbg.eu\/fi\/wp-json\/wp\/v2\/product\/141583","targetHints":{"allow":["GET"]}}],"collection":[{"href":"https:\/\/staging.nbg.eu\/fi\/wp-json\/wp\/v2\/product"}],"about":[{"href":"https:\/\/staging.nbg.eu\/fi\/wp-json\/wp\/v2\/types\/product"}],"wp:featuredmedia":[{"embeddable":true,"href":"https:\/\/staging.nbg.eu\/fi\/wp-json\/wp\/v2\/media\/112121"}],"wp:attachment":[{"href":"https:\/\/staging.nbg.eu\/fi\/wp-json\/wp\/v2\/media?parent=141583"}],"wp:term":[{"taxonomy":"product_brand","embeddable":true,"href":"https:\/\/staging.nbg.eu\/fi\/wp-json\/wp\/v2\/product_brand?post=141583"},{"taxonomy":"product_cat","embeddable":true,"href":"https:\/\/staging.nbg.eu\/fi\/wp-json\/wp\/v2\/product_cat?post=141583"},{"taxonomy":"product_tag","embeddable":true,"href":"https:\/\/staging.nbg.eu\/fi\/wp-json\/wp\/v2\/product_tag?post=141583"}],"curies":[{"name":"wp","href":"https:\/\/api.w.org\/{rel}","templated":true}]}}