{"id":141474,"date":"2025-01-04T07:53:30","date_gmt":"2025-01-10T22:36:55","guid":{"rendered":"https:\/\/staging.nbg.eu\/product\/area-419-s-m-a-l-single-mlok-arcalock-rail\/"},"modified":"2025-01-10T22:38:46","modified_gmt":"2025-01-10T22:38:46","slug":"area-419-smal-yksittaeinen-mlok-arcalock-kisko","status":"publish","type":"product","link":"https:\/\/staging.nbg.eu\/fi\/tuote\/area-419-smal-yksittaeinen-mlok-arcalock-kisko\/","title":{"rendered":"Area 419 &#8211; S.M.A.L. &#8211; Yksitt\u00e4inen MLOK ARCALOCK Kisko"},"content":{"rendered":"<div class=\"product-description\">\n<h2>Area 419 &#8211; S.M.A.L. &#8211; Yksitt\u00e4inen MLOK ARCALOCK -kisko<\/h2>\n<p>S.M.A.L. (Single MLOK ARCALOCK) -kisko soveltuu et\u00e4isyysmittareiden, kiikareiden, t\u00e4hystyslaitteiden ja lyhyiden aseiden kiinnitt\u00e4miseen.<\/p>\n<ul>\n<li>MLOK-kiinnityspisteet ja tarvikkeet mukana<\/li>\n<li>Keskell\u00e4 1\/4-20 kiinnityspiste (tarvikkeet mukana)<\/li>\n<li>Valmistettu Amerikassa 6061-T6 alumiinista<\/li>\n<li>Musta anodisoitu pinta<\/li>\n<\/ul>\n<h3>Tekniset tiedot:<\/h3>\n<ul>\n<li>Paino: 0,18 kg<\/li>\n<li>Mitat: 15,2 \u00d7 10,2 \u00d7 2,5 cm<\/li>\n<\/ul>\n<p>S.M.A.L.-kisko tarjoaa kiinnitysratkaisun tarkkuuslaitteille.<\/p>\n<\/div>\n","protected":false},"excerpt":{"rendered":"<p>Kompakti MLOK ARCALOCK -kisko monipuoliseen kiinnitykseen. Valmistettu Yhdysvalloissa 6061-T6 alumiinista.<\/p>\n","protected":false},"featured_media":115739,"template":"","meta":{"_acf_changed":false},"product_brand":[11033],"product_cat":[13173,13225,390],"product_tag":[],"class_list":{"0":"post-141474","1":"product","2":"type-product","3":"status-publish","4":"has-post-thumbnail","6":"product_brand-area-419","7":"product_cat-kiskot","8":"product_cat-kivaeaeri","9":"product_cat-aiming","11":"first","12":"instock","13":"taxable","14":"shipping-taxable","15":"purchasable","16":"product-type-simple"},"acf":[],"_links":{"self":[{"href":"https:\/\/staging.nbg.eu\/fi\/wp-json\/wp\/v2\/product\/141474","targetHints":{"allow":["GET"]}}],"collection":[{"href":"https:\/\/staging.nbg.eu\/fi\/wp-json\/wp\/v2\/product"}],"about":[{"href":"https:\/\/staging.nbg.eu\/fi\/wp-json\/wp\/v2\/types\/product"}],"wp:featuredmedia":[{"embeddable":true,"href":"https:\/\/staging.nbg.eu\/fi\/wp-json\/wp\/v2\/media\/115739"}],"wp:attachment":[{"href":"https:\/\/staging.nbg.eu\/fi\/wp-json\/wp\/v2\/media?parent=141474"}],"wp:term":[{"taxonomy":"product_brand","embeddable":true,"href":"https:\/\/staging.nbg.eu\/fi\/wp-json\/wp\/v2\/product_brand?post=141474"},{"taxonomy":"product_cat","embeddable":true,"href":"https:\/\/staging.nbg.eu\/fi\/wp-json\/wp\/v2\/product_cat?post=141474"},{"taxonomy":"product_tag","embeddable":true,"href":"https:\/\/staging.nbg.eu\/fi\/wp-json\/wp\/v2\/product_tag?post=141474"}],"curies":[{"name":"wp","href":"https:\/\/api.w.org\/{rel}","templated":true}]}}