{"id":141254,"date":"2025-01-04T07:26:25","date_gmt":"2025-01-10T21:45:44","guid":{"rendered":"https:\/\/staging.nbg.eu\/product\/area-419-arcalock-clamp-black\/"},"modified":"2025-01-10T21:47:38","modified_gmt":"2025-01-10T21:47:38","slug":"area-419-arcalock-puristin-musta","status":"publish","type":"product","link":"https:\/\/staging.nbg.eu\/fi\/tuote\/area-419-arcalock-puristin-musta\/","title":{"rendered":"Area 419 &#8211; ARCALOCK Puristin musta"},"content":{"rendered":"<div class=\"product-description\">\n<h2>Area 419 &#8211; ARCALOCK-kiinnike (Musta)<\/h2>\n<p>Area 419 ARCALOCK-kiinnike mustana. T\u00e4m\u00e4 kiinnike toimii kaikissa standardeissa ARCA\/1,5&#8243; kiskoissa ja tarjoaa mekaanisesti lukitun ratkaisun.<\/p>\n<ul>\n<li>Kaksivaiheinen ruuvisuunnittelu nopeaan liikuttamiseen ja lis\u00e4v\u00e4\u00e4nt\u00f6momenttiin<\/li>\n<li>Yhteensopiva Atlas-kaksijalkojen kanssa ja mukautettavissa Harris-kaksijalkoihin<\/li>\n<li>Taaksep\u00e4in yhteensopiva tavallisten ARCA-kiskojen kanssa<\/li>\n<li>Valmistettu 6061-T6 alumiinista, tyyppi III kovapinnoitettu musta anodisointi<\/li>\n<li>303 ruostumattomasta ter\u00e4ksest\u00e4 valmistettu ruuvi<\/li>\n<li>Paino: 72,5 grammaa<\/li>\n<\/ul>\n<p>Area 419 ARCALOCK-kiinnike on suunniteltu ja valmistettu Yhdysvalloissa.<\/p>\n<\/div>\n","protected":false},"excerpt":{"rendered":"<p>Turvallinen ARCA-kiskokiinnike mustalla nupilla tarkkuuskiv\u00e4\u00e4reille.<\/p>\n","protected":false},"featured_media":115370,"template":"","meta":{"_acf_changed":false},"product_brand":[11033],"product_cat":[13173,13225,390],"product_tag":[],"class_list":{"0":"post-141254","1":"product","2":"type-product","3":"status-publish","4":"has-post-thumbnail","6":"product_brand-area-419","7":"product_cat-kiskot","8":"product_cat-kivaeaeri","9":"product_cat-aiming","11":"first","12":"instock","13":"taxable","14":"shipping-taxable","15":"purchasable","16":"product-type-simple"},"acf":[],"_links":{"self":[{"href":"https:\/\/staging.nbg.eu\/fi\/wp-json\/wp\/v2\/product\/141254","targetHints":{"allow":["GET"]}}],"collection":[{"href":"https:\/\/staging.nbg.eu\/fi\/wp-json\/wp\/v2\/product"}],"about":[{"href":"https:\/\/staging.nbg.eu\/fi\/wp-json\/wp\/v2\/types\/product"}],"wp:featuredmedia":[{"embeddable":true,"href":"https:\/\/staging.nbg.eu\/fi\/wp-json\/wp\/v2\/media\/115370"}],"wp:attachment":[{"href":"https:\/\/staging.nbg.eu\/fi\/wp-json\/wp\/v2\/media?parent=141254"}],"wp:term":[{"taxonomy":"product_brand","embeddable":true,"href":"https:\/\/staging.nbg.eu\/fi\/wp-json\/wp\/v2\/product_brand?post=141254"},{"taxonomy":"product_cat","embeddable":true,"href":"https:\/\/staging.nbg.eu\/fi\/wp-json\/wp\/v2\/product_cat?post=141254"},{"taxonomy":"product_tag","embeddable":true,"href":"https:\/\/staging.nbg.eu\/fi\/wp-json\/wp\/v2\/product_tag?post=141254"}],"curies":[{"name":"wp","href":"https:\/\/api.w.org\/{rel}","templated":true}]}}