{"id":140959,"date":"2025-01-04T08:28:27","date_gmt":"2025-01-04T08:28:27","guid":{"rendered":"https:\/\/staging.nbg.eu\/product\/area-419-arcalock-dual-clamp-with-picatinny\/"},"modified":"2025-01-10T19:09:40","modified_gmt":"2025-01-10T19:09:40","slug":"area-419-arcalock-kaksois-puristin-picatinnyllae","status":"publish","type":"product","link":"https:\/\/staging.nbg.eu\/fi\/tuote\/area-419-arcalock-kaksois-puristin-picatinnyllae\/","title":{"rendered":"Area 419 &#8211; ARCALOCK Kaksois-Puristin Picatinny:ll\u00e4"},"content":{"rendered":"<div class=\"product-description\">\n<h2>Area 419 &#8211; ARCALOCK Kaksoiskiristin Picatinny-kiskolla<\/h2>\n<p>Kiinnitysj\u00e4rjestelm\u00e4 kiv\u00e4\u00e4reihin. T\u00e4m\u00e4 tarkkuusty\u00f6stetty, Yhdysvalloissa valmistettu kiristin sopii sek\u00e4 ARCALOCK- ett\u00e4 Picatinny-kiskoille.<\/p>\n<ul>\n<li>S\u00e4\u00e4dett\u00e4v\u00e4 kireys molemmille pinnoille<\/li>\n<li>&#8221;P\u00e4\u00e4ll\u00e4\/Pois&#8221; ARCALOCK-kytkin yhteensopivuutta varten<\/li>\n<li>Karkaistut ter\u00e4sosat Picatinny-kiinnitykseen<\/li>\n<li>ARMS 17S -kiinnitys k\u00e4ytett\u00e4v\u00e4ksi kaksijalkojen kanssa<\/li>\n<\/ul>\n<p>Valmistettu 6061-T6 alumiinista ja ruostumattomasta ter\u00e4ksest\u00e4. Paino 0,57 kg, mitat 15,2 cm \u00d7 8,9 cm \u00d7 5,1 cm. Sopii keski- ja pitk\u00e4n matkan ampujille.<\/p>\n<p><strong>Huomautus:<\/strong> Ei yhteensopiva kaikkien Area 419 ARCALOCK -laitteiden kanssa, mukaan lukien Garmin XERO Arms ja RailChanger X.<\/p>\n<\/div>\n","protected":false},"excerpt":{"rendered":"<p>Monik\u00e4ytt\u00f6inen ARCALOCK\/Picatinny-kiinnike tarkkuusammuntaan.<\/p>\n","protected":false},"featured_media":115949,"template":"","meta":{"_acf_changed":false},"product_brand":[11033],"product_cat":[13173,13225],"product_tag":[],"class_list":{"0":"post-140959","1":"product","2":"type-product","3":"status-publish","4":"has-post-thumbnail","6":"product_brand-area-419","7":"product_cat-kiskot","8":"product_cat-kivaeaeri","10":"first","11":"outofstock","12":"taxable","13":"shipping-taxable","14":"purchasable","15":"product-type-simple"},"acf":[],"_links":{"self":[{"href":"https:\/\/staging.nbg.eu\/fi\/wp-json\/wp\/v2\/product\/140959","targetHints":{"allow":["GET"]}}],"collection":[{"href":"https:\/\/staging.nbg.eu\/fi\/wp-json\/wp\/v2\/product"}],"about":[{"href":"https:\/\/staging.nbg.eu\/fi\/wp-json\/wp\/v2\/types\/product"}],"wp:featuredmedia":[{"embeddable":true,"href":"https:\/\/staging.nbg.eu\/fi\/wp-json\/wp\/v2\/media\/115949"}],"wp:attachment":[{"href":"https:\/\/staging.nbg.eu\/fi\/wp-json\/wp\/v2\/media?parent=140959"}],"wp:term":[{"taxonomy":"product_brand","embeddable":true,"href":"https:\/\/staging.nbg.eu\/fi\/wp-json\/wp\/v2\/product_brand?post=140959"},{"taxonomy":"product_cat","embeddable":true,"href":"https:\/\/staging.nbg.eu\/fi\/wp-json\/wp\/v2\/product_cat?post=140959"},{"taxonomy":"product_tag","embeddable":true,"href":"https:\/\/staging.nbg.eu\/fi\/wp-json\/wp\/v2\/product_tag?post=140959"}],"curies":[{"name":"wp","href":"https:\/\/api.w.org\/{rel}","templated":true}]}}