{"id":140852,"date":"2025-01-04T07:33:44","date_gmt":"2025-01-10T19:01:05","guid":{"rendered":"https:\/\/staging.nbg.eu\/product\/area-419-arcalock-qd-clamp\/"},"modified":"2025-01-10T19:03:03","modified_gmt":"2025-01-10T19:03:03","slug":"area-419-arcalock-qd-puristin","status":"publish","type":"product","link":"https:\/\/staging.nbg.eu\/fi\/tuote\/area-419-arcalock-qd-puristin\/","title":{"rendered":"Area 419 &#8211; ARCALOCK QD Puristin"},"content":{"rendered":"<div class=\"product-description\">\n<h2>Area 419 &#8211; ARCALOCK QD -kiinnike<\/h2>\n<p>Area 419 ARCALOCK QD -kiinnike toimii kaikissa standardeissa ARCA\/1,5&#8243; kiskoissa tarjoten mekaanisesti lukitun ratkaisun.<\/p>\n<ul>\n<li>Kaksivaiheinen ruuvirakenne nopeaan liikuttamiseen ja lis\u00e4v\u00e4\u00e4nt\u00f6momenttiin<\/li>\n<li>Yhteensopiva Atlas-kaksijalkatelineiden kanssa ja mukautettavissa Harris-kaksijalkatelineille<\/li>\n<li>Taaksep\u00e4in yhteensopiva vakio ARCA-kiskojen kanssa<\/li>\n<li>Valmistettu 6061-T6 alumiinista, musta anodisointi<\/li>\n<li>303 ruostumattomasta ter\u00e4ksest\u00e4 valmistettu ruuvi<\/li>\n<li>Paino 72,5 grammaa<\/li>\n<\/ul>\n<p>ARCALOCK QD -kiinnike on suunniteltu ja valmistettu Yhdysvalloissa Area 419:n toimesta.<\/p>\n<\/div>\n","protected":false},"excerpt":{"rendered":"<p>Nopeasti irrotettava ARCA-kiinnike lukitusmekanismilla turvallista kiinnityst\u00e4 varten.<\/p>\n","protected":false},"featured_media":115492,"template":"","meta":{"_acf_changed":false},"product_brand":[11033],"product_cat":[13173,13225,390],"product_tag":[],"class_list":{"0":"post-140852","1":"product","2":"type-product","3":"status-publish","4":"has-post-thumbnail","6":"product_brand-area-419","7":"product_cat-kiskot","8":"product_cat-kivaeaeri","9":"product_cat-aiming","11":"first","12":"instock","13":"taxable","14":"shipping-taxable","15":"purchasable","16":"product-type-simple"},"acf":[],"_links":{"self":[{"href":"https:\/\/staging.nbg.eu\/fi\/wp-json\/wp\/v2\/product\/140852","targetHints":{"allow":["GET"]}}],"collection":[{"href":"https:\/\/staging.nbg.eu\/fi\/wp-json\/wp\/v2\/product"}],"about":[{"href":"https:\/\/staging.nbg.eu\/fi\/wp-json\/wp\/v2\/types\/product"}],"wp:featuredmedia":[{"embeddable":true,"href":"https:\/\/staging.nbg.eu\/fi\/wp-json\/wp\/v2\/media\/115492"}],"wp:attachment":[{"href":"https:\/\/staging.nbg.eu\/fi\/wp-json\/wp\/v2\/media?parent=140852"}],"wp:term":[{"taxonomy":"product_brand","embeddable":true,"href":"https:\/\/staging.nbg.eu\/fi\/wp-json\/wp\/v2\/product_brand?post=140852"},{"taxonomy":"product_cat","embeddable":true,"href":"https:\/\/staging.nbg.eu\/fi\/wp-json\/wp\/v2\/product_cat?post=140852"},{"taxonomy":"product_tag","embeddable":true,"href":"https:\/\/staging.nbg.eu\/fi\/wp-json\/wp\/v2\/product_tag?post=140852"}],"curies":[{"name":"wp","href":"https:\/\/api.w.org\/{rel}","templated":true}]}}