{"id":140547,"date":"2025-01-04T07:09:46","date_gmt":"2025-01-10T17:48:15","guid":{"rendered":"https:\/\/staging.nbg.eu\/product\/area-419-arcalock-arm-for-garmin-xero\/"},"modified":"2025-01-10T17:50:27","modified_gmt":"2025-01-10T17:50:27","slug":"area-419-arcalock-varsi-garmin-xerolle","status":"publish","type":"product","link":"https:\/\/staging.nbg.eu\/fi\/tuote\/area-419-arcalock-varsi-garmin-xerolle\/","title":{"rendered":"Area 419 &#8211; ARCALOCK Varsi Garmin Xero:lle"},"content":{"rendered":"<div class=\"product-description\">\n<h2>Area 419 &#8211; ARCALOCK-varsi Garmin Xero C1:lle<\/h2>\n<p>ARCALOCK-varsi Garmin Xero C1:lle. T\u00e4m\u00e4 lis\u00e4varuste mahdollistaa useita kiinnitysvaihtoehtoja:<\/p>\n<ul>\n<li>Piipun suuntaisesti (ponnahduslautakiinnitys tai sivukiinnitys)<\/li>\n<li>Sivussa ARCA-kiskolla tai pidennetyll\u00e4 picatinny-kiskolla<\/li>\n<li>Irrotettava k\u00e4ytett\u00e4v\u00e4ksi mill\u00e4 tahansa ARCA-yhteensopivalla jalustalla<\/li>\n<\/ul>\n<p>Valmistettu alumiinista. Varressa on 17S-kiinnityskuvio, joka on yhteensopiva Arcalock-puristimien tai QD picatinny -vipupuristimen kanssa. Sopii Garmin Xero C1 -kronografille.<\/p>\n<h3>Tekniset tiedot:<\/h3>\n<ul>\n<li>Paino: 454 g<\/li>\n<li>Mitat: 15,2 cm \u00d7 10,2 cm \u00d7 2,5 cm<\/li>\n<\/ul>\n<\/div>\n","protected":false},"excerpt":{"rendered":"<p>Monipuolinen kiinnike Garmin Xero C1:lle: Yhteensopiva piipun, kiskokiinnityksen tai kolmijalan kanssa.<\/p>\n","protected":false},"featured_media":114880,"template":"","meta":{"_acf_changed":false},"product_brand":[11033],"product_cat":[13173,13225],"product_tag":[],"class_list":{"0":"post-140547","1":"product","2":"type-product","3":"status-publish","4":"has-post-thumbnail","6":"product_brand-area-419","7":"product_cat-kiskot","8":"product_cat-kivaeaeri","10":"first","11":"instock","12":"taxable","13":"shipping-taxable","14":"purchasable","15":"product-type-variable","16":"wvs-archive-product-wrapper"},"acf":[],"_links":{"self":[{"href":"https:\/\/staging.nbg.eu\/fi\/wp-json\/wp\/v2\/product\/140547","targetHints":{"allow":["GET"]}}],"collection":[{"href":"https:\/\/staging.nbg.eu\/fi\/wp-json\/wp\/v2\/product"}],"about":[{"href":"https:\/\/staging.nbg.eu\/fi\/wp-json\/wp\/v2\/types\/product"}],"wp:featuredmedia":[{"embeddable":true,"href":"https:\/\/staging.nbg.eu\/fi\/wp-json\/wp\/v2\/media\/114880"}],"wp:attachment":[{"href":"https:\/\/staging.nbg.eu\/fi\/wp-json\/wp\/v2\/media?parent=140547"}],"wp:term":[{"taxonomy":"product_brand","embeddable":true,"href":"https:\/\/staging.nbg.eu\/fi\/wp-json\/wp\/v2\/product_brand?post=140547"},{"taxonomy":"product_cat","embeddable":true,"href":"https:\/\/staging.nbg.eu\/fi\/wp-json\/wp\/v2\/product_cat?post=140547"},{"taxonomy":"product_tag","embeddable":true,"href":"https:\/\/staging.nbg.eu\/fi\/wp-json\/wp\/v2\/product_tag?post=140547"}],"curies":[{"name":"wp","href":"https:\/\/api.w.org\/{rel}","templated":true}]}}