{"id":140283,"date":"2025-01-04T04:41:18","date_gmt":"2025-01-10T15:15:49","guid":{"rendered":"https:\/\/staging.nbg.eu\/product\/area-419-arcalock-12-m-lok-dovetail-rail\/"},"modified":"2025-01-10T15:17:59","modified_gmt":"2025-01-10T15:17:59","slug":"area-419-arcalock-12-m-lok-siniharja-kisko","status":"publish","type":"product","link":"https:\/\/staging.nbg.eu\/fi\/tuote\/area-419-arcalock-12-m-lok-siniharja-kisko\/","title":{"rendered":"Area 419 &#8211; ARCALOCK 12&#8243; M-LOK Siniharja Kisko"},"content":{"rendered":"<div class=\"product-description\">\n<h2>Area 419 &#8211; ARCALOCK 12&#8243; M-LOK Kiskoliit\u00e4nt\u00e4<\/h2>\n<p>ARCALOCK 12&#8243; M-LOK Kiskoliit\u00e4nt\u00e4 Area 419:lt\u00e4. T\u00e4m\u00e4n kiskoliit\u00e4nn\u00e4n ominaisuudet:<\/p>\n<ul>\n<li>Hammastetut kiskoreunukset mekaanista lukitusta varten Area 419 -kiinnikkeiden kanssa<\/li>\n<li>Yhteensopiva tavallisten Arca-lis\u00e4varusteiden kanssa<\/li>\n<li>12 tuuman pituus<\/li>\n<li>Paino 4,1 unssia<\/li>\n<li>Yhteensopiva RRS 1,5&#8243; kiskoliit\u00e4nt\u00e4standardin kanssa<\/li>\n<li>Viistotut reunat ja py\u00f6ristetyt kulmat<\/li>\n<li>Tyypin 3 kova anodisoitu pinta<\/li>\n<li>Valmistettu USA:ssa 6061-T6 alumiinista<\/li>\n<li>M-LOK-urat alapuolella lis\u00e4kiinnityksi\u00e4 varten<\/li>\n<\/ul>\n<p>ARCALOCK-kisko on suunniteltu est\u00e4m\u00e4\u00e4n liukumista paineen alla. Sis\u00e4lt\u00e4\u00e4 tarvittavat M-LOK-kiinnitystarvikkeet.<\/p>\n<p><strong>Huomio:<\/strong> Vaatii 6 per\u00e4kk\u00e4ist\u00e4 MLOK-uraa kiinnitykseen. Takakulmaan asennettava estetuki myyd\u00e4\u00e4n erikseen.<\/p>\n<\/div>\n","protected":false},"excerpt":{"rendered":"<p>Lukittuva 12&#8243; ARCA-kisko M-LOK-urilla. Hammastetut sivut, kevyt, kest\u00e4v\u00e4.<\/p>\n","protected":false},"featured_media":112409,"template":"","meta":{"_acf_changed":false},"product_brand":[11033],"product_cat":[13173,13225,390],"product_tag":[],"class_list":{"0":"post-140283","1":"product","2":"type-product","3":"status-publish","4":"has-post-thumbnail","6":"product_brand-area-419","7":"product_cat-kiskot","8":"product_cat-kivaeaeri","9":"product_cat-aiming","11":"first","12":"instock","13":"taxable","14":"shipping-taxable","15":"purchasable","16":"product-type-variable","17":"wvs-archive-product-wrapper"},"acf":[],"_links":{"self":[{"href":"https:\/\/staging.nbg.eu\/fi\/wp-json\/wp\/v2\/product\/140283","targetHints":{"allow":["GET"]}}],"collection":[{"href":"https:\/\/staging.nbg.eu\/fi\/wp-json\/wp\/v2\/product"}],"about":[{"href":"https:\/\/staging.nbg.eu\/fi\/wp-json\/wp\/v2\/types\/product"}],"wp:featuredmedia":[{"embeddable":true,"href":"https:\/\/staging.nbg.eu\/fi\/wp-json\/wp\/v2\/media\/112409"}],"wp:attachment":[{"href":"https:\/\/staging.nbg.eu\/fi\/wp-json\/wp\/v2\/media?parent=140283"}],"wp:term":[{"taxonomy":"product_brand","embeddable":true,"href":"https:\/\/staging.nbg.eu\/fi\/wp-json\/wp\/v2\/product_brand?post=140283"},{"taxonomy":"product_cat","embeddable":true,"href":"https:\/\/staging.nbg.eu\/fi\/wp-json\/wp\/v2\/product_cat?post=140283"},{"taxonomy":"product_tag","embeddable":true,"href":"https:\/\/staging.nbg.eu\/fi\/wp-json\/wp\/v2\/product_tag?post=140283"}],"curies":[{"name":"wp","href":"https:\/\/api.w.org\/{rel}","templated":true}]}}