{"id":140147,"date":"2025-01-04T04:53:09","date_gmt":"2025-01-10T14:00:24","guid":{"rendered":"https:\/\/staging.nbg.eu\/product\/area-419-arcalock-12-universal-dovetail-rail\/"},"modified":"2025-01-10T14:02:17","modified_gmt":"2025-01-10T14:02:17","slug":"area-419-arcalock-12-universaali-jousihaentaekisko","status":"publish","type":"product","link":"https:\/\/staging.nbg.eu\/fi\/tuote\/area-419-arcalock-12-universaali-jousihaentaekisko\/","title":{"rendered":"Area 419 &#8211; ARCALOCK 12&#8243; universaali jousih\u00e4nt\u00e4kisko"},"content":{"rendered":"<div class=\"product-description\">\n<h2>Area 419 &#8211; ARCALOCK 12&#8243; Yleisk\u00e4ytt\u00f6inen Lohenpyrst\u00f6kisko<\/h2>\n<p>ARCALOCK 12&#8243; Yleisk\u00e4ytt\u00f6inen Lohenpyrst\u00f6kisko Area 419:lt\u00e4. T\u00e4m\u00e4n kiskon ominaisuudet:<\/p>\n<ul>\n<li>Hammastetut sivut mekaanista lukitusta varten Area 419 -kiinnikkeiden kanssa<\/li>\n<li>Yhteensopivuus tavallisten Arca-lis\u00e4varusteiden kanssa<\/li>\n<li>12&#8243; pituus<\/li>\n<li>Paino 4,1 unssia<\/li>\n<li>Yhteensopiva RRS 1,5&#8243; lohenpyrst\u00f6standardin kanssa<\/li>\n<li>Py\u00f6ristetyt reunat<\/li>\n<li>Useita kiinnityskohtia<\/li>\n<li>Tyyppi 3 Kovapinnoitettu 6061-T6 alumiinirakenne<\/li>\n<li>Valmistettu Yhdysvalloissa<\/li>\n<\/ul>\n<p>ARCALOCK-kiskoj\u00e4rjestelm\u00e4. MLOK-kiinnitysosat eiv\u00e4t sis\u00e4lly.<\/p>\n<\/div>\n","protected":false},"excerpt":{"rendered":"<p>Lukittuva 12&#8243; ARCA-kisko tarkkuuskiv\u00e4\u00e4reille. MLOK-kiinnitystarvikkeet eiv\u00e4t sis\u00e4lly.<\/p>\n","protected":false},"featured_media":114647,"template":"","meta":{"_acf_changed":false},"product_brand":[11033],"product_cat":[13173,13225,390],"product_tag":[],"class_list":{"0":"post-140147","1":"product","2":"type-product","3":"status-publish","4":"has-post-thumbnail","6":"product_brand-area-419","7":"product_cat-kiskot","8":"product_cat-kivaeaeri","9":"product_cat-aiming","11":"first","12":"instock","13":"taxable","14":"shipping-taxable","15":"purchasable","16":"product-type-simple"},"acf":[],"_links":{"self":[{"href":"https:\/\/staging.nbg.eu\/fi\/wp-json\/wp\/v2\/product\/140147","targetHints":{"allow":["GET"]}}],"collection":[{"href":"https:\/\/staging.nbg.eu\/fi\/wp-json\/wp\/v2\/product"}],"about":[{"href":"https:\/\/staging.nbg.eu\/fi\/wp-json\/wp\/v2\/types\/product"}],"wp:featuredmedia":[{"embeddable":true,"href":"https:\/\/staging.nbg.eu\/fi\/wp-json\/wp\/v2\/media\/114647"}],"wp:attachment":[{"href":"https:\/\/staging.nbg.eu\/fi\/wp-json\/wp\/v2\/media?parent=140147"}],"wp:term":[{"taxonomy":"product_brand","embeddable":true,"href":"https:\/\/staging.nbg.eu\/fi\/wp-json\/wp\/v2\/product_brand?post=140147"},{"taxonomy":"product_cat","embeddable":true,"href":"https:\/\/staging.nbg.eu\/fi\/wp-json\/wp\/v2\/product_cat?post=140147"},{"taxonomy":"product_tag","embeddable":true,"href":"https:\/\/staging.nbg.eu\/fi\/wp-json\/wp\/v2\/product_tag?post=140147"}],"curies":[{"name":"wp","href":"https:\/\/api.w.org\/{rel}","templated":true}]}}