{"id":140037,"date":"2025-01-04T08:32:04","date_gmt":"2025-01-10T13:41:52","guid":{"rendered":"https:\/\/staging.nbg.eu\/product\/area-419-arcalock-17-universal-dovetail-rail\/"},"modified":"2025-01-10T13:43:46","modified_gmt":"2025-01-10T13:43:46","slug":"area-419-arcalock-17-universaali-jousihaentaekisko","status":"publish","type":"product","link":"https:\/\/staging.nbg.eu\/fi\/tuote\/area-419-arcalock-17-universaali-jousihaentaekisko\/","title":{"rendered":"Area 419 &#8211; ARCALOCK 17&#8243; universaali jousih\u00e4nt\u00e4kisko"},"content":{"rendered":"<div class=\"product-description\">\n<h2>Area 419 &#8211; ARCALOCK 17&#8243; Yleismallinen Lohenpyrst\u00f6kisko<\/h2>\n<p>ARCALOCK Lohenpyrst\u00f6kiskoj\u00e4rjestelm\u00e4. T\u00e4m\u00e4 17&#8243; kisko sis\u00e4lt\u00e4\u00e4:<\/p>\n<ul>\n<li>Sahalaitaiset sivut mekaanista lukitusta varten Area 419 -kiinnikkeiden kanssa<\/li>\n<li>Taaksep\u00e4in yhteensopiva tavallisten Arca-lis\u00e4varusteiden kanssa<\/li>\n<li>RRS 1.5&#8243; Lohenpyrst\u00f6standardi yhteensopiva<\/li>\n<li>Viistetyt reunat<\/li>\n<li>Useita kiinnityspisteit\u00e4<\/li>\n<li>Tyyppi 3 Kovapinnoitettu anodisoitu 6061-T6 Alumiini rakenne<\/li>\n<li>Valmistettu USA:ssa kotimaisista materiaaleista<\/li>\n<\/ul>\n<p>Sis\u00e4lt\u00e4\u00e4 pidennetyn Remington 700 -tyyppisen toimintaruuvin ja kiinnitystarvikkeet.<\/p>\n<p><em>Huomautus: Takaosan kiinte\u00e4 estetuki ja MLOK-tarvikkeet eiv\u00e4t sis\u00e4lly.<\/em><\/p>\n<\/div>\n","protected":false},"excerpt":{"rendered":"<p>&#8221;Lukittuva ARCA-kisko tarkkuuskiv\u00e4\u00e4reille. 43 cm:n pituinen, USA:ssa valmistettu alumiinikisko.&#8221;<\/p>\n","protected":false},"featured_media":116045,"template":"","meta":{"_acf_changed":false},"product_brand":[11033],"product_cat":[13173,13225,390],"product_tag":[],"class_list":{"0":"post-140037","1":"product","2":"type-product","3":"status-publish","4":"has-post-thumbnail","6":"product_brand-area-419","7":"product_cat-kiskot","8":"product_cat-kivaeaeri","9":"product_cat-aiming","11":"first","12":"instock","13":"taxable","14":"shipping-taxable","15":"purchasable","16":"product-type-simple"},"acf":[],"_links":{"self":[{"href":"https:\/\/staging.nbg.eu\/fi\/wp-json\/wp\/v2\/product\/140037","targetHints":{"allow":["GET"]}}],"collection":[{"href":"https:\/\/staging.nbg.eu\/fi\/wp-json\/wp\/v2\/product"}],"about":[{"href":"https:\/\/staging.nbg.eu\/fi\/wp-json\/wp\/v2\/types\/product"}],"wp:featuredmedia":[{"embeddable":true,"href":"https:\/\/staging.nbg.eu\/fi\/wp-json\/wp\/v2\/media\/116045"}],"wp:attachment":[{"href":"https:\/\/staging.nbg.eu\/fi\/wp-json\/wp\/v2\/media?parent=140037"}],"wp:term":[{"taxonomy":"product_brand","embeddable":true,"href":"https:\/\/staging.nbg.eu\/fi\/wp-json\/wp\/v2\/product_brand?post=140037"},{"taxonomy":"product_cat","embeddable":true,"href":"https:\/\/staging.nbg.eu\/fi\/wp-json\/wp\/v2\/product_cat?post=140037"},{"taxonomy":"product_tag","embeddable":true,"href":"https:\/\/staging.nbg.eu\/fi\/wp-json\/wp\/v2\/product_tag?post=140037"}],"curies":[{"name":"wp","href":"https:\/\/api.w.org\/{rel}","templated":true}]}}