{"id":139838,"date":"2025-01-04T06:50:31","date_gmt":"2025-01-10T13:07:52","guid":{"rendered":"https:\/\/staging.nbg.eu\/product\/area-419-arcalock-6-m-lok-dovetail-rail\/"},"modified":"2025-01-10T13:09:59","modified_gmt":"2025-01-10T13:09:59","slug":"area-419-arcalock-6-m-lok-jousihaentaekisko","status":"publish","type":"product","link":"https:\/\/staging.nbg.eu\/fi\/tuote\/area-419-arcalock-6-m-lok-jousihaentaekisko\/","title":{"rendered":"Area 419 &#8211; ARCALOCK 6&#8243; M-LOK jousih\u00e4nt\u00e4kisko"},"content":{"rendered":"<div class=\"product-description\">\n<h2>Area 419 &#8211; ARCALOCK 6&#8243; M-LOK Lohenpyrst\u00f6kisko<\/h2>\n<p><strong>Huomio: Vaatii 3 per\u00e4kk\u00e4ist\u00e4 M-LOK-paikkaa kiinnitykseen.<\/strong><\/p>\n<p>ARCALOCK Lohenpyrst\u00f6kiskoj\u00e4rjestelm\u00e4. T\u00e4m\u00e4 6&#8243; kisko sis\u00e4lt\u00e4\u00e4:<\/p>\n<ul>\n<li>Hammastetut sivut mekaaniseen lukitukseen Area 419 -puristimilla<\/li>\n<li>Yhteensopivuus tavallisten ARCA-lis\u00e4varusteiden kanssa<\/li>\n<li>Paino 2,2 unssia<\/li>\n<li>RRS 1,5&#8243; Lohenpyrst\u00f6standardi-yhteensopiva<\/li>\n<li>Viistetyt reunat ja py\u00f6ristetyt kulmat<\/li>\n<li>Tyyppi 3 Kova anodisoitu 6061-T6 alumiinirakenne<\/li>\n<li>Valmistettu USA:ssa kotimaisista materiaaleista<\/li>\n<\/ul>\n<p>Sis\u00e4lt\u00e4\u00e4 tarvittavat M-LOK-kiinnitystarvikkeet.<\/p>\n<\/div>\n","protected":false},"excerpt":{"rendered":"<p>Turvallinen 6 tuuman M-LOK-lohenpyrst\u00f6kisko lukitusurilla. Valmistettu Yhdysvalloissa.<\/p>\n","protected":false},"featured_media":114260,"template":"","meta":{"_acf_changed":false},"product_brand":[11033],"product_cat":[13173,13225],"product_tag":[],"class_list":{"0":"post-139838","1":"product","2":"type-product","3":"status-publish","4":"has-post-thumbnail","6":"product_brand-area-419","7":"product_cat-kiskot","8":"product_cat-kivaeaeri","10":"first","11":"instock","12":"taxable","13":"shipping-taxable","14":"purchasable","15":"product-type-variable","16":"wvs-archive-product-wrapper"},"acf":[],"_links":{"self":[{"href":"https:\/\/staging.nbg.eu\/fi\/wp-json\/wp\/v2\/product\/139838","targetHints":{"allow":["GET"]}}],"collection":[{"href":"https:\/\/staging.nbg.eu\/fi\/wp-json\/wp\/v2\/product"}],"about":[{"href":"https:\/\/staging.nbg.eu\/fi\/wp-json\/wp\/v2\/types\/product"}],"wp:featuredmedia":[{"embeddable":true,"href":"https:\/\/staging.nbg.eu\/fi\/wp-json\/wp\/v2\/media\/114260"}],"wp:attachment":[{"href":"https:\/\/staging.nbg.eu\/fi\/wp-json\/wp\/v2\/media?parent=139838"}],"wp:term":[{"taxonomy":"product_brand","embeddable":true,"href":"https:\/\/staging.nbg.eu\/fi\/wp-json\/wp\/v2\/product_brand?post=139838"},{"taxonomy":"product_cat","embeddable":true,"href":"https:\/\/staging.nbg.eu\/fi\/wp-json\/wp\/v2\/product_cat?post=139838"},{"taxonomy":"product_tag","embeddable":true,"href":"https:\/\/staging.nbg.eu\/fi\/wp-json\/wp\/v2\/product_tag?post=139838"}],"curies":[{"name":"wp","href":"https:\/\/api.w.org\/{rel}","templated":true}]}}