{"id":139406,"date":"2025-01-04T07:39:43","date_gmt":"2025-01-10T10:49:09","guid":{"rendered":"https:\/\/staging.nbg.eu\/product\/area-419-arcalock-fixed-barricade-block\/"},"modified":"2025-01-10T10:51:05","modified_gmt":"2025-01-10T10:51:05","slug":"area-419-arcalock-kiinteae-barrikadilohko","status":"publish","type":"product","link":"https:\/\/staging.nbg.eu\/fi\/tuote\/area-419-arcalock-kiinteae-barrikadilohko\/","title":{"rendered":"Area 419 &#8211; ARCALOCK kiinte\u00e4 barrikadilohko"},"content":{"rendered":"<div class=\"product-description\">\n<h2>Area 419 &#8211; ARCALOCK Kiinte\u00e4 Esteblokki<\/h2>\n<p>ARCALOCK Kiinte\u00e4 Esteblokki on suunniteltu tasaisille ARCALOCK-kiskoille. T\u00e4m\u00e4 lis\u00e4varuste liukuu 12&#8243; Universal-, M-LOK-, Keymod- ja MPA-kiskoille, tarjoten tukevan ja s\u00e4\u00e4dett\u00e4v\u00e4n pys\u00e4yttimen.<\/p>\n<ul>\n<li>1-1\/8&#8243; korkea kiskon pohjasta<\/li>\n<li>Uritettu pinta pit\u00e4vyytt\u00e4 varten<\/li>\n<li>Puristusmekanismi lukitusruuvilla vakauden varmistamiseksi<\/li>\n<li>Valmistettu 6061-T6 alumiinista<\/li>\n<li>Tyyppi III musta kovapinnoitettu anodisoitu viimeistely<\/li>\n<li>Sis\u00e4lt\u00e4\u00e4 3\/32&#8243; avaimen s\u00e4\u00e4t\u00f6\u00e4 varten<\/li>\n<\/ul>\n<p>Painaa 0,2 lbs ja mitat ovat 2&#8243; x 1,5&#8243; x 1,5&#8243;. T\u00e4m\u00e4 kompakti blokki on kest\u00e4v\u00e4 ja tarkka.<\/p>\n<\/div>\n","protected":false},"excerpt":{"rendered":"<p>Turvallinen, s\u00e4\u00e4dett\u00e4v\u00e4 estopys\u00e4ytin ARCALOCK-kiskoja varten. Alumiinia, uritetulla otepinnalla.<\/p>\n","protected":false},"featured_media":115542,"template":"","meta":{"_acf_changed":false},"product_brand":[11033],"product_cat":[13173,13225,390],"product_tag":[],"class_list":{"0":"post-139406","1":"product","2":"type-product","3":"status-publish","4":"has-post-thumbnail","6":"product_brand-area-419","7":"product_cat-kiskot","8":"product_cat-kivaeaeri","9":"product_cat-aiming","11":"first","12":"instock","13":"taxable","14":"shipping-taxable","15":"purchasable","16":"product-type-simple"},"acf":[],"_links":{"self":[{"href":"https:\/\/staging.nbg.eu\/fi\/wp-json\/wp\/v2\/product\/139406","targetHints":{"allow":["GET"]}}],"collection":[{"href":"https:\/\/staging.nbg.eu\/fi\/wp-json\/wp\/v2\/product"}],"about":[{"href":"https:\/\/staging.nbg.eu\/fi\/wp-json\/wp\/v2\/types\/product"}],"wp:featuredmedia":[{"embeddable":true,"href":"https:\/\/staging.nbg.eu\/fi\/wp-json\/wp\/v2\/media\/115542"}],"wp:attachment":[{"href":"https:\/\/staging.nbg.eu\/fi\/wp-json\/wp\/v2\/media?parent=139406"}],"wp:term":[{"taxonomy":"product_brand","embeddable":true,"href":"https:\/\/staging.nbg.eu\/fi\/wp-json\/wp\/v2\/product_brand?post=139406"},{"taxonomy":"product_cat","embeddable":true,"href":"https:\/\/staging.nbg.eu\/fi\/wp-json\/wp\/v2\/product_cat?post=139406"},{"taxonomy":"product_tag","embeddable":true,"href":"https:\/\/staging.nbg.eu\/fi\/wp-json\/wp\/v2\/product_tag?post=139406"}],"curies":[{"name":"wp","href":"https:\/\/api.w.org\/{rel}","templated":true}]}}