{"id":139298,"date":"2025-01-04T11:28:41","date_gmt":"2025-01-04T11:28:41","guid":{"rendered":"https:\/\/staging.nbg.eu\/product\/area-419-3-inch-stackable-drop-tube\/"},"modified":"2025-01-10T10:36:01","modified_gmt":"2025-01-10T10:36:01","slug":"area-419-3-tuuman-pinottava-pudotusputki","status":"publish","type":"product","link":"https:\/\/staging.nbg.eu\/fi\/tuote\/area-419-3-tuuman-pinottava-pudotusputki\/","title":{"rendered":"Area 419 &#8211; 3 tuuman pinottava pudotusputki"},"content":{"rendered":"<h2>Area 419 &#8211; 7,62 cm pinoava pudotusputki<\/h2>\n<p>Area 419 7,62 cm pinoava pudotusputki on suunniteltu k\u00e4ytett\u00e4v\u00e4ksi pursotettujen ruutien kanssa. T\u00e4m\u00e4 ty\u00f6kalu mahdollistaa hylsyn t\u00e4ytt\u00e4misen t\u00e4ydemm\u00e4ksi kuin tavallisesti.<\/p>\n<h2>Ominaisuudet:<\/h2>\n<ul>\n<li>Yhteensopiva Area 419 vaihdettavap\u00e4isen ruutisuppiloj\u00e4rjestelm\u00e4n kanssa<\/li>\n<li>7,62 cm pituus, pinottava mukautettujen korkeuksien saavuttamiseksi<\/li>\n<li>Hyv\u00e4ksyy kaliiberikohtaiset p\u00e4\u00e4t<\/li>\n<li>Koneistettu kiinte\u00e4st\u00e4 6061-T6 alumiinista<\/li>\n<li>Tyyppi II anodisoitu pinta<\/li>\n<\/ul>\n<h2>Tekniset tiedot:<\/h2>\n<ul>\n<li>Paino: 90,7 g<\/li>\n<li>Mitat: 7,62 cm \u00d7 2,03 cm \u00d7 2,03 cm<\/li>\n<li>Valmistaja: Area 419<\/li>\n<\/ul>\n<p>T\u00e4m\u00e4 monipuolinen pudotusputki on suunniteltu tarkkuuslataamiseen.<\/p>\n","protected":false},"excerpt":{"rendered":"<p>Pinottava 3 tuuman (7,6 cm) jauheensy\u00f6tt\u00f6putki tehokkaaseen hylsyn t\u00e4ytt\u00f6\u00f6n. Alumiinia.<\/p>\n","protected":false},"featured_media":119160,"template":"","meta":{"_acf_changed":false},"product_brand":[11033],"product_cat":[13221,13175],"product_tag":[],"class_list":{"0":"post-139298","1":"product","2":"type-product","3":"status-publish","4":"has-post-thumbnail","6":"product_brand-area-419","7":"product_cat-lataaminen","8":"product_cat-latausvaelineet","10":"first","11":"outofstock","12":"taxable","13":"shipping-taxable","14":"purchasable","15":"product-type-simple"},"acf":[],"_links":{"self":[{"href":"https:\/\/staging.nbg.eu\/fi\/wp-json\/wp\/v2\/product\/139298","targetHints":{"allow":["GET"]}}],"collection":[{"href":"https:\/\/staging.nbg.eu\/fi\/wp-json\/wp\/v2\/product"}],"about":[{"href":"https:\/\/staging.nbg.eu\/fi\/wp-json\/wp\/v2\/types\/product"}],"wp:featuredmedia":[{"embeddable":true,"href":"https:\/\/staging.nbg.eu\/fi\/wp-json\/wp\/v2\/media\/119160"}],"wp:attachment":[{"href":"https:\/\/staging.nbg.eu\/fi\/wp-json\/wp\/v2\/media?parent=139298"}],"wp:term":[{"taxonomy":"product_brand","embeddable":true,"href":"https:\/\/staging.nbg.eu\/fi\/wp-json\/wp\/v2\/product_brand?post=139298"},{"taxonomy":"product_cat","embeddable":true,"href":"https:\/\/staging.nbg.eu\/fi\/wp-json\/wp\/v2\/product_cat?post=139298"},{"taxonomy":"product_tag","embeddable":true,"href":"https:\/\/staging.nbg.eu\/fi\/wp-json\/wp\/v2\/product_tag?post=139298"}],"curies":[{"name":"wp","href":"https:\/\/api.w.org\/{rel}","templated":true}]}}