{"id":139172,"date":"2025-01-04T11:14:34","date_gmt":"2025-01-04T11:14:34","guid":{"rendered":"https:\/\/staging.nbg.eu\/product\/fixed-scope-level-for-area-419-rings-and-mounts\/"},"modified":"2025-01-10T10:27:42","modified_gmt":"2025-01-10T10:27:42","slug":"kiinteae-vesivaaka-area-419-renkaita-ja-kiinnikkeitae-varten","status":"publish","type":"product","link":"https:\/\/staging.nbg.eu\/fi\/tuote\/kiinteae-vesivaaka-area-419-renkaita-ja-kiinnikkeitae-varten\/","title":{"rendered":"Kiinte\u00e4 vesivaaka Area 419 renkaita ja kiinnikkeit\u00e4 varten"},"content":{"rendered":"<div class=\"product-description\">\n<h2>Kiinte\u00e4 kiikaritason vesivaaka Area 419 renkaita ja kiinnikkeit\u00e4 varten<\/h2>\n<p>Kiinte\u00e4 kiikaritason vesivaaka. Suunniteltu hyv\u00e4\u00e4 n\u00e4kyvyytt\u00e4 ja toistettavuutta varten. Ominaisuudet:<\/p>\n<ul>\n<li>Hyvin n\u00e4kyv\u00e4 nestekupla helppolukuisuutta varten<\/li>\n<li>Monipuolinen muotoilu, yhteensopiva useiden kiinnityskohtien kanssa<\/li>\n<li>Valmistettu kest\u00e4v\u00e4st\u00e4 6061 alumiinista<\/li>\n<li>Valmistettu Yhdysvalloissa<\/li>\n<\/ul>\n<p>Tarkoitettu tarkka-ampujille, jotka vaativat tarkkuutta. Voidaan kiinnitt\u00e4\u00e4 kaikkiin renkaisiin ja kiinnikkeisiin.<\/p>\n<h3>Tekniset tiedot:<\/h3>\n<ul>\n<li>Paino: 0,23 kg<\/li>\n<li>Mitat: 15,2 \u00d7 10,2 \u00d7 2,5 cm<\/li>\n<\/ul>\n<p>Kiinte\u00e4 kiikaritason vesivaaka.<\/p>\n<\/div>\n","protected":false},"excerpt":{"rendered":"<p>&#8221;N\u00e4kyv\u00e4, toistettava t\u00e4ht\u00e4intaso. Yhdysvalloissa valmistettu alumiini. Monipuoliset kiinnitysmahdollisuudet.&#8221;<\/p>\n","protected":false},"featured_media":118918,"template":"","meta":{"_acf_changed":false},"product_brand":[11033],"product_cat":[13201,13158],"product_tag":[],"class_list":{"0":"post-139172","1":"product","2":"type-product","3":"status-publish","4":"has-post-thumbnail","6":"product_brand-area-419","7":"product_cat-taehtaeys","8":"product_cat-taehtaeystarvikkeet","10":"first","11":"instock","12":"taxable","13":"shipping-taxable","14":"purchasable","15":"product-type-simple"},"acf":[],"_links":{"self":[{"href":"https:\/\/staging.nbg.eu\/fi\/wp-json\/wp\/v2\/product\/139172","targetHints":{"allow":["GET"]}}],"collection":[{"href":"https:\/\/staging.nbg.eu\/fi\/wp-json\/wp\/v2\/product"}],"about":[{"href":"https:\/\/staging.nbg.eu\/fi\/wp-json\/wp\/v2\/types\/product"}],"wp:featuredmedia":[{"embeddable":true,"href":"https:\/\/staging.nbg.eu\/fi\/wp-json\/wp\/v2\/media\/118918"}],"wp:attachment":[{"href":"https:\/\/staging.nbg.eu\/fi\/wp-json\/wp\/v2\/media?parent=139172"}],"wp:term":[{"taxonomy":"product_brand","embeddable":true,"href":"https:\/\/staging.nbg.eu\/fi\/wp-json\/wp\/v2\/product_brand?post=139172"},{"taxonomy":"product_cat","embeddable":true,"href":"https:\/\/staging.nbg.eu\/fi\/wp-json\/wp\/v2\/product_cat?post=139172"},{"taxonomy":"product_tag","embeddable":true,"href":"https:\/\/staging.nbg.eu\/fi\/wp-json\/wp\/v2\/product_tag?post=139172"}],"curies":[{"name":"wp","href":"https:\/\/api.w.org\/{rel}","templated":true}]}}