{"id":139064,"date":"2025-01-04T11:21:50","date_gmt":"2025-01-04T11:21:50","guid":{"rendered":"https:\/\/staging.nbg.eu\/product\/area-419-master-funnel-kit\/"},"modified":"2025-01-10T10:22:20","modified_gmt":"2025-01-10T10:22:20","slug":"area-419-master-suppilo-sarja","status":"publish","type":"product","link":"https:\/\/staging.nbg.eu\/fi\/tuote\/area-419-master-suppilo-sarja\/","title":{"rendered":"Area 419 &#8211; Master suppilo -sarja"},"content":{"rendered":"<h2>Area 419 &#8211; Suppiloj\u00e4rjestelm\u00e4<\/h2>\n<p>Area 419 suppiloj\u00e4rjestelm\u00e4 sis\u00e4lt\u00e4\u00e4:<\/p>\n<ul>\n<li>1 Suppilon runko<\/li>\n<li>6 Kaliperikohtaista v\u00e4rikoodattua p\u00e4\u00e4t\u00e4 (22 cal, 6mm\/243, 6.5mm\/264, 7mm\/284, 30 cal, 338 cal)<\/li>\n<li>1 S\u00e4ilytysteline<\/li>\n<\/ul>\n<p>Valmistettu 6061-T6 alumiinista. Vaihdettavat p\u00e4\u00e4t sopivat eri kaliipereille. Suunnitteluun kuuluu:<\/p>\n<ul>\n<li>Uurrettu sis\u00e4pinta ruudin virtaukselle<\/li>\n<li>Koneistetut kahvat<\/li>\n<li>Sile\u00e4t pinnat<\/li>\n<\/ul>\n<p>Valmistettu Yhdysvalloissa.<\/p>\n","protected":false},"excerpt":{"rendered":"<p>Area 419 Master suppilolajitelma: Tarkkuuslatausta varten, sis\u00e4lt\u00e4\u00e4 6 kaliiperin p\u00e4\u00e4t.<\/p>\n","protected":false},"featured_media":119062,"template":"","meta":{"_acf_changed":false},"product_brand":[11033],"product_cat":[13221,13175],"product_tag":[],"class_list":{"0":"post-139064","1":"product","2":"type-product","3":"status-publish","4":"has-post-thumbnail","6":"product_brand-area-419","7":"product_cat-lataaminen","8":"product_cat-latausvaelineet","10":"first","11":"instock","12":"taxable","13":"shipping-taxable","14":"purchasable","15":"product-type-simple"},"acf":[],"_links":{"self":[{"href":"https:\/\/staging.nbg.eu\/fi\/wp-json\/wp\/v2\/product\/139064","targetHints":{"allow":["GET"]}}],"collection":[{"href":"https:\/\/staging.nbg.eu\/fi\/wp-json\/wp\/v2\/product"}],"about":[{"href":"https:\/\/staging.nbg.eu\/fi\/wp-json\/wp\/v2\/types\/product"}],"wp:featuredmedia":[{"embeddable":true,"href":"https:\/\/staging.nbg.eu\/fi\/wp-json\/wp\/v2\/media\/119062"}],"wp:attachment":[{"href":"https:\/\/staging.nbg.eu\/fi\/wp-json\/wp\/v2\/media?parent=139064"}],"wp:term":[{"taxonomy":"product_brand","embeddable":true,"href":"https:\/\/staging.nbg.eu\/fi\/wp-json\/wp\/v2\/product_brand?post=139064"},{"taxonomy":"product_cat","embeddable":true,"href":"https:\/\/staging.nbg.eu\/fi\/wp-json\/wp\/v2\/product_cat?post=139064"},{"taxonomy":"product_tag","embeddable":true,"href":"https:\/\/staging.nbg.eu\/fi\/wp-json\/wp\/v2\/product_tag?post=139064"}],"curies":[{"name":"wp","href":"https:\/\/api.w.org\/{rel}","templated":true}]}}