{"id":138316,"date":"2025-01-04T04:14:08","date_gmt":"2025-01-09T20:34:07","guid":{"rendered":"https:\/\/staging.nbg.eu\/product\/area-419-remington-700-long-action-improved-scope-rail-isr-la\/"},"modified":"2025-01-09T20:36:29","modified_gmt":"2025-01-09T20:36:29","slug":"area-419-remington-700-long-action-parannettu-kiikarikisko-isr-la","status":"publish","type":"product","link":"https:\/\/staging.nbg.eu\/fi\/tuote\/area-419-remington-700-long-action-parannettu-kiikarikisko-isr-la\/","title":{"rendered":"Area 419 &#8211; Remington 700 Long Action parannettu kiikarikisko (ISR-LA)"},"content":{"rendered":"<div class=\"product-description\">\n<h2>Area 419 &#8211; Remington 700 pitk\u00e4n toiminnan parannettu kiikarikisko (ISR-LA)<\/h2>\n<p>Area 419 ISR-LA kiikarikisko. Valmistettu 7075 alumiinista, t\u00e4m\u00e4n kiskon ominaisuudet:<\/p>\n<ul>\n<li>Sis\u00e4\u00e4nrakennettu rekyyliuloke vakauden parantamiseksi<\/li>\n<li>Saatavana t\u00e4ysuritettu ja ARC-yl\u00e4osa malleina<\/li>\n<li>Yhteensopiva #6 ja #8 ruuvien kanssa<\/li>\n<li>20 MOA kulma pidemm\u00e4lle et\u00e4isyydelle<\/li>\n<li>MIL-STD-1913 standardin mukainen<\/li>\n<li>Tyyppi III kovapinnoitettu musta anodisoitu pinta<\/li>\n<\/ul>\n<p>Sis\u00e4lt\u00e4\u00e4 kiinnitystarvikkeet ja Torx T10 avaimen. Valitse t\u00e4ysuritettu yleiseen yhteensopivuuteen tai ARC-yl\u00e4osa. Mitat: 8,25&#8243; \u00d7 1&#8243; \u00d7 1&#8243;, Paino: 0,2 lbs.<\/p>\n<\/div>\n","protected":false},"excerpt":{"rendered":"<p>Tarkasti suunniteltu 20 MOA:n kiikarikisko Remington 700 LA -kiv\u00e4\u00e4reihin.<\/p>\n","protected":false},"featured_media":111602,"template":"","meta":{"_acf_changed":false},"product_brand":[11033],"product_cat":[13173,13225],"product_tag":[],"class_list":{"0":"post-138316","1":"product","2":"type-product","3":"status-publish","4":"has-post-thumbnail","6":"product_brand-area-419","7":"product_cat-kiskot","8":"product_cat-kivaeaeri","10":"first","11":"instock","12":"taxable","13":"shipping-taxable","14":"purchasable","15":"product-type-variable","16":"wvs-archive-product-wrapper"},"acf":[],"_links":{"self":[{"href":"https:\/\/staging.nbg.eu\/fi\/wp-json\/wp\/v2\/product\/138316","targetHints":{"allow":["GET"]}}],"collection":[{"href":"https:\/\/staging.nbg.eu\/fi\/wp-json\/wp\/v2\/product"}],"about":[{"href":"https:\/\/staging.nbg.eu\/fi\/wp-json\/wp\/v2\/types\/product"}],"wp:featuredmedia":[{"embeddable":true,"href":"https:\/\/staging.nbg.eu\/fi\/wp-json\/wp\/v2\/media\/111602"}],"wp:attachment":[{"href":"https:\/\/staging.nbg.eu\/fi\/wp-json\/wp\/v2\/media?parent=138316"}],"wp:term":[{"taxonomy":"product_brand","embeddable":true,"href":"https:\/\/staging.nbg.eu\/fi\/wp-json\/wp\/v2\/product_brand?post=138316"},{"taxonomy":"product_cat","embeddable":true,"href":"https:\/\/staging.nbg.eu\/fi\/wp-json\/wp\/v2\/product_cat?post=138316"},{"taxonomy":"product_tag","embeddable":true,"href":"https:\/\/staging.nbg.eu\/fi\/wp-json\/wp\/v2\/product_tag?post=138316"}],"curies":[{"name":"wp","href":"https:\/\/api.w.org\/{rel}","templated":true}]}}