{"id":137773,"date":"2025-01-04T10:53:28","date_gmt":"2025-01-04T10:53:28","guid":{"rendered":"https:\/\/staging.nbg.eu\/product\/area-419-harris-bipod-adapter\/"},"modified":"2025-01-09T15:57:49","modified_gmt":"2025-01-09T15:57:49","slug":"area-419-harris-jalustasoviitin","status":"publish","type":"product","link":"https:\/\/staging.nbg.eu\/fi\/tuote\/area-419-harris-jalustasoviitin\/","title":{"rendered":"Area 419 &#8211; Harris jalustasoviitin"},"content":{"rendered":"<div class=\"product-description\">\n<h2>Area 419 &#8211; Harris-kaksijalan sovitin<\/h2>\n<p>Area 419 -sovitin on suunniteltu &#8221;S&#8221; (Swivel) -tyypin Harris-kaksijaloille. T\u00e4m\u00e4n sovittimen avulla voit kiinnitt\u00e4\u00e4 kaksijalan ARCALOCK-kiinnitysalustoihin tai Atlas-kaksijalan kiskosovittimiin.<\/p>\n<ul>\n<li>Korvaa alkuper\u00e4isen k\u00e4\u00e4ntyv\u00e4n tapin kiinnitysalustan<\/li>\n<li>Yhteensopiva tehtaan kiristysruuvin tai KMW Pod Loc -kiristimen kanssa<\/li>\n<li>Valmistettu 6061-T6 alumiinista<\/li>\n<li>Tyypin III musta anodisoitu pinta<\/li>\n<li>Paino 0,09 kg<\/li>\n<li>Koko: 3,81 \u00d7 3,81 \u00d7 3,81 cm<\/li>\n<\/ul>\n<p><strong>Huomio:<\/strong> Kaksijalka ja kiinnitin eiv\u00e4t sis\u00e4lly. Ei yhteensopiva Barricade Stop -pys\u00e4yttimen kanssa.<\/p>\n<\/div>\n","protected":false},"excerpt":{"rendered":"<p>Muunna Harris Swivel -kaksijalkoja sopimaan ARCALOCK- tai Atlas-kiskoj\u00e4rjestelmiin.<\/p>\n","protected":false},"featured_media":117890,"template":"","meta":{"_acf_changed":false},"product_brand":[11033],"product_cat":[13218,13173,13225],"product_tag":[],"class_list":{"0":"post-137773","1":"product","2":"type-product","3":"status-publish","4":"has-post-thumbnail","6":"product_brand-area-419","7":"product_cat-jalustakiinnikkeet","8":"product_cat-kiskot","9":"product_cat-kivaeaeri","11":"first","12":"outofstock","13":"taxable","14":"shipping-taxable","15":"purchasable","16":"product-type-simple"},"acf":[],"_links":{"self":[{"href":"https:\/\/staging.nbg.eu\/fi\/wp-json\/wp\/v2\/product\/137773","targetHints":{"allow":["GET"]}}],"collection":[{"href":"https:\/\/staging.nbg.eu\/fi\/wp-json\/wp\/v2\/product"}],"about":[{"href":"https:\/\/staging.nbg.eu\/fi\/wp-json\/wp\/v2\/types\/product"}],"wp:featuredmedia":[{"embeddable":true,"href":"https:\/\/staging.nbg.eu\/fi\/wp-json\/wp\/v2\/media\/117890"}],"wp:attachment":[{"href":"https:\/\/staging.nbg.eu\/fi\/wp-json\/wp\/v2\/media?parent=137773"}],"wp:term":[{"taxonomy":"product_brand","embeddable":true,"href":"https:\/\/staging.nbg.eu\/fi\/wp-json\/wp\/v2\/product_brand?post=137773"},{"taxonomy":"product_cat","embeddable":true,"href":"https:\/\/staging.nbg.eu\/fi\/wp-json\/wp\/v2\/product_cat?post=137773"},{"taxonomy":"product_tag","embeddable":true,"href":"https:\/\/staging.nbg.eu\/fi\/wp-json\/wp\/v2\/product_tag?post=137773"}],"curies":[{"name":"wp","href":"https:\/\/api.w.org\/{rel}","templated":true}]}}