{"id":137411,"date":"2025-01-04T07:45:36","date_gmt":"2025-01-09T11:24:37","guid":{"rendered":"https:\/\/staging.nbg.eu\/product\/area-419-picatinny-1913-adapter-for-arcalock-clamps\/"},"modified":"2025-01-09T11:26:29","modified_gmt":"2025-01-09T11:26:29","slug":"area-419-picatinny1913-sovitin-arcalock-kiinnittimille","status":"publish","type":"product","link":"https:\/\/staging.nbg.eu\/fi\/tuote\/area-419-picatinny1913-sovitin-arcalock-kiinnittimille\/","title":{"rendered":"Area 419 &#8211; Picatinny\/1913 sovitin ARCALOCK kiinnittimille"},"content":{"rendered":"<h2>Area 419 &#8211; Picatinny\/1913-sovitin ARCALOCK-kiinnikkeille<\/h2>\n<p>T\u00e4m\u00e4 4-urainen Picatinny-kiskoadapteri on suunniteltu k\u00e4ytett\u00e4v\u00e4ksi ARCALOCK-kiinnikkeen kanssa. Adapteri mahdollistaa Picatinny-yhteensopivien kaksijalkatelineiden k\u00e4yt\u00f6n olemassa olevan kokoonpanon kanssa.<\/p>\n<h2>Ominaisuudet:<\/h2>\n<ul>\n<li>Yhteensopiva Atlas BT10 2-ruuvin mallien, Evon ja muiden Picatinny-yhteensopivien kaksijalkatelineiden kanssa<\/li>\n<li>Valmistettu itse laadunvalvonnan varmistamiseksi<\/li>\n<li>Integroitu hihnan kiinnityspiste<\/li>\n<li>Kevyt ja kompakti rakenne<\/li>\n<\/ul>\n<h2>Tekniset tiedot:<\/h2>\n<ul>\n<li>Paino: 91 g<\/li>\n<li>Mitat: 5,08 cm \u00d7 1,27 cm \u00d7 1,27 cm<\/li>\n<li>Valmistaja: B&amp;T Industries<\/li>\n<\/ul>\n<p>ARCALOCK-kiinnikkeen sovitin mahdollistaa monipuolisen k\u00e4yt\u00f6n ampumisessa.<\/p>\n","protected":false},"excerpt":{"rendered":"<p>4-urainen picatinny-kisko ARCALOCK-kiinnikkeelle, sopii Atlas- ja Evo-kaksijalkoihin.<\/p>\n","protected":false},"featured_media":115685,"template":"","meta":{"_acf_changed":false},"product_brand":[11033],"product_cat":[13173,13225,390],"product_tag":[],"class_list":{"0":"post-137411","1":"product","2":"type-product","3":"status-publish","4":"has-post-thumbnail","6":"product_brand-area-419","7":"product_cat-kiskot","8":"product_cat-kivaeaeri","9":"product_cat-aiming","11":"first","12":"instock","13":"taxable","14":"shipping-taxable","15":"purchasable","16":"product-type-simple"},"acf":[],"_links":{"self":[{"href":"https:\/\/staging.nbg.eu\/fi\/wp-json\/wp\/v2\/product\/137411","targetHints":{"allow":["GET"]}}],"collection":[{"href":"https:\/\/staging.nbg.eu\/fi\/wp-json\/wp\/v2\/product"}],"about":[{"href":"https:\/\/staging.nbg.eu\/fi\/wp-json\/wp\/v2\/types\/product"}],"wp:featuredmedia":[{"embeddable":true,"href":"https:\/\/staging.nbg.eu\/fi\/wp-json\/wp\/v2\/media\/115685"}],"wp:attachment":[{"href":"https:\/\/staging.nbg.eu\/fi\/wp-json\/wp\/v2\/media?parent=137411"}],"wp:term":[{"taxonomy":"product_brand","embeddable":true,"href":"https:\/\/staging.nbg.eu\/fi\/wp-json\/wp\/v2\/product_brand?post=137411"},{"taxonomy":"product_cat","embeddable":true,"href":"https:\/\/staging.nbg.eu\/fi\/wp-json\/wp\/v2\/product_cat?post=137411"},{"taxonomy":"product_tag","embeddable":true,"href":"https:\/\/staging.nbg.eu\/fi\/wp-json\/wp\/v2\/product_tag?post=137411"}],"curies":[{"name":"wp","href":"https:\/\/api.w.org\/{rel}","templated":true}]}}