{"id":136786,"date":"2024-11-26T18:19:06","date_gmt":"2024-11-26T18:19:06","guid":{"rendered":"https:\/\/staging.nbg.eu\/product\/geissele-border-patrol-rifle-14-5-5-56mm-black\/"},"modified":"2025-01-09T09:53:03","modified_gmt":"2025-01-09T09:53:03","slug":"geissele-border-patrol-kivaeaeri-145-556mm-musta","status":"publish","type":"product","link":"https:\/\/staging.nbg.eu\/fi\/tuote\/geissele-border-patrol-kivaeaeri-145-556mm-musta\/","title":{"rendered":"Geissele Border Patrol kiv\u00e4\u00e4ri, 14.5&#8243;, 5.56MM &#8211; musta"},"content":{"rendered":"<div class=\"product-description\">\n<h2>Geissele Border Patrol -kiv\u00e4\u00e4ri, 14,5&#8243;, 5,56MM &#8211; Musta<\/h2>\n<p>Geissele Border Patrol -kiv\u00e4\u00e4ri on t\u00e4ysin varusteltu palveluskiv\u00e4\u00e4ri. T\u00e4m\u00e4 AR-15 on suunniteltu luotettavaan k\u00e4ytt\u00f6\u00f6n vaativissa olosuhteissa.<\/p>\n<h2>Ominaisuudet:<\/h2>\n<ul>\n<li>14,5&#8243; kylm\u00e4taottu (CHF) piippu kromatulla sis\u00e4pinnalla<\/li>\n<li>1:7 rihlanousu ja 5,56x45mm NATO-kammio<\/li>\n<li>Keskipitk\u00e4 kaasunsy\u00f6tt\u00f6j\u00e4rjestelm\u00e4 17-4 ruostumattomalla ter\u00e4skaasulohkolla<\/li>\n<li>12,6&#8243; MK20 Super Modular -kisko M-Lok-kiinnikkeill\u00e4<\/li>\n<li>Super Duty taotut 7075 T6 alumiiniset yl\u00e4- ja alarungot<\/li>\n<li>Geissele Government -virityskahva molempik\u00e4tiseen k\u00e4ytt\u00f6\u00f6n<\/li>\n<li>H2-puskuri ja punottu puskurijousi<\/li>\n<li>ALG Defense Advanced Combat -liipaisin nikkelibooripinnoitteella<\/li>\n<li>Mangaanifosfaattipinnoitettu Geissele BCG ja lukko<\/li>\n<li>Pidennetty A2-suujarru (kiinte\u00e4sti asennettu)<\/li>\n<li>BCM Mod 0 -per\u00e4 ja B5-kahva Geissele-logolla<\/li>\n<\/ul>\n<p>Border Patrol -kiv\u00e4\u00e4ri on suunniteltu kevyeksi ja kest\u00e4v\u00e4ksi. Jokainen komponentti on valittu pitk\u00e4aikaista k\u00e4ytt\u00f6\u00e4 varten vaativissa olosuhteissa.<\/p>\n<p><strong>Paino:<\/strong> Noin 2,86 kg<br \/>\n  <strong>Pituus:<\/strong> 78,7 cm (taitettuna) &#8211; 87 cm (ojennettuna)<\/p>\n<p><em>Huomautus: T\u00e4ss\u00e4 kiv\u00e4\u00e4riss\u00e4 on kiinte\u00e4sti asennettu suulaite laillisen piipun pituuden saavuttamiseksi. Muutokset voivat johtaa NFA-s\u00e4\u00e4nn\u00f6sten alaisuuteen. Ostaja on vastuussa kaikkien sovellettavien lakien noudattamisesta.<\/em><\/p>\n<\/div>\n","protected":false},"excerpt":{"rendered":"<p>Luotettava 14,5 tuuman 5,56 mm:n virkak\u00e4ytt\u00f6\u00f6n tarkoitettu kiv\u00e4\u00e4ri ensiluokkaisilla ominaisuuksilla vaativiin olosuhteisiin.<\/p>\n","protected":false},"featured_media":191346,"template":"","meta":{"_acf_changed":false},"product_brand":[11378],"product_cat":[13222,13225],"product_tag":[],"class_list":{"0":"post-136786","1":"product","2":"type-product","3":"status-publish","4":"has-post-thumbnail","6":"product_brand-geissele","7":"product_cat-karbiinit","8":"product_cat-kivaeaeri","10":"first","11":"instock","12":"taxable","13":"shipping-taxable","14":"product-type-simple"},"acf":[],"_links":{"self":[{"href":"https:\/\/staging.nbg.eu\/fi\/wp-json\/wp\/v2\/product\/136786","targetHints":{"allow":["GET"]}}],"collection":[{"href":"https:\/\/staging.nbg.eu\/fi\/wp-json\/wp\/v2\/product"}],"about":[{"href":"https:\/\/staging.nbg.eu\/fi\/wp-json\/wp\/v2\/types\/product"}],"wp:featuredmedia":[{"embeddable":true,"href":"https:\/\/staging.nbg.eu\/fi\/wp-json\/wp\/v2\/media\/191346"}],"wp:attachment":[{"href":"https:\/\/staging.nbg.eu\/fi\/wp-json\/wp\/v2\/media?parent=136786"}],"wp:term":[{"taxonomy":"product_brand","embeddable":true,"href":"https:\/\/staging.nbg.eu\/fi\/wp-json\/wp\/v2\/product_brand?post=136786"},{"taxonomy":"product_cat","embeddable":true,"href":"https:\/\/staging.nbg.eu\/fi\/wp-json\/wp\/v2\/product_cat?post=136786"},{"taxonomy":"product_tag","embeddable":true,"href":"https:\/\/staging.nbg.eu\/fi\/wp-json\/wp\/v2\/product_tag?post=136786"}],"curies":[{"name":"wp","href":"https:\/\/api.w.org\/{rel}","templated":true}]}}