{"id":136682,"date":"2024-11-26T18:21:35","date_gmt":"2025-01-09T09:44:00","guid":{"rendered":"https:\/\/staging.nbg.eu\/product\/geissele-border-patrol-pistol-11-5-5-56mm-black\/"},"modified":"2025-02-04T09:18:06","modified_gmt":"2025-02-04T09:18:06","slug":"geissele-border-patrol-pistooli-115-556mm-musta","status":"publish","type":"product","link":"https:\/\/staging.nbg.eu\/fi\/tuote\/geissele-border-patrol-pistooli-115-556mm-musta\/","title":{"rendered":"Geissele Border Patrol pistooli, 11.5&#8243;, 5.56MM &#8211; musta"},"content":{"rendered":"<h2>Geissele Border Patrol -kiv\u00e4\u00e4ri, 11,5&#8243;, 5,56MM &#8211; Musta<\/h2>\n<p>Geissele Border Patrol -kiv\u00e4\u00e4ri on t\u00e4ysin varusteltu AR-15-kiv\u00e4\u00e4ri, joka on suunniteltu luotettavaan k\u00e4ytt\u00f6\u00f6n vaativissa olosuhteissa. T\u00e4m\u00e4 kevyt ja ketter\u00e4 ase tarjoaa hyv\u00e4n suorituskyvyn ja kest\u00e4vyyden.<\/p>\n<h2>T\u00e4rkeimm\u00e4t ominaisuudet:<\/h2>\n<ul>\n<li>11,5&#8243; kylm\u00e4taottu piippu, kromattu sis\u00e4pinta ja 1:7 rihlanousu<\/li>\n<li>Karbiinikaasuputki 17-4 ruostumattomasta ter\u00e4ksest\u00e4 valmistetulla kaasulohkolla<\/li>\n<li>9,6&#8243; MK20 Super Modular -kisko M-Lok-kiinnityksill\u00e4<\/li>\n<li>Super Duty taottu 7075 T6 alumiininen yl\u00e4- ja alarunko<\/li>\n<li>Geissele Government -viritinkahva molempik\u00e4tiseen k\u00e4ytt\u00f6\u00f6n<\/li>\n<li>H2-puskuri ja punottu jousipalautin luotettavuuden parantamiseksi<\/li>\n<li>ALG Defense Advanced Combat -liipaisin nikkeliboorinitridi-pinnoitteella<\/li>\n<li>SB Tactical SBA3 -pistooliper\u00e4ke<\/li>\n<\/ul>\n<h2>Tekniset tiedot:<\/h2>\n<ul>\n<li>Kaliiperi: 5,56MM NATO<\/li>\n<li>Paino: Noin 2,7 kg<\/li>\n<li>Pituus: 69,9 cm (taitettuna) &#8211; 76,2 cm (ojennettuna)<\/li>\n<li>Lukkokehys: Mangaanifosfaattipinnoitettu Geissele BCG<\/li>\n<li>Suulaite: A2-suuliekitin<\/li>\n<\/ul>\n<p>Border Patrol -pistooli yhdist\u00e4\u00e4 armeijak\u00e4ytt\u00f6\u00f6n soveltuvat ominaisuudet suorituskykyparannuksiin, tehden siit\u00e4 hyv\u00e4n valinnan luotettavaa ja kest\u00e4v\u00e4\u00e4 AR-15-pistoolia etsiville pitk\u00e4aikaiseen k\u00e4ytt\u00f6\u00f6n vaativissa olosuhteissa.<\/p>\n","protected":false},"excerpt":{"rendered":"<p>Kompakti 11,5 tuuman AR-kiv\u00e4\u00e4ri ensiluokkaisilla komponenteilla luotettavuutta ja suorituskyky\u00e4 varten.<\/p>\n","protected":false},"featured_media":191298,"template":"","meta":{"_acf_changed":false},"product_brand":[11378],"product_cat":[13222,13225],"product_tag":[],"class_list":{"0":"post-136682","1":"product","2":"type-product","3":"status-publish","4":"has-post-thumbnail","6":"product_brand-geissele","7":"product_cat-karbiinit","8":"product_cat-kivaeaeri","10":"first","11":"instock","12":"taxable","13":"shipping-taxable","14":"product-type-simple"},"acf":[],"_links":{"self":[{"href":"https:\/\/staging.nbg.eu\/fi\/wp-json\/wp\/v2\/product\/136682","targetHints":{"allow":["GET"]}}],"collection":[{"href":"https:\/\/staging.nbg.eu\/fi\/wp-json\/wp\/v2\/product"}],"about":[{"href":"https:\/\/staging.nbg.eu\/fi\/wp-json\/wp\/v2\/types\/product"}],"wp:featuredmedia":[{"embeddable":true,"href":"https:\/\/staging.nbg.eu\/fi\/wp-json\/wp\/v2\/media\/191298"}],"wp:attachment":[{"href":"https:\/\/staging.nbg.eu\/fi\/wp-json\/wp\/v2\/media?parent=136682"}],"wp:term":[{"taxonomy":"product_brand","embeddable":true,"href":"https:\/\/staging.nbg.eu\/fi\/wp-json\/wp\/v2\/product_brand?post=136682"},{"taxonomy":"product_cat","embeddable":true,"href":"https:\/\/staging.nbg.eu\/fi\/wp-json\/wp\/v2\/product_cat?post=136682"},{"taxonomy":"product_tag","embeddable":true,"href":"https:\/\/staging.nbg.eu\/fi\/wp-json\/wp\/v2\/product_tag?post=136682"}],"curies":[{"name":"wp","href":"https:\/\/api.w.org\/{rel}","templated":true}]}}