{"id":136559,"date":"2024-11-26T10:16:42","date_gmt":"2024-11-26T10:16:42","guid":{"rendered":"https:\/\/staging.nbg.eu\/product\/geissele-alg-defense-barrel-nut-wrench\/"},"modified":"2025-01-09T09:20:38","modified_gmt":"2025-01-09T09:20:38","slug":"geissele-alg-defense-piipunmutteriavain","status":"publish","type":"product","link":"https:\/\/staging.nbg.eu\/fi\/tuote\/geissele-alg-defense-piipunmutteriavain\/","title":{"rendered":"Geissele ALG Defense piipunmutteriavain"},"content":{"rendered":"<div class=\"product-description\">\n<h2>ALG Defense piipun mutteriavain<\/h2>\n<p>ALG Defense piipun mutteriavain on ty\u00f6kalu aseiden harrastajille ja asesepille. T\u00e4ll\u00e4 avaimella voit:<\/p>\n<ul>\n<li>Kirist\u00e4\u00e4 piipun mutterin oikeaan momenttiin<\/li>\n<li>Kohdistaa piipun mutterin kaasuputkeen samanaikaisesti<\/li>\n<li>Asentaa ALG Defense -kiskoj\u00e4rjestelmi\u00e4 ilman momenttiavainta<\/li>\n<\/ul>\n<p>T\u00e4m\u00e4 avain yksinkertaistaa asennusprosessia. Sen k\u00e4ytt\u00e4j\u00e4yst\u00e4v\u00e4llinen muotoilu varmistaa johdonmukaiset tulokset joka kerta, tehden siit\u00e4 hy\u00f6dyllisen lis\u00e4n ty\u00f6kaluvalikoimaasi.<\/p>\n<p>ALG Defense piipun mutteriavain on ratkaisu aseiden kokoamiseen ja huoltoon.<\/p>\n<\/div>\n","protected":false},"excerpt":{"rendered":"<p>ALG Defense piipun mutteriavain: Helppo kiristys ja kohdistus, ei tarvita lis\u00e4osia.<\/p>\n","protected":false},"featured_media":81237,"template":"","meta":{"_acf_changed":false},"product_brand":[11378],"product_cat":[13174],"product_tag":[],"class_list":{"0":"post-136559","1":"product","2":"type-product","3":"status-publish","4":"has-post-thumbnail","6":"product_brand-geissele","7":"product_cat-kivaeaerin-viritys","9":"first","10":"instock","11":"taxable","12":"shipping-taxable","13":"product-type-simple"},"acf":[],"_links":{"self":[{"href":"https:\/\/staging.nbg.eu\/fi\/wp-json\/wp\/v2\/product\/136559","targetHints":{"allow":["GET"]}}],"collection":[{"href":"https:\/\/staging.nbg.eu\/fi\/wp-json\/wp\/v2\/product"}],"about":[{"href":"https:\/\/staging.nbg.eu\/fi\/wp-json\/wp\/v2\/types\/product"}],"wp:featuredmedia":[{"embeddable":true,"href":"https:\/\/staging.nbg.eu\/fi\/wp-json\/wp\/v2\/media\/81237"}],"wp:attachment":[{"href":"https:\/\/staging.nbg.eu\/fi\/wp-json\/wp\/v2\/media?parent=136559"}],"wp:term":[{"taxonomy":"product_brand","embeddable":true,"href":"https:\/\/staging.nbg.eu\/fi\/wp-json\/wp\/v2\/product_brand?post=136559"},{"taxonomy":"product_cat","embeddable":true,"href":"https:\/\/staging.nbg.eu\/fi\/wp-json\/wp\/v2\/product_cat?post=136559"},{"taxonomy":"product_tag","embeddable":true,"href":"https:\/\/staging.nbg.eu\/fi\/wp-json\/wp\/v2\/product_tag?post=136559"}],"curies":[{"name":"wp","href":"https:\/\/api.w.org\/{rel}","templated":true}]}}