{"id":134764,"date":"2024-11-26T10:13:16","date_gmt":"2024-11-26T10:13:16","guid":{"rendered":"https:\/\/staging.nbg.eu\/product\/geissele-ak-high-energy-main-spring\/"},"modified":"2025-01-08T19:00:06","modified_gmt":"2025-01-08T19:00:06","slug":"geissele-ak-high-energy-paeaejousi","status":"publish","type":"product","link":"https:\/\/staging.nbg.eu\/fi\/tuote\/geissele-ak-high-energy-paeaejousi\/","title":{"rendered":"Geissele AK High Energy p\u00e4\u00e4jousi"},"content":{"rendered":"<div class=\"product-description\">\n<h2>Geissele AK:n p\u00e4\u00e4jousi<\/h2>\n<p>Geissele AK:n p\u00e4\u00e4jousi AK47\/74-alustalaisiin kiv\u00e4\u00e4reihin. T\u00e4m\u00e4 vaihtojousi tarjoaa:<\/p>\n<ul>\n<li>Kromisilikonista valmistettu yksitt\u00e4inen lanka<\/li>\n<li>Valmistettu ASTM A401 -m\u00e4\u00e4ritysten mukaisesti<\/li>\n<li>25% enemm\u00e4n v\u00e4\u00e4nt\u00f6momenttia kuin vakiop\u00e4\u00e4jouset<\/li>\n<li>Lyhyempi lukitusaika<\/li>\n<li>Parempi nallien syttymisen johdonmukaisuus<\/li>\n<\/ul>\n<p>Jousi on suunniteltu parantamaan AK:n luotettavuutta ja reagointikyky\u00e4. Geissele AK:n p\u00e4\u00e4jousi tarjoaa parempaa suorituskyky\u00e4 ja johdonmukaisuutta.<\/p>\n<\/div>\n","protected":false},"excerpt":{"rendered":"<p>Paranna AK47\/74:n suorituskyky\u00e4 t\u00e4ll\u00e4 korkean energian vaihtojousella.<\/p>\n","protected":false},"featured_media":81144,"template":"","meta":{"_acf_changed":false},"product_brand":[11378],"product_cat":[13159],"product_tag":[],"class_list":{"0":"post-134764","1":"product","2":"type-product","3":"status-publish","4":"has-post-thumbnail","6":"product_brand-geissele","7":"product_cat-ak-viritys","9":"first","10":"instock","11":"taxable","12":"shipping-taxable","13":"product-type-simple"},"acf":[],"_links":{"self":[{"href":"https:\/\/staging.nbg.eu\/fi\/wp-json\/wp\/v2\/product\/134764","targetHints":{"allow":["GET"]}}],"collection":[{"href":"https:\/\/staging.nbg.eu\/fi\/wp-json\/wp\/v2\/product"}],"about":[{"href":"https:\/\/staging.nbg.eu\/fi\/wp-json\/wp\/v2\/types\/product"}],"wp:featuredmedia":[{"embeddable":true,"href":"https:\/\/staging.nbg.eu\/fi\/wp-json\/wp\/v2\/media\/81144"}],"wp:attachment":[{"href":"https:\/\/staging.nbg.eu\/fi\/wp-json\/wp\/v2\/media?parent=134764"}],"wp:term":[{"taxonomy":"product_brand","embeddable":true,"href":"https:\/\/staging.nbg.eu\/fi\/wp-json\/wp\/v2\/product_brand?post=134764"},{"taxonomy":"product_cat","embeddable":true,"href":"https:\/\/staging.nbg.eu\/fi\/wp-json\/wp\/v2\/product_cat?post=134764"},{"taxonomy":"product_tag","embeddable":true,"href":"https:\/\/staging.nbg.eu\/fi\/wp-json\/wp\/v2\/product_tag?post=134764"}],"curies":[{"name":"wp","href":"https:\/\/api.w.org\/{rel}","templated":true}]}}