{"id":134631,"date":"2024-11-04T19:18:31","date_gmt":"2025-01-08T18:09:33","guid":{"rendered":"https:\/\/staging.nbg.eu\/product\/tinck-arms-semi-automatic-carbine-perun-x17-12-5\/"},"modified":"2025-01-08T18:10:52","modified_gmt":"2025-01-08T18:10:52","slug":"tinck-arms-puoliautomaattinen-karbiini-perun-x17-125","status":"publish","type":"product","link":"https:\/\/staging.nbg.eu\/fi\/tuote\/tinck-arms-puoliautomaattinen-karbiini-perun-x17-125\/","title":{"rendered":"Tinck Arms puoliautomaattinen karbiini Perun X17 &#8211; 12.5&#8243;"},"content":{"rendered":"<div class=\"product-description\">\n<h2>Tinck Arms Perun X17 &#8211; 12.5&#8243; Puoliautomaattinen Karbiini<\/h2>\n<p>Perun X17 on puoliautomaattinen karbiini, joka on suunniteltu urheiluammuntaan, lainvalvontaan ja sotilask\u00e4ytt\u00f6\u00f6n. T\u00e4m\u00e4 ase perustuu AR10-j\u00e4rjestelm\u00e4\u00e4n ja sis\u00e4lt\u00e4\u00e4 patentoitua teknologiaa parantaen luotettavuutta ja huollettavuutta.<\/p>\n<h2>Ominaisuudet:<\/h2>\n<ul>\n<li>Tasapaino ja k\u00e4sitelt\u00e4vyys tarkempaan nopeaan ammuntaan<\/li>\n<li>V\u00e4hent\u00e4\u00e4 v\u00e4symyst\u00e4 pitk\u00e4aikaisessa k\u00e4yt\u00f6ss\u00e4<\/li>\n<li>Yhteensopiva AR10-alustan osien kanssa<\/li>\n<li>Molempik\u00e4tiset hallintalaitteet<\/li>\n<li>Yhdistetty suora kaasuimpulssi- ja lyhytiskuinen m\u00e4nt\u00e4k\u00e4ytt\u00f6j\u00e4rjestelm\u00e4<\/li>\n<\/ul>\n<h2>Tekniset tiedot:<\/h2>\n<ul>\n<li>Kaliiperi: 7.62x51mm NATO (.308 Win) tai 6.5 Creedmoor<\/li>\n<li>Toiminta: Puoliautomaattinen<\/li>\n<li>Piipun pituus: 12.5&#8243; (Vakio AR10-piiput)<\/li>\n<li>Rihlauksen nousu: 1:12&#8243;<\/li>\n<li>Kokonaispituus: 23.8&#8243; (605mm) taitettuna \/ 40.9&#8243; (1040mm) avattuna<\/li>\n<li>Leveys: 2.2&#8243; (56mm) virityskahva mukaan lukien, 2.5&#8243; (64mm) kokonaisleveys<\/li>\n<li>Korkeus: 8.3&#8243; (210mm) 10 patruunan lippaalla<\/li>\n<li>Paino: 8.15 lbs (3.7kg) 20 patruunan lippaalla<\/li>\n<li>T\u00e4ht\u00e4inv\u00e4li: 11.8&#8243; (300mm) \/ 13.4&#8243; (340mm)<\/li>\n<\/ul>\n<h2>Lis\u00e4ominaisuudet:<\/h2>\n<ul>\n<li>Integroitu 3-kammioinen suujarru 5\/8&#215;24 kierteell\u00e4 \u00e4\u00e4nenvaimentimelle<\/li>\n<li>1+3 NAR-kiskot lis\u00e4varusteille<\/li>\n<li>Ei-liikkuva virityskahva<\/li>\n<li>Yhteensopiva 10, 20 ja 25 patruunan muovilippaiden kanssa<\/li>\n<li>Masada-taittuva per\u00e4 tai MFT-per\u00e4 AR-15 puskuriputkella<\/li>\n<li>Sis\u00e4lt\u00e4\u00e4 yl\u00f6s nousevat varat\u00e4ht\u00e4imet<\/li>\n<\/ul>\n<p>Perun X17 on puoliautomaattinen karbiini urheiluammuntaan, lainvalvontaan ja sotilask\u00e4ytt\u00f6\u00f6n.<\/p>\n<p>Perun X17:n mukana tulee yksi lipas (10, 20 tai 25 patruunaa) ja k\u00e4ytt\u00f6ohje.<\/p>\n<\/div>\n","protected":false},"excerpt":{"rendered":"<p>Monik\u00e4ytt\u00f6inen 7,62 mm:n karbiini 31,75 cm:n piipulla, tasainen ammunta ja AR10-yhteensopivuus.<\/p>\n","protected":false},"featured_media":77483,"template":"","meta":{"_acf_changed":false},"product_brand":[11914],"product_cat":[13222,13225],"product_tag":[],"class_list":{"0":"post-134631","1":"product","2":"type-product","3":"status-publish","4":"has-post-thumbnail","6":"product_brand-tinck-arms","7":"product_cat-karbiinit","8":"product_cat-kivaeaeri","10":"first","11":"instock","12":"taxable","13":"shipping-taxable","14":"purchasable","15":"product-type-simple"},"acf":[],"_links":{"self":[{"href":"https:\/\/staging.nbg.eu\/fi\/wp-json\/wp\/v2\/product\/134631","targetHints":{"allow":["GET"]}}],"collection":[{"href":"https:\/\/staging.nbg.eu\/fi\/wp-json\/wp\/v2\/product"}],"about":[{"href":"https:\/\/staging.nbg.eu\/fi\/wp-json\/wp\/v2\/types\/product"}],"wp:featuredmedia":[{"embeddable":true,"href":"https:\/\/staging.nbg.eu\/fi\/wp-json\/wp\/v2\/media\/77483"}],"wp:attachment":[{"href":"https:\/\/staging.nbg.eu\/fi\/wp-json\/wp\/v2\/media?parent=134631"}],"wp:term":[{"taxonomy":"product_brand","embeddable":true,"href":"https:\/\/staging.nbg.eu\/fi\/wp-json\/wp\/v2\/product_brand?post=134631"},{"taxonomy":"product_cat","embeddable":true,"href":"https:\/\/staging.nbg.eu\/fi\/wp-json\/wp\/v2\/product_cat?post=134631"},{"taxonomy":"product_tag","embeddable":true,"href":"https:\/\/staging.nbg.eu\/fi\/wp-json\/wp\/v2\/product_tag?post=134631"}],"curies":[{"name":"wp","href":"https:\/\/api.w.org\/{rel}","templated":true}]}}