{"id":134506,"date":"2024-11-26T10:10:26","date_gmt":"2025-01-08T18:00:03","guid":{"rendered":"https:\/\/staging.nbg.eu\/product\/geissele-ak-braided-spring\/"},"modified":"2025-01-08T18:02:02","modified_gmt":"2025-01-08T18:02:02","slug":"geissele-ak-punottu-jousi","status":"publish","type":"product","link":"https:\/\/staging.nbg.eu\/fi\/tuote\/geissele-ak-punottu-jousi\/","title":{"rendered":"Geissele AK punottu jousi"},"content":{"rendered":"<div class=\"product-description\">\n<h2>Geissele AK-punottu jousi<\/h2>\n<p>AK47\/74-alustan kiv\u00e4\u00e4rin vakiopalautinjousen korvaava osa. Valmistettu Yhdysvalloissa. Jousen ominaisuudet:<\/p>\n<ul>\n<li>Kolme s\u00e4iett\u00e4 musiikkilankaa<\/li>\n<li>Punottu rakenne kest\u00e4vyyden parantamiseksi<\/li>\n<li>Parantaa toimintaa ja luotettavuutta<\/li>\n<li>Yhteensopiva AK47- ja AK74-mallien kanssa<\/li>\n<\/ul>\n<p>Jousi parantaa aseen toimintaa ja suorituskyky\u00e4. Punottu rakenne kest\u00e4\u00e4 pidemp\u00e4\u00e4n kuin perinteiset yksilankaiset jouset. T\u00e4m\u00e4 osa on aseen lis\u00e4varuste.<\/p>\n<\/div>\n","protected":false},"excerpt":{"rendered":"<p>Paranna AK47\/74:n suorituskyky\u00e4 USA:ssa valmistetulla punotulla p\u00e4\u00e4jousella.<\/p>\n","protected":false},"featured_media":81097,"template":"","meta":{"_acf_changed":false},"product_brand":[11378],"product_cat":[13159],"product_tag":[],"class_list":{"0":"post-134506","1":"product","2":"type-product","3":"status-publish","4":"has-post-thumbnail","6":"product_brand-geissele","7":"product_cat-ak-viritys","9":"first","10":"instock","11":"taxable","12":"shipping-taxable","13":"product-type-simple"},"acf":[],"_links":{"self":[{"href":"https:\/\/staging.nbg.eu\/fi\/wp-json\/wp\/v2\/product\/134506","targetHints":{"allow":["GET"]}}],"collection":[{"href":"https:\/\/staging.nbg.eu\/fi\/wp-json\/wp\/v2\/product"}],"about":[{"href":"https:\/\/staging.nbg.eu\/fi\/wp-json\/wp\/v2\/types\/product"}],"wp:featuredmedia":[{"embeddable":true,"href":"https:\/\/staging.nbg.eu\/fi\/wp-json\/wp\/v2\/media\/81097"}],"wp:attachment":[{"href":"https:\/\/staging.nbg.eu\/fi\/wp-json\/wp\/v2\/media?parent=134506"}],"wp:term":[{"taxonomy":"product_brand","embeddable":true,"href":"https:\/\/staging.nbg.eu\/fi\/wp-json\/wp\/v2\/product_brand?post=134506"},{"taxonomy":"product_cat","embeddable":true,"href":"https:\/\/staging.nbg.eu\/fi\/wp-json\/wp\/v2\/product_cat?post=134506"},{"taxonomy":"product_tag","embeddable":true,"href":"https:\/\/staging.nbg.eu\/fi\/wp-json\/wp\/v2\/product_tag?post=134506"}],"curies":[{"name":"wp","href":"https:\/\/api.w.org\/{rel}","templated":true}]}}