{"id":134080,"date":"2024-11-27T16:45:20","date_gmt":"2025-01-08T17:17:19","guid":{"rendered":"https:\/\/staging.nbg.eu\/product\/area-419-remington-700-short-action-improved-scope-rail-isr-sa\/"},"modified":"2025-01-08T17:19:27","modified_gmt":"2025-01-08T17:19:27","slug":"area-419-remington-700-short-action-parannettu-kiikarikisko-isr-sa","status":"publish","type":"product","link":"https:\/\/staging.nbg.eu\/fi\/tuote\/area-419-remington-700-short-action-parannettu-kiikarikisko-isr-sa\/","title":{"rendered":"Area 419 &#8211; Remington 700 Short Action parannettu kiikarikisko (ISR-SA)"},"content":{"rendered":"<div class=\"product-description\">\n<h2>Area 419 &#8211; Remington 700 lyhyen toiminnan parannettu kiikarikisko (ISR-SA)<\/h2>\n<p>Area 419 ISR-SA on kiikarikisko Remington 700 lyhyen toiminnan kiv\u00e4\u00e4reille. Valmistettu 7075 alumiinista, kiskossa on:<\/p>\n<ul>\n<li>Integroitu koneistettu rekyylinvastus<\/li>\n<li>Saatavana t\u00e4ysin uritettu ja ARC-yl\u00e4versio<\/li>\n<li>Yhteensopiva #6 ja #8 ruuvien kanssa (sis\u00e4ltyv\u00e4t)<\/li>\n<li>1:1 pintakoneistus<\/li>\n<li>MIL-STD-1913 yhteensopiva<\/li>\n<li>Tyypin III kova anodisoitu musta pinta<\/li>\n<li>Saumaton hylsynpoistoaukon leikkaus<\/li>\n<\/ul>\n<p>Valittavana 20 MOA ja 30 MOA vaihtoehdot. Paino: 0,09 kg. Mitat: 21 \u00d7 2,54 \u00d7 2,54 cm. Remington 700 -kiv\u00e4\u00e4rille.<\/p>\n<\/div>\n","protected":false},"excerpt":{"rendered":"<p>Tarkkuusty\u00f6stetty 7075 Al-kiikarikisko Remington 700 SA:lle<\/p>\n","protected":false},"featured_media":108101,"template":"","meta":{"_acf_changed":false},"product_brand":[11033],"product_cat":[13173,13225],"product_tag":[],"class_list":{"0":"post-134080","1":"product","2":"type-product","3":"status-publish","4":"has-post-thumbnail","6":"product_brand-area-419","7":"product_cat-kiskot","8":"product_cat-kivaeaeri","10":"first","11":"instock","12":"taxable","13":"shipping-taxable","14":"purchasable","15":"product-type-variable","16":"wvs-archive-product-wrapper"},"acf":[],"_links":{"self":[{"href":"https:\/\/staging.nbg.eu\/fi\/wp-json\/wp\/v2\/product\/134080","targetHints":{"allow":["GET"]}}],"collection":[{"href":"https:\/\/staging.nbg.eu\/fi\/wp-json\/wp\/v2\/product"}],"about":[{"href":"https:\/\/staging.nbg.eu\/fi\/wp-json\/wp\/v2\/types\/product"}],"wp:featuredmedia":[{"embeddable":true,"href":"https:\/\/staging.nbg.eu\/fi\/wp-json\/wp\/v2\/media\/108101"}],"wp:attachment":[{"href":"https:\/\/staging.nbg.eu\/fi\/wp-json\/wp\/v2\/media?parent=134080"}],"wp:term":[{"taxonomy":"product_brand","embeddable":true,"href":"https:\/\/staging.nbg.eu\/fi\/wp-json\/wp\/v2\/product_brand?post=134080"},{"taxonomy":"product_cat","embeddable":true,"href":"https:\/\/staging.nbg.eu\/fi\/wp-json\/wp\/v2\/product_cat?post=134080"},{"taxonomy":"product_tag","embeddable":true,"href":"https:\/\/staging.nbg.eu\/fi\/wp-json\/wp\/v2\/product_tag?post=134080"}],"curies":[{"name":"wp","href":"https:\/\/api.w.org\/{rel}","templated":true}]}}