{"id":133899,"date":"2025-01-01T20:54:41","date_gmt":"2025-01-08T17:04:12","guid":{"rendered":"https:\/\/staging.nbg.eu\/product\/area-419-offset-mounts-for-match-attachment-points\/"},"modified":"2025-01-08T17:06:30","modified_gmt":"2025-01-08T17:06:30","slug":"area-419-offset-kiinnikkeet-match-kiinnityspisteille","status":"publish","type":"product","link":"https:\/\/staging.nbg.eu\/fi\/tuote\/area-419-offset-kiinnikkeet-match-kiinnityspisteille\/","title":{"rendered":"Area 419 offset kiinnikkeet MATCH kiinnityspisteille"},"content":{"rendered":"<h2>Area 419:n sivukiinnikkeet MATCH-kiinnityspisteille<\/h2>\n<p>Area 419:n sivukiinnikkeet MATCH-kiinnityspisteille karbiineille. Yksiosainen rakenne tarjoaa mukautusmahdollisuuksia:<\/p>\n<ul>\n<li>Valittavissa 35\u00b0 ja 45\u00b0 sivuttaiskulmat<\/li>\n<li>Useita kiinnityskohtia<\/li>\n<li>Paino 25 lbs<\/li>\n<li>Koko: 6 \u00d7 4 \u00d7 1 tuumaa<\/li>\n<\/ul>\n<p>N\u00e4m\u00e4 kiinnikkeet mahdollistavat punapistet\u00e4ht\u00e4imen sijoittelun s\u00e4\u00e4t\u00e4misen. Soveltuvat eri ampumatilanteisiin.<\/p>\n","protected":false},"excerpt":{"rendered":"<p>Mukautettavat 35\u00b0\/45\u00b0 kulmakiinnikkeet MATCH-pisteille. Monipuolinen asennus.<\/p>\n","protected":false},"featured_media":109204,"template":"","meta":{"_acf_changed":false},"product_brand":[11033],"product_cat":[13225,13201,13158],"product_tag":[],"class_list":{"0":"post-133899","1":"product","2":"type-product","3":"status-publish","4":"has-post-thumbnail","6":"product_brand-area-419","7":"product_cat-kivaeaeri","8":"product_cat-taehtaeys","9":"product_cat-taehtaeystarvikkeet","11":"first","12":"instock","13":"taxable","14":"shipping-taxable","15":"purchasable","16":"product-type-variable","17":"wvs-archive-product-wrapper"},"acf":[],"_links":{"self":[{"href":"https:\/\/staging.nbg.eu\/fi\/wp-json\/wp\/v2\/product\/133899","targetHints":{"allow":["GET"]}}],"collection":[{"href":"https:\/\/staging.nbg.eu\/fi\/wp-json\/wp\/v2\/product"}],"about":[{"href":"https:\/\/staging.nbg.eu\/fi\/wp-json\/wp\/v2\/types\/product"}],"wp:featuredmedia":[{"embeddable":true,"href":"https:\/\/staging.nbg.eu\/fi\/wp-json\/wp\/v2\/media\/109204"}],"wp:attachment":[{"href":"https:\/\/staging.nbg.eu\/fi\/wp-json\/wp\/v2\/media?parent=133899"}],"wp:term":[{"taxonomy":"product_brand","embeddable":true,"href":"https:\/\/staging.nbg.eu\/fi\/wp-json\/wp\/v2\/product_brand?post=133899"},{"taxonomy":"product_cat","embeddable":true,"href":"https:\/\/staging.nbg.eu\/fi\/wp-json\/wp\/v2\/product_cat?post=133899"},{"taxonomy":"product_tag","embeddable":true,"href":"https:\/\/staging.nbg.eu\/fi\/wp-json\/wp\/v2\/product_tag?post=133899"}],"curies":[{"name":"wp","href":"https:\/\/api.w.org\/{rel}","templated":true}]}}