{"id":131910,"date":"2025-01-01T20:52:41","date_gmt":"2025-01-07T16:58:29","guid":{"rendered":"https:\/\/staging.nbg.eu\/product\/area-419-match-scope-rings\/"},"modified":"2025-01-07T17:00:48","modified_gmt":"2025-01-07T17:00:48","slug":"area-419-match-kiikarirengas","status":"publish","type":"product","link":"https:\/\/staging.nbg.eu\/fi\/tuote\/area-419-match-kiikarirengas\/","title":{"rendered":"Area 419 MATCH kiikarirengas"},"content":{"rendered":"<div class=\"product-description\">\n<h2>Area 419 MATCH Kiikarinrenkaat<\/h2>\n<p>Area 419 MATCH Kiikarinrenkaat on suunniteltu tarjoamaan luotettavan kiinnityksen optiikalle.<\/p>\n<ul>\n<li>Sarjanumeroidut, loppuporauksen mukaan sovitetut renkaat<\/li>\n<li>Raakaalumiiniset sis\u00e4pinnat optiikan pitoa varten<\/li>\n<li>Tarkkuusporattu pareittain koneistuskeskuksissa<\/li>\n<li>Lasermerkitty pareittain<\/li>\n<li>Valmistettu 7075 ilmailuluokan alumiinista<\/li>\n<li>Tyyppi 3 anodisoitu pinnoite (raakaeloksoitu sis\u00e4pinta)<\/li>\n<li>Saatavana 30mm, 34mm, 35mm ja 36mm putkihalkaisijoille<\/li>\n<li>Matala (24mm), keskikorkea (28mm) ja korkea (32mm) asennuskorkeus<\/li>\n<\/ul>\n<p>Area 419 MATCH Kiikarinrenkaat ovat suunniteltu optiikan kiinnitt\u00e4miseen.<\/p>\n<\/div>\n","protected":false},"excerpt":{"rendered":"<p>Tarkkuudella sovitetut, sarjanumeroidut kiikarit\u00e4ht\u00e4imen renkaat takaavat \u00e4\u00e4rimm\u00e4isen optisen vakauden.<\/p>\n","protected":false},"featured_media":109088,"template":"","meta":{"_acf_changed":false},"product_brand":[11033],"product_cat":[13201],"product_tag":[],"class_list":{"0":"post-131910","1":"product","2":"type-product","3":"status-publish","4":"has-post-thumbnail","6":"product_brand-area-419","7":"product_cat-taehtaeys","9":"first","10":"instock","11":"taxable","12":"shipping-taxable","13":"purchasable","14":"product-type-variable","15":"wvs-archive-product-wrapper"},"acf":[],"_links":{"self":[{"href":"https:\/\/staging.nbg.eu\/fi\/wp-json\/wp\/v2\/product\/131910","targetHints":{"allow":["GET"]}}],"collection":[{"href":"https:\/\/staging.nbg.eu\/fi\/wp-json\/wp\/v2\/product"}],"about":[{"href":"https:\/\/staging.nbg.eu\/fi\/wp-json\/wp\/v2\/types\/product"}],"wp:featuredmedia":[{"embeddable":true,"href":"https:\/\/staging.nbg.eu\/fi\/wp-json\/wp\/v2\/media\/109088"}],"wp:attachment":[{"href":"https:\/\/staging.nbg.eu\/fi\/wp-json\/wp\/v2\/media?parent=131910"}],"wp:term":[{"taxonomy":"product_brand","embeddable":true,"href":"https:\/\/staging.nbg.eu\/fi\/wp-json\/wp\/v2\/product_brand?post=131910"},{"taxonomy":"product_cat","embeddable":true,"href":"https:\/\/staging.nbg.eu\/fi\/wp-json\/wp\/v2\/product_cat?post=131910"},{"taxonomy":"product_tag","embeddable":true,"href":"https:\/\/staging.nbg.eu\/fi\/wp-json\/wp\/v2\/product_tag?post=131910"}],"curies":[{"name":"wp","href":"https:\/\/api.w.org\/{rel}","templated":true}]}}