{"id":130795,"date":"2025-01-01T20:50:51","date_gmt":"2025-01-07T14:15:54","guid":{"rendered":"https:\/\/staging.nbg.eu\/product\/low-profile-red-dot-plates-for-area-419-tactical-mounts\/"},"modified":"2025-01-07T14:18:07","modified_gmt":"2025-01-07T14:18:07","slug":"matala-red-dot-levy-area-419-tactical-kiinnikkeille","status":"publish","type":"product","link":"https:\/\/staging.nbg.eu\/fi\/tuote\/matala-red-dot-levy-area-419-tactical-kiinnikkeille\/","title":{"rendered":"Matala Red-Dot levy Area 419 Tactical kiinnikkeille"},"content":{"rendered":"<div class=\"product-description\">\n<h2>Matalaprofiiliset punapistet\u00e4ht\u00e4inlevyt Area 419 -taktisille kiinnikkeille<\/h2>\n<p>Matalaprofiiliset punapistet\u00e4ht\u00e4inlevyt Area 419 -taktisille kiinnikkeille. N\u00e4m\u00e4 CNC-koneistetut levyt sis\u00e4lt\u00e4v\u00e4t:<\/p>\n<ul>\n<li>Tyypin III kovapinnoitettu musta anodisointi<\/li>\n<li>Kiinte\u00e4t kiinnitysruuvit helppoa asennusta varten<\/li>\n<li>Valmistettu Yhdysvalloissa 7075-alumiinista<\/li>\n<li>Patenttia odottava kaksoiskartiokiinnitys<\/li>\n<li>Kest\u00e4vyys ja j\u00e4ykkyys parantavat palautumista nollapisteeseen<\/li>\n<\/ul>\n<p>Saatavana RMR-, ACRO- ja DPP-jalanj\u00e4ljill\u00e4, yhteensopiva monien suosittujen t\u00e4ht\u00e4inten kanssa. Paino 0,11 kg, mitat 15,2 cm \u00d7 10,2 cm \u00d7 2,5 cm.<\/p>\n<p>Area 419:n punapistet\u00e4ht\u00e4inlevyt taktisiin kiinnikkeisiin.<\/p>\n<\/div>\n","protected":false},"excerpt":{"rendered":"<p>Turvallisia, monik\u00e4ytt\u00f6isi\u00e4 punapistelaatat Area 419 Tactical -kiinnikkeille.<\/p>\n","protected":false},"featured_media":108995,"template":"","meta":{"_acf_changed":false},"product_brand":[11033],"product_cat":[13201,13158],"product_tag":[],"class_list":{"0":"post-130795","1":"product","2":"type-product","3":"status-publish","4":"has-post-thumbnail","6":"product_brand-area-419","7":"product_cat-taehtaeys","8":"product_cat-taehtaeystarvikkeet","10":"first","11":"instock","12":"taxable","13":"shipping-taxable","14":"purchasable","15":"product-type-variable","16":"wvs-archive-product-wrapper"},"acf":[],"_links":{"self":[{"href":"https:\/\/staging.nbg.eu\/fi\/wp-json\/wp\/v2\/product\/130795","targetHints":{"allow":["GET"]}}],"collection":[{"href":"https:\/\/staging.nbg.eu\/fi\/wp-json\/wp\/v2\/product"}],"about":[{"href":"https:\/\/staging.nbg.eu\/fi\/wp-json\/wp\/v2\/types\/product"}],"wp:featuredmedia":[{"embeddable":true,"href":"https:\/\/staging.nbg.eu\/fi\/wp-json\/wp\/v2\/media\/108995"}],"wp:attachment":[{"href":"https:\/\/staging.nbg.eu\/fi\/wp-json\/wp\/v2\/media?parent=130795"}],"wp:term":[{"taxonomy":"product_brand","embeddable":true,"href":"https:\/\/staging.nbg.eu\/fi\/wp-json\/wp\/v2\/product_brand?post=130795"},{"taxonomy":"product_cat","embeddable":true,"href":"https:\/\/staging.nbg.eu\/fi\/wp-json\/wp\/v2\/product_cat?post=130795"},{"taxonomy":"product_tag","embeddable":true,"href":"https:\/\/staging.nbg.eu\/fi\/wp-json\/wp\/v2\/product_tag?post=130795"}],"curies":[{"name":"wp","href":"https:\/\/api.w.org\/{rel}","templated":true}]}}