{"id":130604,"date":"2024-11-02T06:44:40","date_gmt":"2025-01-07T14:08:06","guid":{"rendered":"https:\/\/staging.nbg.eu\/product\/sons-of-liberty-gun-worksar-15-castle-nuts\/"},"modified":"2025-01-07T14:09:58","modified_gmt":"2025-01-07T14:09:58","slug":"sons-of-liberty-gun-works-ar-15-lukitusmutterit","status":"publish","type":"product","link":"https:\/\/staging.nbg.eu\/fi\/tuote\/sons-of-liberty-gun-works-ar-15-lukitusmutterit\/","title":{"rendered":"SONS OF LIBERTY GUN WORKS AR-15 lukitusmutterit"},"content":{"rendered":"<div class=\"product-description\">\n<h2>SONS OF LIBERTY GUN WORKS AR-15 Lukkomutterit<\/h2>\n<p>SONS OF LIBERTY GUN WORKS (SOLGW) AR-15 lukkomutterit. N\u00e4m\u00e4 varaosat ovat t\u00e4rkeit\u00e4 aseen toiminnan yll\u00e4pit\u00e4miseksi.<\/p>\n<ul>\n<li>Valmistettu tarkkojen toleranssien mukaan<\/li>\n<li>Yhteensopiva kaikkien AR-15 mallien kanssa<\/li>\n<li>Varmistaa oikean kokoonpanon ja luotettavuuden<\/li>\n<li>Paino 28 grammaa<\/li>\n<li>Kompakti 2,54 cm:n muotoilu<\/li>\n<\/ul>\n<p>SOLGW valmistaa kest\u00e4vi\u00e4 lukkomuttereita. AR-15:n suorituskykyyn vaikuttavat varaosat, jotka t\u00e4ytt\u00e4v\u00e4t korkeat standardit.<\/p>\n<p><strong>Vinkki:<\/strong> Muista kiinnitt\u00e4\u00e4 mutterit kunnolla lis\u00e4t\u00e4ksesi turvallisuutta ja kest\u00e4vyytt\u00e4.<\/p>\n<\/div>\n","protected":false},"excerpt":{"rendered":"<p>Tarkasti valmistettu AR-15-per\u00e4mutteri. Kest\u00e4v\u00e4, universaali sopivuus. 1 tuuman koko.<\/p>\n","protected":false},"featured_media":76414,"template":"","meta":{"_acf_changed":false},"product_brand":[],"product_cat":[13174],"product_tag":[],"class_list":{"0":"post-130604","1":"product","2":"type-product","3":"status-publish","4":"has-post-thumbnail","6":"product_cat-kivaeaerin-viritys","8":"first","9":"instock","10":"taxable","11":"shipping-taxable","12":"purchasable","13":"product-type-simple"},"acf":[],"_links":{"self":[{"href":"https:\/\/staging.nbg.eu\/fi\/wp-json\/wp\/v2\/product\/130604","targetHints":{"allow":["GET"]}}],"collection":[{"href":"https:\/\/staging.nbg.eu\/fi\/wp-json\/wp\/v2\/product"}],"about":[{"href":"https:\/\/staging.nbg.eu\/fi\/wp-json\/wp\/v2\/types\/product"}],"wp:featuredmedia":[{"embeddable":true,"href":"https:\/\/staging.nbg.eu\/fi\/wp-json\/wp\/v2\/media\/76414"}],"wp:attachment":[{"href":"https:\/\/staging.nbg.eu\/fi\/wp-json\/wp\/v2\/media?parent=130604"}],"wp:term":[{"taxonomy":"product_brand","embeddable":true,"href":"https:\/\/staging.nbg.eu\/fi\/wp-json\/wp\/v2\/product_brand?post=130604"},{"taxonomy":"product_cat","embeddable":true,"href":"https:\/\/staging.nbg.eu\/fi\/wp-json\/wp\/v2\/product_cat?post=130604"},{"taxonomy":"product_tag","embeddable":true,"href":"https:\/\/staging.nbg.eu\/fi\/wp-json\/wp\/v2\/product_tag?post=130604"}],"curies":[{"name":"wp","href":"https:\/\/api.w.org\/{rel}","templated":true}]}}