{"id":130172,"date":"2024-01-30T18:12:20","date_gmt":"2025-01-07T13:15:01","guid":{"rendered":"https:\/\/staging.nbg.eu\/product\/area-419-cantilevered-tactical-one-piece-scope-mount\/"},"modified":"2025-01-07T13:17:17","modified_gmt":"2025-01-07T13:17:17","slug":"area-419-ulokkeellinen-tactical-yksiosainen-kiikarikiinnike","status":"publish","type":"product","link":"https:\/\/staging.nbg.eu\/fi\/tuote\/area-419-ulokkeellinen-tactical-yksiosainen-kiikarikiinnike\/","title":{"rendered":"Area 419 ulokkeellinen Tactical yksiosainen kiikarikiinnike"},"content":{"rendered":"<div class=\"product-description\">\n<h2>Area 419 Yksiosaiset kantavat taktisen kiikarit\u00e4ht\u00e4imen kiinnikkeet<\/h2>\n<p>Area 419 yksiosaiset kantavat taktisen kiikarit\u00e4ht\u00e4imen kiinnikkeet on suunniteltu tarkkuusampujille. N\u00e4m\u00e4 kiinnikkeet tarjoavat luotettavan otteen optiikasta.<\/p>\n<h2>Valmistusprosessi<\/h2>\n<ul>\n<li>CNC-koneistettu Amerikassa 7075 alumiinista<\/li>\n<li>Lopullinen poraus sarjoissa t\u00e4ydellisen kohdistuksen varmistamiseksi<\/li>\n<li>Raaka-alumiiniset, tarkkuusporatut kiikarit\u00e4ht\u00e4imen kosketuspinnat<\/li>\n<li>Ei pureta kokonaan porauksen j\u00e4lkeen<\/li>\n<\/ul>\n<h2>Ominaisuudet<\/h2>\n<ul>\n<li>Kevyt rakenne: 227-255 g per kiinnike<\/li>\n<li>Useita lis\u00e4varusteiden kiinnityskohtia<\/li>\n<li>Erilliset kiskon kiinnitysosat<\/li>\n<li>Upotetut kiinnitysjalat mahdollistavat maksimaalisen s\u00e4\u00e4d\u00f6n<\/li>\n<li>Ter\u00e4ksiset ohjaustapit pohjan ja kansien v\u00e4lill\u00e4<\/li>\n<li>Nitrattu ruostumaton ter\u00e4skiinnitys<\/li>\n<li>Patenttihaettu j\u00e4ykk\u00e4 ja toistettava lis\u00e4varusteiden kiinnitys<\/li>\n<\/ul>\n<h2>Tekniset tiedot<\/h2>\n<ul>\n<li>Paino: 680 g<\/li>\n<li>Mitat: 24,1 \u00d7 14,7 \u00d7 7,1 cm<\/li>\n<li>Putken halkaisija vaihtoehdot: 30 mm, 34 mm, 35 mm, 36 mm<\/li>\n<li>Korkeusvaihtoehdot: 34 mm, 39 mm<\/li>\n<li>Kallistusvaihtoehdot: 0 MOA, 20 MOA (5,8 MIL)<\/li>\n<\/ul>\n<p>Valmistusprosessimme on suunniteltu luomaan kiikarit\u00e4ht\u00e4imen kiinnike, joka t\u00e4ytt\u00e4\u00e4 korkeat laatu- ja suorituskykystandardit.<\/p>\n<\/div>\n","protected":false},"excerpt":{"rendered":"<p>Tarkkuussuunniteltu kiikarit\u00e4ht\u00e4imen jalusta: luja, kevyt, tarkasti porattujen renkaiden kanssa \u00e4\u00e4rimm\u00e4ist\u00e4 tarkkuutta varten.<\/p>\n","protected":false},"featured_media":108735,"template":"","meta":{"_acf_changed":false},"product_brand":[11033],"product_cat":[13201],"product_tag":[],"class_list":{"0":"post-130172","1":"product","2":"type-product","3":"status-publish","4":"has-post-thumbnail","6":"product_brand-area-419","7":"product_cat-taehtaeys","9":"first","10":"instock","11":"taxable","12":"shipping-taxable","13":"purchasable","14":"product-type-variable","15":"wvs-archive-product-wrapper"},"acf":[],"_links":{"self":[{"href":"https:\/\/staging.nbg.eu\/fi\/wp-json\/wp\/v2\/product\/130172","targetHints":{"allow":["GET"]}}],"collection":[{"href":"https:\/\/staging.nbg.eu\/fi\/wp-json\/wp\/v2\/product"}],"about":[{"href":"https:\/\/staging.nbg.eu\/fi\/wp-json\/wp\/v2\/types\/product"}],"wp:featuredmedia":[{"embeddable":true,"href":"https:\/\/staging.nbg.eu\/fi\/wp-json\/wp\/v2\/media\/108735"}],"wp:attachment":[{"href":"https:\/\/staging.nbg.eu\/fi\/wp-json\/wp\/v2\/media?parent=130172"}],"wp:term":[{"taxonomy":"product_brand","embeddable":true,"href":"https:\/\/staging.nbg.eu\/fi\/wp-json\/wp\/v2\/product_brand?post=130172"},{"taxonomy":"product_cat","embeddable":true,"href":"https:\/\/staging.nbg.eu\/fi\/wp-json\/wp\/v2\/product_cat?post=130172"},{"taxonomy":"product_tag","embeddable":true,"href":"https:\/\/staging.nbg.eu\/fi\/wp-json\/wp\/v2\/product_tag?post=130172"}],"curies":[{"name":"wp","href":"https:\/\/api.w.org\/{rel}","templated":true}]}}